{"id":1068,"date":"2022-07-29T04:36:47","date_gmt":"2022-07-29T04:36:47","guid":{"rendered":"http:\/\/vphcheck.com\/?post_type=product&#038;p=1068"},"modified":"2024-01-09T01:18:37","modified_gmt":"2024-01-09T01:18:37","slug":"yen-say-kho-yen-sao-le-huynh","status":"publish","type":"product","link":"https:\/\/vphcheck.com\/index.php\/san-pham\/yen-say-kho-yen-sao-le-huynh\/","title":{"rendered":"N\u01af\u1edaC Y\u1ebeN \u0110\u00d3NG H\u0168 \u2013 Y\u1ebfn S\u00e0o L\u00ea Hu\u1ef3nh \u0110\u1ea5t Qu\u1ea3ng"},"content":{"rendered":"<p><center><img decoding=\"async\" class=\" aligncenter\" src=\"https:\/\/img.upanh.tv\/2023\/12\/03\/z4936975722291_7439ea3d63da9bee681488c5bcf6588c.jpg\" width=\"370\" height=\"auto\" \/><br \/><\/center><\/p>\n","protected":false},"excerpt":{"rendered":"<table class=\"w3-table-all\">\n<thead>\n<tr class=\"w3-blue\">\n<th colspan=\"2\">Th\u00f4ng tin s\u1ea3n ph\u1ea9m<\/th>\n<\/tr>\n<\/thead>\n<tbody>\n<tr>\n<td width=\"122\">T\u00ean s\u1ea3n ph\u1ea9m<\/td>\n<td width=\"228\">N\u01af\u1edaC Y\u1ebeN \u0110\u00d3NG H\u0168<\/td>\n<\/tr>\n<tr>\n<td>Th\u00e0nh ph\u1ea7n<\/td>\n<td>N\u01b0\u1edbc, y\u1ebfn s\u00e0o (18%), \u0111\u01b0\u1eddng ph\u00e8n, ch\u1ea5t l\u00e0m r\u1eafn ch\u1eafc (327), ch\u1ea5t t\u1ea1o gel (401, 407, 566, 418), ch\u1ea5t \u1ed5n \u0111\u1ecbnh (415), h\u01b0\u01a1ng li\u1ec7u t\u1ed5ng h\u1ee3p nh\u00e2n t\u1ea1o (h\u01b0\u01a1ng d\u1ee9a)\n<\/td>\n<\/tr>\n<tr>\n<td>S\u1ed1 GP ATTP<\/td>\n<td>10\/2021\/NNPTNT-QNa<\/td>\n<\/tr>\n<tr>\n<td>Ng\u00e0y s\u1ea3n xu\u1ea5t<\/td>\n<td>Xem tr\u00ean bao b\u00ec<\/td>\n<\/tr>\n<tr>\n<td>Th\u1eddi h\u1ea1n s\u1eed d\u1ee5ng<\/td>\n<td>24 th\u00e1ng k\u1ec3 t\u1eeb NSX <\/td>\n<\/tr>\n<tr>\n<td>Th\u1ec3 t\u00edch th\u1ef1c<\/td>\n<td>420ml (6 h\u0169 x 70ml)<\/td>\n<\/tr>\n<tr>\n<td>H\u01b0\u1edbng d\u1eabn s\u1eed d\u1ee5ng<\/td>\n<td>\n<ul>\n \tD\u00f9ng tr\u1ef1c ti\u1ebfp, ngon h\u01a1n khi u\u1ed1ng l\u1ea1nh<\/p>\n<\/ul>\n<\/td>\n<\/tr>\n<tr>\n<td>B\u1ea3o qu\u1ea3n<\/td>\n<td>B\u1ea3o qu\u1ea3n \u1edf n\u01a1i kh\u00f4 r\u00e1o tho\u00e1ng m\u00e1t tr\u00e1nh \u00e1nh n\u1eafng tr\u1ef1c ti\u1ebfp<\/td>\n<\/tr>\n<tr>\n<th class=\"w3-blue\" colspan=\"2\">Th\u00f4ng tin \u0111\u01a1n v\u1ecb \/ nh\u00e0 s\u1ea3n xu\u1ea5t<\/th>\n<\/tr>\n<tr>\n<td>T\u00ean \u0111\u01a1n v\u1ecb:<\/td>\n<td width=\"228\">C\u00d4NG TY TNHH X\u00c2Y D\u1ef0NG TH\u01af\u01a0NG M\u1ea0I PH\u00c1T TRI\u1ec2N L\u00ca HU\u1ef2NH<\/td>\n<\/tr>\n<tr>\n<td>Qu\u1ed1c gia:<\/td>\n<td>Vi\u1ec7t Nam<\/td>\n<\/tr>\n<tr>\n<td>T\u1ec9nh \/th\u00e0nh :<\/td>\n<td>Qu\u1ea3ng Nam<\/td>\n<\/tr>\n<tr>\n<td>\u0110\u1ecba ch\u1ec9 li\u00ean l\u1ea1c:<\/td>\n<td>56\/4 Tr\u1ea7n Ph\u00fa, ph\u01b0\u1eddng H\u00f2a Thu\u1eadn, tp Tam K\u1ef3, T\u1ec9nh Qu\u1ea3ng Nam<\/td>\n<\/tr>\n<tr>\n<td>Email<\/td>\n<td><\/td>\n<\/tr>\n<tr>\n<td>Di \u0111\u1ed9ng:<\/td>\n<td>0905 029 465<\/td>\n<\/tr>\n<tr>\n<td>Website:<\/td>\n<td>http:\/\/yensaolehuynh.com<\/td>\n<\/tr>\n<\/tbody>\n<\/table>\n<p><center><br \/>\n<img decoding=\"async\" class=\" aligncenter\" src=\"https:\/\/img.upanh.tv\/2023\/12\/03\/z4936975730101_79d2ba9cda5e58c5df53445dbae825cb.jpg\" width=\"342\" height=\"auto\" \/><br \/>\n<img decoding=\"async\" class=\" aligncenter\" src=\"https:\/\/img.upanh.tv\/2023\/12\/03\/z4936975732594_6687e0e98f1c0ff13d78041ac416770d.jpg\" width=\"342\" height=\"auto\" \/><br \/>\n<img decoding=\"async\" class=\" aligncenter\" src=\"https:\/\/img.upanh.tv\/2023\/12\/03\/z4936975732984_3714a1c7c4c1b9f702fbc50e63e4b60c.jpg\" width=\"342\" height=\"auto\" \/><br \/>\n<img decoding=\"async\" class=\" aligncenter\" src=\"https:\/\/img.upanh.tv\/2023\/12\/03\/z4938014679886_0ef93bdddb73a00df101ebbe3a1c1239.jpg\" width=\"342\" height=\"auto\" \/><\/p>\n","protected":false},"featured_media":0,"comment_status":"open","ping_status":"closed","template":"","meta":[],"_links":{"self":[{"href":"https:\/\/vphcheck.com\/index.php\/wp-json\/wp\/v2\/product\/1068"}],"collection":[{"href":"https:\/\/vphcheck.com\/index.php\/wp-json\/wp\/v2\/product"}],"about":[{"href":"https:\/\/vphcheck.com\/index.php\/wp-json\/wp\/v2\/types\/product"}],"replies":[{"embeddable":true,"href":"https:\/\/vphcheck.com\/index.php\/wp-json\/wp\/v2\/comments?post=1068"}],"wp:attachment":[{"href":"https:\/\/vphcheck.com\/index.php\/wp-json\/wp\/v2\/media?parent=1068"}],"curies":[{"name":"wp","href":"https:\/\/api.w.org\/{rel}","templated":true}]}}