{"id":1059,"date":"2022-04-16T08:30:26","date_gmt":"2022-04-16T08:30:26","guid":{"rendered":"http:\/\/vphcheck.com\/?post_type=product&#038;p=1059"},"modified":"2025-04-26T01:21:55","modified_gmt":"2025-04-26T01:21:55","slug":"ho-kinh-doanh-hong-van-nuoc-cot-chanh","status":"publish","type":"product","link":"https:\/\/vphcheck.com\/index.php\/san-pham\/ho-kinh-doanh-hong-van-nuoc-cot-chanh\/","title":{"rendered":"H\u1ed8 KINH DOANH H\u1ed2NG V\u00c2N &#8211; N\u01af\u1edaC C\u1ed0T CHANH"},"content":{"rendered":"<p><center><img loading=\"lazy\" decoding=\"async\" class=\"\" src=\"https:\/\/img.upanh.tv\/2022\/04\/06\/10.png\" alt=\"10.png\" width=\"321\" height=\"321\" border=\"0\" \/><br \/>\n<img loading=\"lazy\" decoding=\"async\" class=\"\" src=\"https:\/\/benh.vn\/wp-content\/uploads\/2018\/04\/nuoc-cot-chanh.jpg\" alt=\"11.png\" width=\"319\" height=\"319\" border=\"0\" \/><\/center><\/p>\n<ul>\n<li><strong>Th\u00e0nh ph\u1ea7n:<\/strong> N\u01b0\u1edbc c\u1ed1t chanh, mu\u1ed1i, \u0111\u01b0\u1eddng<\/li>\n<li><strong>C\u00f4ng d\u1ee5ng:<\/strong> Gi\u1ea3i nhi\u1ec7t, ch\u1eefa vi\u00eam h\u1ecdng, h\u1ea1 s\u1ed1t, ch\u1ed1ng t\u00e1o b\u00f3n, thanh l\u1ecdc c\u01a1 th\u1ec3 v\u00e0 l\u00e0m \u0111\u1eb9p da,&#8230;<\/li>\n<li><strong>H\u01b0\u1edbng d\u1eabn s\u1eed d\u1ee5ng:<\/strong> Cho 3-4 mu\u1ed7ng n\u01b0\u1edbc c\u1ed1t chanh, m\u1ed9t \u00edt n\u01b0\u1edbc l\u1ecdc s\u1ebd c\u00f3 ly n\u01b0\u1edbc t\u1eafc th\u01a1m ngon<\/li>\n<li><strong>L\u01b0u \u00fd:<\/strong> M\u00f9a \u0111\u00f4ng u\u1ed1ng v\u1edbi n\u01b0\u1edbc \u1ea5m, l\u1eafc \u0111\u1ec1u tr\u01b0\u1edbc khi d\u00f9ng<\/li>\n<li><strong>HSD:<\/strong> 03 th\u00e1ng k\u1ec3 t\u1eeb NSX<\/li>\n<li><strong>S\u1ea3n xu\u1ea5t t\u1ea1i:<\/strong> H\u1ed9 Kinh doanh D\u1ea7u g\u1ed9i b\u01b0\u1edfi H\u1ed3ng V\u00e2n<\/li>\n<li><strong>\u0110\u1ecba ch\u1ec9:<\/strong> Th\u00f4n Ph\u00fa Qu\u00fd, x\u00e3 \u0110\u1ea1i Hi\u1ec7p, huy\u1ec7n \u0110\u1ea1i L\u1ed9c, t\u1ec9nh Qu\u1ea3ng Nam.<\/li>\n<li><strong>\u0110i\u1ec7n tho\u1ea1i:<\/strong> 0779147037<\/li>\n<\/ul>\n","protected":false},"excerpt":{"rendered":"<p>Th\u00e0nh ph\u1ea7n: N\u01b0\u1edbc c\u1ed1t chanh, mu\u1ed1i, \u0111\u01b0\u1eddng C\u00f4ng d\u1ee5ng: Gi\u1ea3i nhi\u1ec7t, ch\u1eefa vi\u00eam h\u1ecdng, h\u1ea1 s\u1ed1t, ch\u1ed1ng t\u00e1o b\u00f3n, thanh l\u1ecdc c\u01a1 th\u1ec3 v\u00e0 l\u00e0m \u0111\u1eb9p da,&#8230; H\u01b0\u1edbng d\u1eabn s\u1eed d\u1ee5ng: Cho 3-4 mu\u1ed7ng n\u01b0\u1edbc c\u1ed1t chanh, m\u1ed9t \u00edt n\u01b0\u1edbc l\u1ecdc s\u1ebd c\u00f3 ly n\u01b0\u1edbc t\u1eafc th\u01a1m ngon L\u01b0u \u00fd: M\u00f9a \u0111\u00f4ng u\u1ed1ng v\u1edbi n\u01b0\u1edbc [&hellip;]<\/p>\n","protected":false},"featured_media":597,"comment_status":"open","ping_status":"closed","template":"","meta":[],"_links":{"self":[{"href":"https:\/\/vphcheck.com\/index.php\/wp-json\/wp\/v2\/product\/1059"}],"collection":[{"href":"https:\/\/vphcheck.com\/index.php\/wp-json\/wp\/v2\/product"}],"about":[{"href":"https:\/\/vphcheck.com\/index.php\/wp-json\/wp\/v2\/types\/product"}],"replies":[{"embeddable":true,"href":"https:\/\/vphcheck.com\/index.php\/wp-json\/wp\/v2\/comments?post=1059"}],"wp:featuredmedia":[{"embeddable":true,"href":"https:\/\/vphcheck.com\/index.php\/wp-json\/wp\/v2\/media\/597"}],"wp:attachment":[{"href":"https:\/\/vphcheck.com\/index.php\/wp-json\/wp\/v2\/media?parent=1059"}],"curies":[{"name":"wp","href":"https:\/\/api.w.org\/{rel}","templated":true}]}}