{"id":1030,"date":"2021-10-23T06:15:25","date_gmt":"2021-10-23T06:15:25","guid":{"rendered":"http:\/\/vphcheck.com\/?post_type=product&#038;p=1030"},"modified":"2025-04-26T01:22:14","modified_gmt":"2025-04-26T01:22:14","slug":"bot-nam-moc-nhi-hoang-hai","status":"publish","type":"product","link":"https:\/\/vphcheck.com\/index.php\/san-pham\/bot-nam-moc-nhi-hoang-hai\/","title":{"rendered":"R\u01af\u1ee2U \u0110\u00d4NG TR\u00d9NG H\u1ea0 TH\u1ea2O BASIL"},"content":{"rendered":"<p style=\"text-align: center;\"><img loading=\"lazy\" decoding=\"async\" class=\"aligncenter \" src=\"https:\/\/img.upanh.tv\/2023\/12\/01\/z4885997530744_8034a45b0bc6f08384d70e96293f0d92.jpg\" width=\"364\" height=\"415\" \/><\/p>\n<table class=\"w3-table-all\">\n<thead>\n<tr class=\"w3-blue\">\n<th colspan=\"2\">Th\u00f4ng tin s\u1ea3n ph\u1ea9m<\/th>\n<\/tr>\n<\/thead>\n<tbody>\n<tr>\n<td width=\"122\">T\u00ean s\u1ea3n ph\u1ea9m<\/td>\n<td width=\"228\">R\u01af\u1ee2U \u0110\u00d4NG TR\u00d9NG H\u1ea0 TH\u1ea2O BASIL<\/td>\n<\/tr>\n<tr>\n<td width=\"122\">Th\u00e0nh ph\u1ea7n<\/td>\n<td width=\"228\">R\u01b0\u1ee3u g\u1ea1o th\u00f4ng qua m\u00e1y l\u1ecdc c\u1eb7n, c\u00e1c ch\u1ea5t \u0111\u1ed9c h\u1ea1i nh\u01b0 Methanol ANdehit v\u00e0 \u0111\u01b0\u1ee3c ng\u00e2m v\u1edbi n\u1ea5m \u0110\u00f4ng Tr\u00f9ng h\u1ea1 th\u1ea3o, Tam Th\u1ea5t, Cam Th\u1ea3o, T\u00e1o \u0110\u1ecf,&#8230; b\u1eb1ng ph\u01b0\u01a1ng ph\u00e1p th\u1ee7 c\u00f4ng \u1ee7 chum s\u00e0nh kh\u00f4ng tr\u00e1ng men h\u1ea1 th\u1ed5 01 n\u0103m<\/td>\n<\/tr>\n<tr>\n<td>S\u1ed1 gi\u1ea5y ph\u00e9p:<\/td>\n<td><strong>11\/GP-KT&#038;HT<\/strong><\/td>\n<\/tr>\n<tr>\n<td>Ng\u00e0y \u0111\u00f3ng chai:<\/td>\n<td>Xem tr\u00ean bao b\u00ec<\/td>\n<\/tr>\n<tr>\n<td>Th\u1eddi h\u1ea1n s\u1eed d\u1ee5ng<\/td>\n<td>Kh\u00f4ng th\u1eddi h\u1ea1n<\/td>\n<\/tr>\n<tr>\n<td>Th\u1ec3 t\u00edch th\u1ef1c<\/td>\n<td>350ml<\/td>\n<\/tr>\n<tr>\n<th class=\"w3-blue\" colspan=\"2\">Th\u00f4ng tin \u0111\u01a1n v\u1ecb \/ nh\u00e0 s\u1ea3n xu\u1ea5t<\/th>\n<\/tr>\n<tr>\n<td>T\u00ean \u0111\u01a1n v\u1ecb:<\/td>\n<td width=\"228\"><strong>H\u1ee2P T\u00c1C X\u00c3 N\u00d4NG NGHI\u1ec6P HO\u00c0NG H\u1ea2I TAM QUANG<\/strong><\/td>\n<\/tr>\n<tr>\n<td>Qu\u1ed1c gia:<\/td>\n<td>Vi\u1ec7t Nam<\/td>\n<\/tr>\n<tr>\n<td>T\u1ec9nh \/th\u00e0nh :<\/td>\n<td>Qu\u1ea3ng Nam<\/td>\n<\/tr>\n<tr>\n<td>\u0110\u1ecba ch\u1ec9 li\u00ean l\u1ea1c:<\/td>\n<td>Th\u00f4n Thanh Long, x\u00e3 Tam Quang, huy\u1ec7n N\u00fai Th\u00e0nh, T\u1ec9nh Qu\u1ea3ng Nam<\/td>\n<\/tr>\n<tr>\n<td>Email<\/td>\n<td>vunt.hoanghai@gmail.com<\/td>\n<\/tr>\n<tr>\n<td>Di \u0111\u1ed9ng:<\/td>\n<td><strong>0915100233<\/strong><\/td>\n<\/tr>\n<tr>\n<td>Website:<\/td>\n<td>htxhoanghai.com<\/td>\n<\/tr>\n<\/tbody>\n<\/table>\n<p>&nbsp;<\/p>\n<p style=\"text-align: center;\"><img loading=\"lazy\" decoding=\"async\" class=\"aligncenter \" src=\"https:\/\/img.upanh.tv\/2023\/12\/29\/z4885997530744_8034a45b0bc6f08384d70e96293f0d92.jpg\" width=\"364\" height=\"415\" \/><\/p>\n<p style=\"text-align: center;\"><img loading=\"lazy\" decoding=\"async\" class=\"aligncenter \" src=\"https:\/\/img.upanh.tv\/2023\/12\/29\/z4885998297172_d00559b20aa6901f4e1d20ef95f7cd6e.jpg\" width=\"364\" height=\"415\" \/><\/p>\n<p style=\"text-align: center;\"><img loading=\"lazy\" decoding=\"async\" class=\"aligncenter \" src=\"https:\/\/img.upanh.tv\/2023\/12\/29\/z4885998825772_8e7142aa1d98db221377b1bf51a7b0bd.jpg\" width=\"364\" height=\"415\" \/><\/p>\n<p style=\"text-align: center;\"><img loading=\"lazy\" decoding=\"async\" class=\"aligncenter \" src=\"https:\/\/img.upanh.tv\/2023\/12\/29\/z4886002431245_846b9556999548aa7f838fa5ea3806de.jpg\" width=\"364\" height=\"415\" \/><\/p>\n","protected":false},"excerpt":{"rendered":"<p>Th\u00f4ng tin s\u1ea3n ph\u1ea9m T\u00ean s\u1ea3n ph\u1ea9m R\u01af\u1ee2U \u0110\u00d4NG TR\u00d9NG H\u1ea0 TH\u1ea2O BASIL Th\u00e0nh ph\u1ea7n R\u01b0\u1ee3u g\u1ea1o th\u00f4ng qua m\u00e1y l\u1ecdc c\u1eb7n, c\u00e1c ch\u1ea5t \u0111\u1ed9c h\u1ea1i nh\u01b0 Methanol ANdehit v\u00e0 \u0111\u01b0\u1ee3c ng\u00e2m v\u1edbi n\u1ea5m \u0110\u00f4ng Tr\u00f9ng h\u1ea1 th\u1ea3o, Tam Th\u1ea5t, Cam Th\u1ea3o, T\u00e1o \u0110\u1ecf,&#8230; b\u1eb1ng ph\u01b0\u01a1ng ph\u00e1p th\u1ee7 c\u00f4ng \u1ee7 chum s\u00e0nh kh\u00f4ng tr\u00e1ng men [&hellip;]<\/p>\n","protected":false},"featured_media":794,"comment_status":"open","ping_status":"closed","template":"","meta":[],"_links":{"self":[{"href":"https:\/\/vphcheck.com\/index.php\/wp-json\/wp\/v2\/product\/1030"}],"collection":[{"href":"https:\/\/vphcheck.com\/index.php\/wp-json\/wp\/v2\/product"}],"about":[{"href":"https:\/\/vphcheck.com\/index.php\/wp-json\/wp\/v2\/types\/product"}],"replies":[{"embeddable":true,"href":"https:\/\/vphcheck.com\/index.php\/wp-json\/wp\/v2\/comments?post=1030"}],"wp:featuredmedia":[{"embeddable":true,"href":"https:\/\/vphcheck.com\/index.php\/wp-json\/wp\/v2\/media\/794"}],"wp:attachment":[{"href":"https:\/\/vphcheck.com\/index.php\/wp-json\/wp\/v2\/media?parent=1030"}],"curies":[{"name":"wp","href":"https:\/\/api.w.org\/{rel}","templated":true}]}}