{"id":823,"date":"2020-09-11T11:38:43","date_gmt":"2020-09-11T11:38:43","guid":{"rendered":"http:\/\/vphcheck.com\/?post_type=product&#038;p=823"},"modified":"2022-01-03T12:52:54","modified_gmt":"2022-01-03T12:52:54","slug":"dau-goi-buoi-hong-van","status":"publish","type":"product","link":"http:\/\/vphcheck.com\/index.php\/san-pham\/dau-goi-buoi-hong-van\/","title":{"rendered":"D\u1ea7u g\u1ed9i B\u01b0\u1edfi H\u1ed3ng V\u00e2n"},"content":{"rendered":"<p style=\"text-align: center;\"><strong>D\u1ea7u g\u1ed9i B\u01b0\u1edfi H\u1ed3ng V\u00e2n<\/strong><\/p>\n<ul>\n<li>Th\u00e0nh ph\u1ea7n: V\u1ecf b\u01b0\u1edfi, hoa b\u01b0\u1edfi, ng\u0169 s\u1eafc, b\u1ed3 h\u00f2n, nha \u0111am, chanh t\u01b0\u01a1i, c\u00f3 m\u1ea7n tr\u1ea7u, b\u1ed3 k\u1ebft, t\u0103ng b\u1ea1ch b\u00ec v\u00e0 m\u1ed9t s\u1ed1 th\u1ea3o d\u01b0\u1ee3c thi\u00ean nhi\u00ean kh\u00e1c.<\/li>\n<li>H\u01b0\u1edbng d\u1eabn s\u1eed d\u1ee5ng:<\/li>\n<\/ul>\n<p>&#8211; Th\u1ea5m \u01b0\u1edbt t\u00f3c, b\u00f4i m\u1ed9t l\u01b0\u1ee3ng s\u1ea3n ph\u1ea9m kho\u1ea3ng 5ml l\u00ean t\u00f3c (t\u01b0\u01a1ng \u0111\u01b0\u01a1ng v\u1edbi 02 l\u1ea7n b\u01a1m).<\/p>\n<p>&#8211; Massage v\u00e0 g\u1ed9i nh\u1eb9 nh\u00e0ng t\u1eeb 3-5 ph\u00fat sau \u0111\u00f3 x\u1ea3 s\u1ea1ch l\u1ea1i b\u1eb1ng n\u01b0\u1edbc<\/p>\n<ul>\n<li>C\u00e1ch b\u1ea3o qu\u1ea3n: N\u01a1i kh\u00f4 r\u00e1o, tho\u00e1ng m\u00e1t. Xu\u1ea5t x\u1ee9:<\/li>\n<li>Vi\u1ec7t Nam S\u1ea3n xu\u1ea5t t\u1ea1i: HKD D\u1ea7u g\u1ed9i b\u01b0\u1edfi H\u1ed3ng V\u00e2n<\/li>\n<li>\u0110\u1ecba ch\u1ec9: Th\u00f4n Ph\u00fa Qu\u00fd, x\u00e3 \u0110\u1ea1i Hi\u1ec7p, huy\u1ec7n \u0110\u1ea1i L\u1ed9c, t\u1ec9nh Qu\u1ea3ng Nam.<\/li>\n<li>\u0110i\u1ec7n tho\u1ea1i: 0779147037<\/li>\n<\/ul>\n","protected":false},"excerpt":{"rendered":"<p>D\u1ea7u g\u1ed9i B\u01b0\u1edfi H\u1ed3ng V\u00e2n Th\u00e0nh ph\u1ea7n: V\u1ecf b\u01b0\u1edfi, hoa b\u01b0\u1edfi, ng\u0169 s\u1eafc, b\u1ed3 h\u00f2n, nha \u0111am, chanh t\u01b0\u01a1i, c\u00f3 m\u1ea7n tr\u1ea7u, b\u1ed3 k\u1ebft, t\u0103ng b\u1ea1ch b\u00ec v\u00e0 m\u1ed9t s\u1ed1 th\u1ea3o d\u01b0\u1ee3c thi\u00ean nhi\u00ean kh\u00e1c. H\u01b0\u1edbng d\u1eabn s\u1eed d\u1ee5ng: &#8211; Th\u1ea5m \u01b0\u1edbt t\u00f3c, b\u00f4i m\u1ed9t l\u01b0\u1ee3ng s\u1ea3n ph\u1ea9m kho\u1ea3ng 5ml l\u00ean t\u00f3c (t\u01b0\u01a1ng \u0111\u01b0\u01a1ng v\u1edbi [&hellip;]<\/p>\n","protected":false},"featured_media":820,"comment_status":"open","ping_status":"closed","template":"","meta":[],"_links":{"self":[{"href":"http:\/\/vphcheck.com\/index.php\/wp-json\/wp\/v2\/product\/823"}],"collection":[{"href":"http:\/\/vphcheck.com\/index.php\/wp-json\/wp\/v2\/product"}],"about":[{"href":"http:\/\/vphcheck.com\/index.php\/wp-json\/wp\/v2\/types\/product"}],"replies":[{"embeddable":true,"href":"http:\/\/vphcheck.com\/index.php\/wp-json\/wp\/v2\/comments?post=823"}],"wp:featuredmedia":[{"embeddable":true,"href":"http:\/\/vphcheck.com\/index.php\/wp-json\/wp\/v2\/media\/820"}],"wp:attachment":[{"href":"http:\/\/vphcheck.com\/index.php\/wp-json\/wp\/v2\/media?parent=823"}],"curies":[{"name":"wp","href":"https:\/\/api.w.org\/{rel}","templated":true}]}}