{"id":805,"date":"2019-11-25T01:56:27","date_gmt":"2019-11-25T01:56:27","guid":{"rendered":"http:\/\/vphcheck.com\/?post_type=product&#038;p=805"},"modified":"2020-09-13T17:49:40","modified_gmt":"2020-09-13T17:49:40","slug":"tram-huong-tien-phuoc","status":"publish","type":"product","link":"http:\/\/vphcheck.com\/index.php\/san-pham\/tram-huong-tien-phuoc\/","title":{"rendered":"Tr\u1ea7m h\u01b0\u01a1ng Ti\u00ean Ph\u01b0\u1edbc"},"content":{"rendered":"","protected":false},"excerpt":{"rendered":"<div class=\"_5aj7 _3-8j\">\n<blockquote>\n<div class=\"_4bl7 _3-90 _a8s\"><img decoding=\"async\" class=\"_1579 img\" src=\"https:\/\/static.xx.fbcdn.net\/rsrc.php\/v3\/yO\/r\/fTt3W6Nw8z-.png\" alt=\"\" \/>\u00a0Gi\u1edbi thi\u1ec7u<\/div>\n<\/blockquote>\n<div class=\"_4bl9\">\n<div class=\"_3-8w\">Chuy\u00ean b\u00e1n c\u00e1c lo\u1ea1i h\u00e0ng tr\u1ea7m, tr\u1ea7m gi\u00f3 nh\u01b0 n\u01b0\u1edbc hoa, nhang, v\u00f2ng nhan, tr\u1ea7m mi\u1ebfn, gi\u00e1c x\u00f4ng, c\u00e2y c\u1ea3nh mini, c\u1ea3nh, h\u00e0ng t\u1ed1c, h\u00e0ng m\u0129 ngh\u1ec7, v\u00f2ng tay&#8230;<\/div>\n<\/div>\n<div class=\"_4bl7 _3-99\"><img decoding=\"async\" class=\"_1579 img\" src=\"https:\/\/static.xx.fbcdn.net\/rsrc.php\/v3\/yO\/r\/fTt3W6Nw8z-.png\" alt=\"\" \/>\u00a0UY T\u00cdN &#8211; CH\u1ea4T L\u01af\u1ee2NG &#8211; H\u00c0I L\u00d2NG<\/div>\n<\/div>\n<div class=\"_5aj7 _3-8j\">\n<div class=\"_4bl9\">\n<div class=\"_3-8w\">\n<div id=\"id_5dbda42a789da0859986861\" class=\"text_exposed_root text_exposed\">Chuy\u00ean b\u00e1n c\u00e1c lo\u1ea1i h\u00e0ng tr\u1ea7m, tr\u1ea7m gi\u00f3 nh\u01b0 n\u01b0\u1edbc hoa, nhang, v\u00f2ng nhan, tr\u1ea7m mi\u1ebfn, gi\u00e1c x\u00f4ng, c\u00e2y c\u1ea3nh mini, c\u1ea3nh, h\u00e0ng t\u1ed1c, h\u00e0ng<span class=\"text_exposed_show\">\u00a0m\u0129 ngh\u1ec7, v\u00f2ng tay&#8230;<br \/>\nT\u00e1c d\u1ee5ng: V\u1ec1 t\u00e2m linh:<br \/>\nT\u1ea1o n\u00ean h\u01b0\u01a1ng tr\u1ea7m d\u1ecbu nh\u1eb9 \u0110\u1ea9y l\u00f9i c\u00e1c kh\u00ed \u00e2m, t\u1ea1p kh\u00ed.<br \/>\nGi\u00fap thu h\u00fat n\u0103ng l\u01b0\u1ee3ng d\u01b0\u01a1ng v\u00e0o nh\u00e0 b\u1ea1n.<br \/>\nT\u1ea1o \u0111i\u1ec1u ki\u1ec7n cho t\u00e0i kh\u00ed, v\u1eadn kh\u00ed c\u00f3 th\u1ec3 b\u01b0\u1edbc ch\u00e2n \u0111\u1ebfn gia \u0111\u00ecnh b\u1ea1n.<br \/>\nL\u00e0 c\u00e1nh c\u1eeda th\u00f4ng linh, gi\u00fap con ng\u01b0\u1eddi d\u1ec5 \u0111\u1ea1t tr\u1ea1ng th\u00e1i c\u00e2n b\u1eb1ng trong t\u1ee5 t\u1eadp, h\u00e0nh thi\u1ec1n, yoga\u2026<br \/>\nV\u1ec1 m\u00f4i tr\u01b0\u1eddng:<br \/>\nThanh l\u1ecdc m\u00f4i tr\u01b0\u1eddng, gi\u00fap xua tan c\u00e1c m\u00f9i kh\u00f3 ch\u1ecbu s\u1eb5n c\u00f3.<br \/>\nL\u01b0u gi\u1eef h\u01b0\u01a1ng th\u01a1m d\u1ecbu nh\u1eb9 trong kh\u00f4ng gian xung quanh.<br \/>\nV\u1ec1 s\u1ee9c kh\u1ecfe:<br \/>\nGi\u00fap d\u1ecbu nh\u1eb9 s\u1ef1 c\u0103ng th\u1eb3ng th\u1ea7n kinh.<br \/>\nK\u00edch th\u00edch t\u01b0 duy si\u00eau h\u00ecnh, kh\u1ea3 n\u0103ng s\u00e1ng t\u1ea1o.<br \/>\nXoa b\u00f3p, \u0111\u1eb7c bi\u1ec7t hi\u1ec7u qu\u1ea3 v\u1edbi c\u00e1c tr\u01b0\u1eddng h\u1ee3p \u0111au nh\u1ee9c c\u01a1, d\u00e2y th\u1ea7n kinh.<br \/>\n\u0110\u1ec3 trong xe \u00f4 t\u00f4, gi\u00fap l\u00e0m s\u1ea1ch kh\u00f4ng kh\u00ed trong xe<\/span><\/div>\n<\/div>\n<\/div>\n<div class=\"_4bl7 _3-99\"><\/div>\n<\/div>\n<div class=\"_5aj7 _3-8j\">\n<div class=\"_4bl7 _3-90 _a8s\"><img decoding=\"async\" class=\"_1579 img\" src=\"https:\/\/static.xx.fbcdn.net\/rsrc.php\/v3\/yO\/r\/fTt3W6Nw8z-.png\" alt=\"\" \/>\u00a0Th\u00f4ng tin chung<\/div>\n<div class=\"_4bl9\">\n<div class=\"_3-8w\">Bu\u00f4n b\u00e1n hang m\u1ef9 ngh\u1ec7, h\u00e0ng h\u01b0\u01a1ng n\u1ee5 nhang tr\u1ea7m, bu\u00f4n b\u00e1n n\u00f4ng l\u00e2m th\u1ed5 s\u1ea3n Ti\u00ean Ph\u01b0\u1edbc<\/div>\n<\/div>\n<\/div>\n","protected":false},"featured_media":782,"comment_status":"open","ping_status":"closed","template":"","meta":[],"_links":{"self":[{"href":"http:\/\/vphcheck.com\/index.php\/wp-json\/wp\/v2\/product\/805"}],"collection":[{"href":"http:\/\/vphcheck.com\/index.php\/wp-json\/wp\/v2\/product"}],"about":[{"href":"http:\/\/vphcheck.com\/index.php\/wp-json\/wp\/v2\/types\/product"}],"replies":[{"embeddable":true,"href":"http:\/\/vphcheck.com\/index.php\/wp-json\/wp\/v2\/comments?post=805"}],"wp:featuredmedia":[{"embeddable":true,"href":"http:\/\/vphcheck.com\/index.php\/wp-json\/wp\/v2\/media\/782"}],"wp:attachment":[{"href":"http:\/\/vphcheck.com\/index.php\/wp-json\/wp\/v2\/media?parent=805"}],"curies":[{"name":"wp","href":"https:\/\/api.w.org\/{rel}","templated":true}]}}