{"id":781,"date":"2019-11-02T15:42:13","date_gmt":"2019-11-02T15:42:13","guid":{"rendered":"http:\/\/vphcheck.com\/?post_type=product&#038;p=781"},"modified":"2020-09-13T17:49:41","modified_gmt":"2020-09-13T17:49:41","slug":"hop-tac-xa-dich-vu-nong-nghiep-kinh-doanh-tong-hop-nhat-lin","status":"publish","type":"product","link":"http:\/\/vphcheck.com\/index.php\/san-pham\/hop-tac-xa-dich-vu-nong-nghiep-kinh-doanh-tong-hop-nhat-lin\/","title":{"rendered":"H\u1ee3p T\u00e1c X\u00e3 D\u1ecbch V\u1ee5 N\u00f4ng Nghi\u1ec7p Kinh Doanh T\u1ed5ng H\u1ee3p Nh\u1eadt Lin"},"content":{"rendered":"<h2>Th\u00f4ng tin chung<\/h2>\n<table class=\"table last-left\">\n<tbody>\n<tr>\n<th class=\"w128\">T\u00ean c\u00f4ng ty:<\/th>\n<td>H\u1ee3p T\u00e1c X\u00e3 D\u1ecbch V\u1ee5 N\u00f4ng Nghi\u1ec7p Kinh Doanh T\u1ed5ng H\u1ee3p Nh\u1eadt Linh<\/td>\n<\/tr>\n<tr>\n<th>Gi\u00e1m \u0111\u1ed1c:<\/th>\n<td>Nguy\u1ec5n V\u0103n Nh\u1eadt<\/td>\n<\/tr>\n<tr>\n<th>Ch\u1ee7 s\u1edf h\u1eefu:<\/th>\n<td>Nguy\u1ec5n V\u0103n Nh\u1eadt<\/td>\n<\/tr>\n<tr>\n<th>M\u00e3 s\u1ed1 thu\u1ebf:<\/th>\n<td>4000945182<\/td>\n<\/tr>\n<\/tbody>\n<\/table>\n<h2>\u0110\u1ecba ch\u1ec9 th\u00f4ng tin li\u00ean h\u1ec7<\/h2>\n<table class=\"table last-left\">\n<tbody>\n<tr>\n<th>\u0110\u1ecba Ch\u1ec9:<\/th>\n<td>Th\u00f4n 7A, X\u00e3 Ti\u00ean C\u1ea3nh, Huy\u1ec7n Ti\u00ean Ph\u01b0\u1edbc, T\u1ec9nh Qu\u1ea3ng Nam<\/td>\n<\/tr>\n<\/tbody>\n<\/table>\n","protected":false},"excerpt":{"rendered":"<p>Th\u00f4ng tin chung T\u00ean c\u00f4ng ty: H\u1ee3p T\u00e1c X\u00e3 D\u1ecbch V\u1ee5 N\u00f4ng Nghi\u1ec7p Kinh Doanh T\u1ed5ng H\u1ee3p Nh\u1eadt Linh Gi\u00e1m \u0111\u1ed1c: Nguy\u1ec5n V\u0103n Nh\u1eadt Ch\u1ee7 s\u1edf h\u1eefu: Nguy\u1ec5n V\u0103n Nh\u1eadt M\u00e3 s\u1ed1 thu\u1ebf: 4000945182 \u0110\u1ecba ch\u1ec9 th\u00f4ng tin li\u00ean h\u1ec7 \u0110\u1ecba Ch\u1ec9: Th\u00f4n 7A, X\u00e3 Ti\u00ean C\u1ea3nh, Huy\u1ec7n Ti\u00ean Ph\u01b0\u1edbc, T\u1ec9nh Qu\u1ea3ng Nam<\/p>\n","protected":false},"featured_media":782,"comment_status":"open","ping_status":"closed","template":"","meta":[],"_links":{"self":[{"href":"http:\/\/vphcheck.com\/index.php\/wp-json\/wp\/v2\/product\/781"}],"collection":[{"href":"http:\/\/vphcheck.com\/index.php\/wp-json\/wp\/v2\/product"}],"about":[{"href":"http:\/\/vphcheck.com\/index.php\/wp-json\/wp\/v2\/types\/product"}],"replies":[{"embeddable":true,"href":"http:\/\/vphcheck.com\/index.php\/wp-json\/wp\/v2\/comments?post=781"}],"wp:featuredmedia":[{"embeddable":true,"href":"http:\/\/vphcheck.com\/index.php\/wp-json\/wp\/v2\/media\/782"}],"wp:attachment":[{"href":"http:\/\/vphcheck.com\/index.php\/wp-json\/wp\/v2\/media?parent=781"}],"curies":[{"name":"wp","href":"https:\/\/api.w.org\/{rel}","templated":true}]}}