{"id":759,"date":"2019-09-23T01:03:11","date_gmt":"2019-09-23T01:03:11","guid":{"rendered":"http:\/\/vphcheck.com\/?post_type=product&#038;p=759"},"modified":"2020-09-13T17:49:41","modified_gmt":"2020-09-13T17:49:41","slug":"pho-kho-huong-hue","status":"publish","type":"product","link":"http:\/\/vphcheck.com\/index.php\/san-pham\/pho-kho-huong-hue\/","title":{"rendered":"B\u00e1nh tr\u00e1ng cu\u1ed1n H\u01b0\u01a1ng Hu\u1ec7"},"content":{"rendered":"<p style=\"text-align: center;\"><img loading=\"lazy\" decoding=\"async\" class=\"alignnone  wp-image-799\" src=\"http:\/\/vphcheck.com\/wp-content\/uploads\/2019\/09\/hh.jpg\" alt=\"\" width=\"365\" height=\"355\" srcset=\"http:\/\/vphcheck.com\/wp-content\/uploads\/2019\/09\/hh.jpg 780w, http:\/\/vphcheck.com\/wp-content\/uploads\/2019\/09\/hh-300x291.jpg 300w, http:\/\/vphcheck.com\/wp-content\/uploads\/2019\/09\/hh-768x745.jpg 768w\" sizes=\"(max-width: 365px) 100vw, 365px\" \/><\/p>\n","protected":false},"excerpt":{"rendered":"<table class=\"w3-table-all\">\n<thead>\n<tr class=\"w3-blue\">\n<th colspan=\"2\">Th\u00f4ng tin s\u1ea3n ph\u1ea9m<\/th>\n<\/tr>\n<\/thead>\n<tbody>\n<tr>\n<td width=\"122\">T\u00ean s\u1ea3n ph\u1ea9m<\/td>\n<td width=\"228\">B\u00e1nh tr\u00e1ng cu\u1ed1n H\u01b0\u01a1ng Hu\u1ec7<\/td>\n<\/tr>\n<tr>\n<td>Th\u00e0nh ph\u1ea7n<\/td>\n<td>\n<ul>\n<li>H\u1ea1t g\u1ea1o 100% nguy\u00ean ch\u1ea5t<\/li>\n<li>Kh\u00f4ng ch\u1ea5t ph\u1ee5 gia<\/li>\n<li>Kh\u00f4ng ch\u1ea5t b\u1ea3o qu\u1ea3n<\/li>\n<\/ul>\n<\/td>\n<\/tr>\n<tr>\n<td>Gi\u1ea5y \u0110KKD<\/td>\n<td>33H8001748<\/td>\n<\/tr>\n<tr>\n<td>Ng\u00e0y s\u1ea3n xu\u1ea5t<\/td>\n<td>Xem tr\u00ean bao b\u00ec<\/td>\n<\/tr>\n<tr>\n<td>Th\u1eddi h\u1ea1n s\u1eed d\u1ee5ng<\/td>\n<td>01 th\u00e1ng k\u1ec3 t\u1eeb NSX<\/td>\n<\/tr>\n<tr>\n<td>Tr\u1ecdng l\u01b0\u1ee3ng<\/td>\n<td>200gr<\/td>\n<\/tr>\n<tr>\n<td>H\u01b0\u1edbng d\u1eabn s\u1eed d\u1ee5ng<\/td>\n<td>B\u00e1nh m\u1ec1m kh\u00f4ng nh\u00fang n\u01b0\u1edbc d\u00f9ng \u0111\u1ec3 g\u1ecfi ch\u1ea3 gi\u00f2, cu\u1ed1n ram th\u1ecbt, c\u00e1 t\u00f9y th\u00edch. N\u1ebfu b\u00e1nh b\u1ecb kh\u00f4 l\u1ea5y kh\u0103n \u1ea9m lau qua 1 ph\u00fat<\/td>\n<\/tr>\n<tr>\n<td>B\u1ea3o qu\u1ea3n<\/td>\n<td>B\u1ea3o qu\u1ea3n n\u01a1i kh\u00f4 r\u00e1o, tho\u00e1ng m\u00e1t, tr\u00e1nh \u00e1nh n\u1eafng tr\u1ef1c ti\u1ebfp.<\/td>\n<\/tr>\n<tr>\n<th class=\"w3-blue\" colspan=\"2\">Th\u00f4ng tin \u0111\u01a1n v\u1ecb \/ nh\u00e0 s\u1ea3n xu\u1ea5t<\/th>\n<\/tr>\n<tr>\n<td>T\u00ean \u0111\u01a1n v\u1ecb:<\/td>\n<td width=\"228\">C\u01a1 s\u1edf s\u1ea3n xu\u1ea5t B\u00e1nh g\u1ea1o nguy\u00ean ch\u1ea5t H\u01b0\u01a1ng Hu\u1ec7<\/td>\n<\/tr>\n<tr>\n<td>Qu\u1ed1c gia:<\/td>\n<td>Vi\u1ec7t Nam<\/td>\n<\/tr>\n<tr>\n<td>T\u1ec9nh \/th\u00e0nh :<\/td>\n<td>Qu\u1ea3ng Nam<\/td>\n<\/tr>\n<tr>\n<td>\u0110\u1ecba ch\u1ec9 li\u00ean l\u1ea1c:<\/td>\n<td>T\u1ed5 9 Vinh \u0110\u00f4ng &#8211; B\u00ecnh Tr\u1ecb &#8211; Th\u0103ng B\u00ecnh &#8211; Qu\u1ea3ng Nam<\/td>\n<\/tr>\n<tr>\n<td>Email<\/td>\n<td>phohuonghue@gmail.com<\/td>\n<\/tr>\n<tr>\n<td>Di \u0111\u1ed9ng:<\/td>\n<td>0976103083<\/td>\n<\/tr>\n<tr>\n<td>Website:<\/td>\n<td>http:\/\/phokhohuonghue.com.vn<\/td>\n<\/tr>\n<\/tbody>\n<\/table>\n<p style=\"text-align: center;\"><img loading=\"lazy\" decoding=\"async\" class=\"alignnone wp-image-770\" src=\"http:\/\/vphcheck.com\/wp-content\/uploads\/2019\/09\/hh2-1024x768.jpg\" alt=\"\" width=\"362\" height=\"271\" \/><\/p>\n","protected":false},"featured_media":0,"comment_status":"open","ping_status":"closed","template":"","meta":[],"_links":{"self":[{"href":"http:\/\/vphcheck.com\/index.php\/wp-json\/wp\/v2\/product\/759"}],"collection":[{"href":"http:\/\/vphcheck.com\/index.php\/wp-json\/wp\/v2\/product"}],"about":[{"href":"http:\/\/vphcheck.com\/index.php\/wp-json\/wp\/v2\/types\/product"}],"replies":[{"embeddable":true,"href":"http:\/\/vphcheck.com\/index.php\/wp-json\/wp\/v2\/comments?post=759"}],"wp:attachment":[{"href":"http:\/\/vphcheck.com\/index.php\/wp-json\/wp\/v2\/media?parent=759"}],"curies":[{"name":"wp","href":"https:\/\/api.w.org\/{rel}","templated":true}]}}