{"id":742,"date":"2019-09-03T16:14:52","date_gmt":"2019-09-03T16:14:52","guid":{"rendered":"http:\/\/vphcheck.com\/?post_type=product&#038;p=742"},"modified":"2022-01-04T11:39:17","modified_gmt":"2022-01-04T11:39:17","slug":"ruou-lua-ray-thai-hoa-bac-tra-my-ocop","status":"publish","type":"product","link":"http:\/\/vphcheck.com\/index.php\/san-pham\/ruou-lua-ray-thai-hoa-bac-tra-my-ocop\/","title":{"rendered":"R\u01b0\u1ee3u L\u00faa r\u1eaby Th\u00e1i H\u00f2a B\u1eafc Tr\u00e0 My &#8211; OCOP"},"content":{"rendered":"<p style=\"text-align: center;\"><img loading=\"lazy\" decoding=\"async\" class=\"alignnone wp-image-603\" src=\"http:\/\/vphcheck.com\/wp-content\/uploads\/2018\/10\/occ-e1567527083351.jpg\" alt=\"\" width=\"360\" height=\"188\" srcset=\"http:\/\/vphcheck.com\/wp-content\/uploads\/2018\/10\/occ-e1567527083351.jpg 588w, http:\/\/vphcheck.com\/wp-content\/uploads\/2018\/10\/occ-e1567527083351-300x157.jpg 300w\" sizes=\"(max-width: 360px) 100vw, 360px\" \/><\/p>\n<p style=\"text-align: center;\">S\u1ea3n ph\u1ea9m \u0111\u1ea1t <span style=\"color: red;\"><b>***<\/b><\/span> theo Quy\u1ebft \u0111\u1ecbnh s\u1ed1 365\/Q\u0110-UBND ng\u00e0y 31\/01\/2019 c\u1ee7a UBND t\u1ec9nh Qu\u1ea3ng Nam<\/p>\n","protected":false},"excerpt":{"rendered":"<table class=\"w3-table-all\">\n<thead>\n<tr class=\"w3-blue\">\n<th colspan=\"2\">Th\u00f4ng tin s\u1ea3n ph\u1ea9m<\/th>\n<\/tr>\n<\/thead>\n<tbody>\n<tr>\n<td width=\"122\">T\u00ean s\u1ea3n ph\u1ea9m<\/td>\n<td width=\"228\">R\u01b0\u1ee3u l\u00faa r\u1eaby B\u1eafc Tr\u00e0 My<\/td>\n<\/tr>\n<tr>\n<td>Th\u00e0nh ph\u1ea7n<\/td>\n<td>G\u1ea1o l\u00faa r\u1eaby, men r\u01b0\u1ee3u, n\u01b0\u1edbc<\/td>\n<\/tr>\n<tr>\n<td>\u0110\u1ea1t ti\u00eau chu\u1ea9n CBCL<\/td>\n<td>163\/2016\/YTQNa-TNCB<\/td>\n<\/tr>\n<tr>\n<td>Ng\u00e0y s\u1ea3n xu\u1ea5t<\/td>\n<td>Xem tr\u00ean th\u00e2n chai<\/td>\n<\/tr>\n<tr>\n<td>Th\u1eddi h\u1ea1n s\u1eed d\u1ee5ng<\/td>\n<td>Kh\u00f4ng th\u1eddi h\u1ea1n<\/td>\n<\/tr>\n<tr>\n<td>Tr\u1ecdng l\u01b0\u1ee3ng<\/td>\n<td>1.5 l\u00edt<\/td>\n<\/tr>\n<tr>\n<td>H\u00e0m l\u01b0\u1ee3ng Etanol<\/td>\n<td>29%Vol<\/td>\n<\/tr>\n<tr>\n<td>H\u01b0\u1edbng d\u1eabn s\u1eed d\u1ee5ng<\/td>\n<td>N\u00ean u\u1ed1ng v\u1edbi li\u1ec1u l\u01b0\u1ee3ng th\u00edch h\u1ee3p<\/td>\n<\/tr>\n<tr>\n<td>B\u1ea3o qu\u1ea3n<\/td>\n<td>N\u01a1i kh\u00f4 r\u00e1o tho\u00e1ng m\u00e1t, tr\u00e1nh \u00e1nh s\u00e1ng m\u1eb7t tr\u1eddi<\/td>\n<\/tr>\n<tr>\n<th class=\"w3-blue\" colspan=\"2\">Th\u00f4ng tin \u0111\u01a1n v\u1ecb \/ nh\u00e0 s\u1ea3n xu\u1ea5t<\/th>\n<\/tr>\n<tr>\n<td>T\u00ean \u0111\u01a1n v\u1ecb:<\/td>\n<td width=\"228\">CSSX R\u01b0\u1ee3u l\u00faa r\u1eaby B\u1eafc Tr\u00e0 My &#8211; Th\u00e1i H\u00f2a<\/td>\n<\/tr>\n<tr>\n<td>Qu\u1ed1c gia:<\/td>\n<td>Vi\u1ec7t Nam<\/td>\n<\/tr>\n<tr>\n<td>T\u1ec9nh \/th\u00e0nh :<\/td>\n<td>Qu\u1ea3ng Nam<\/td>\n<\/tr>\n<tr>\n<td>\u0110\u1ecba ch\u1ec9 li\u00ean l\u1ea1c:<\/td>\n<td>Th\u00f4n 1, Tr\u00e0 T\u00e2n, B\u1eafc Tr\u00e0 My, Qu\u1ea3ng Nam<\/td>\n<\/tr>\n<tr>\n<td>\u0110i\u1ec7n tho\u1ea1i:<\/td>\n<td>034.941.8116<\/td>\n<\/tr>\n<tr>\n<td>Di \u0111\u1ed9ng:<\/td>\n<td>098.777.6463<\/td>\n<\/tr>\n<tr>\n<td>Website:<\/td>\n<td>\u0110ang c\u1eadp nh\u1eadt&#8230;<\/td>\n<\/tr>\n<\/tbody>\n<\/table>\n<p style=\"text-align: center;\"><img loading=\"lazy\" decoding=\"async\" class=\"aligncenter \" src=\"https:\/\/i0.wp.com\/s1.uphinh.org\/2021\/10\/05\/1e35860ffe04375a6e15.jpg\" width=\"288\" height=\"367\" \/><\/p>\n<p style=\"text-align: center;\">(Chai 500ml &#8211; Gi\u00e1 50.000\u0111)<\/p>\n<p style=\"text-align: center;\"><img loading=\"lazy\" decoding=\"async\" class=\"alignnone \" src=\"https:\/\/i0.wp.com\/s1.uphinh.org\/2021\/10\/05\/63473c7844738d2dd46259945ca3c244bfe9.jpg\" width=\"305\" height=\"398\" \/><\/p>\n<p style=\"text-align: center;\">(C\u0103n 5 l\u00edt &#8211; Gi\u00e1\u00a0125.000\u20ab)<\/p>\n<p style=\"text-align: center;\">\n<p>&nbsp;<\/p>\n<p>&nbsp;<\/p>\n","protected":false},"featured_media":0,"comment_status":"open","ping_status":"closed","template":"","meta":[],"_links":{"self":[{"href":"http:\/\/vphcheck.com\/index.php\/wp-json\/wp\/v2\/product\/742"}],"collection":[{"href":"http:\/\/vphcheck.com\/index.php\/wp-json\/wp\/v2\/product"}],"about":[{"href":"http:\/\/vphcheck.com\/index.php\/wp-json\/wp\/v2\/types\/product"}],"replies":[{"embeddable":true,"href":"http:\/\/vphcheck.com\/index.php\/wp-json\/wp\/v2\/comments?post=742"}],"wp:attachment":[{"href":"http:\/\/vphcheck.com\/index.php\/wp-json\/wp\/v2\/media?parent=742"}],"curies":[{"name":"wp","href":"https:\/\/api.w.org\/{rel}","templated":true}]}}