{"id":739,"date":"2019-09-03T15:50:29","date_gmt":"2019-09-03T15:50:29","guid":{"rendered":"http:\/\/vphcheck.com\/?post_type=product&#038;p=739"},"modified":"2020-09-13T17:49:56","modified_gmt":"2020-09-13T17:49:56","slug":"buoi-tru-dai-binh-ocop","status":"publish","type":"product","link":"http:\/\/vphcheck.com\/index.php\/san-pham\/buoi-tru-dai-binh-ocop\/","title":{"rendered":"B\u01b0\u1edfi Tr\u1ee5 \u0110\u1ea1i B\u00ecnh &#8211; OCOP"},"content":{"rendered":"<p>S\u1ea3n ph\u1ea9m c\u1ee7a HTX N\u00f4ng nghi\u1ec7p Du l\u1ecbch &#8211; D\u1ecbch v\u1ee5 \u0110\u1ea1i B\u00ecnh<br \/>\n\u0110\u1ecba ch\u1ec9: Qu\u1ebf Trung &#8211; N\u00f4ng S\u01a1n &#8211; Qu\u1ea3ng Nam<\/p>\n<hr \/>\n<p style=\"text-align: center;\"><strong>S\u1ea2N PH\u1ea8M \u0110\u1ea0T <span style=\"color: #ff0000;\">***<\/span> THEO QUY\u1ebeT \u0110\u1ecaNH S\u1ed0 1170\/Q\u0110-UBND NG\u00c0Y 22\/4\/2019 C\u1ee6A UBND T\u1ec8NH QU\u1ea2NG NAM<\/strong><\/p>\n<table cellspacing=\"1\" cellpadding=\"1\" align=\"center\">\n<tbody>\n<tr>\n<td><img loading=\"lazy\" decoding=\"async\" id=\"89480\" class=\"\" src=\"http:\/\/image.dantocmiennui.vn\/uploaddtmn\/\/2016\/8\/9\/buoi-1-1.jpg\" width=\"343\" height=\"228\" border=\"0\" hspace=\"3\" vspace=\"3\" \/><\/td>\n<\/tr>\n<tr>\n<td>Tr\u00e1i b\u01b0\u1edfi tr\u1ee5 l\u00f4ng \u0110\u1ea1i B\u00ecnh \u1edf x\u00e3 Qu\u1ebf Trung.<\/td>\n<\/tr>\n<\/tbody>\n<\/table>\n<p>&nbsp;<\/p>\n<table cellspacing=\"1\" cellpadding=\"1\" align=\"center\">\n<tbody>\n<tr>\n<td><img loading=\"lazy\" decoding=\"async\" id=\"89481\" class=\"\" src=\"http:\/\/image.dantocmiennui.vn\/uploaddtmn\/\/2016\/8\/9\/buoi-2-1.jpg\" width=\"347\" height=\"242\" border=\"0\" hspace=\"3\" vspace=\"3\" \/><\/td>\n<\/tr>\n<tr>\n<td>V\u01b0\u1eddn b\u01b0\u1edfi tr\u1ee5 l\u00f4ng \u0110\u1ea1i B\u00ecnh \u1edf x\u00e3 Qu\u1ebf Trung.<\/td>\n<\/tr>\n<\/tbody>\n<\/table>\n<p>&nbsp;<\/p>\n<table cellspacing=\"1\" cellpadding=\"1\" align=\"center\">\n<tbody>\n<tr>\n<td><img loading=\"lazy\" decoding=\"async\" id=\"89482\" class=\"\" src=\"http:\/\/image.dantocmiennui.vn\/uploaddtmn\/\/2016\/8\/9\/buoi-3-1.jpg\" width=\"346\" height=\"259\" border=\"0\" hspace=\"3\" vspace=\"3\" \/><\/td>\n<\/tr>\n<tr>\n<td>\u00a0V\u01b0\u1eddn b\u01b0\u1edfi tr\u1ee5 l\u00f4ng \u0110\u1ea1i B\u00ecnh \u1edf x\u00e3 Qu\u1ebf Trung.<\/td>\n<\/tr>\n<\/tbody>\n<\/table>\n","protected":false},"excerpt":{"rendered":"<table class=\"image center\" style=\"height: 282px;\" width=\"355\" align=\"center\">\n<tbody>\n<tr>\n<td><img loading=\"lazy\" decoding=\"async\" class=\"\" src=\"http:\/\/baoquangnam.vn\/dataimages\/201705\/original\/images1346421_unnamed__6_.jpg\" alt=\"Gi\u1ed1ng b\u01b0\u1edfi tr\u1ee5 \u0110\u1ea1i B\u00ecnh \u0111\u01b0\u1ee3c \u0111\u01b0a ra tr\u1ed3ng \u1edf nh\u1eefng v\u00f9ng l\u00e2n c\u1eadn v\u1eabn cho hi\u1ec3u qu\u1ea3 cao. \u1ea2nh: VINH TH\u00d4NG\" width=\"348\" height=\"261\" align=\"middle\" \/><\/td>\n<\/tr>\n<tr>\n<td class=\"image_desc\">B\u01b0\u1edfi tr\u1ee5 sai tr\u00e1i t\u1ea1i khu v\u01b0\u1eddn \u0110\u1ea0i B\u00ecnh<\/td>\n<\/tr>\n<\/tbody>\n<\/table>\n<p>&nbsp;<\/p>\n<table class=\"image center\" style=\"height: 291px;\" width=\"357\" align=\"center\">\n<tbody>\n<tr>\n<td><img loading=\"lazy\" decoding=\"async\" class=\"\" src=\"http:\/\/baoquangnam.vn\/dataimages\/201705\/original\/images1346422_18268487_605674769629784_4644345152178250970_n.jpg\" alt=\"Gi\u1ed1ng b\u01b0\u1edfi tr\u1ee5 \u0110\u1ea1i B\u00ecnh d\u00f9 \u0111\u01b0\u1ee3c tr\u1ed3ng \u1edf \u0111\u00e2u c\u0169ng ph\u1ea3i \u0111\u1ea3m b\u1ea3o dinh d\u01b0\u1ee1ng trong \u0111\u1ea5t v\u00e0 ngu\u1ed3n n\u01b0\u1edbc t\u01b0\u1edbi. \u1ea2nh: VINH TH\u00d4NG\" width=\"349\" height=\"244\" align=\"middle\" \/><\/td>\n<\/tr>\n<tr>\n<td class=\"image_desc\">Gi\u1ed1ng b\u01b0\u1edfi tr\u1ee5 \u0110\u1ea1i B\u00ecnh d\u00f9 \u0111\u01b0\u1ee3c tr\u1ed3ng \u1edf \u0111\u00e2u c\u0169ng ph\u1ea3i \u0111\u1ea3m b\u1ea3o dinh d\u01b0\u1ee1ng trong \u0111\u1ea5t v\u00e0 ngu\u1ed3n n\u01b0\u1edbc t\u01b0\u1edbi.<\/td>\n<\/tr>\n<\/tbody>\n<\/table>\n","protected":false},"featured_media":597,"comment_status":"open","ping_status":"closed","template":"","meta":[],"_links":{"self":[{"href":"http:\/\/vphcheck.com\/index.php\/wp-json\/wp\/v2\/product\/739"}],"collection":[{"href":"http:\/\/vphcheck.com\/index.php\/wp-json\/wp\/v2\/product"}],"about":[{"href":"http:\/\/vphcheck.com\/index.php\/wp-json\/wp\/v2\/types\/product"}],"replies":[{"embeddable":true,"href":"http:\/\/vphcheck.com\/index.php\/wp-json\/wp\/v2\/comments?post=739"}],"wp:featuredmedia":[{"embeddable":true,"href":"http:\/\/vphcheck.com\/index.php\/wp-json\/wp\/v2\/media\/597"}],"wp:attachment":[{"href":"http:\/\/vphcheck.com\/index.php\/wp-json\/wp\/v2\/media?parent=739"}],"curies":[{"name":"wp","href":"https:\/\/api.w.org\/{rel}","templated":true}]}}