{"id":736,"date":"2019-09-03T15:41:12","date_gmt":"2019-09-03T15:41:12","guid":{"rendered":"http:\/\/vphcheck.com\/?post_type=product&#038;p=736"},"modified":"2020-09-13T17:49:56","modified_gmt":"2020-09-13T17:49:56","slug":"dau-phung-dat-quang-ocop","status":"publish","type":"product","link":"http:\/\/vphcheck.com\/index.php\/san-pham\/dau-phung-dat-quang-ocop\/","title":{"rendered":"D\u1ea7u ph\u1ee5ng \u0110\u1ea5t Qu\u1ea3ng &#8211; OCOP"},"content":{"rendered":"<div class=\"_2pi9 _2pi2\">\n<div class=\"clearfix _ikh\"><center>S\u1ea3n ph\u1ea9m \u0111\u1ea1t <span style=\"color: red;\"><b>***<\/b><\/span> theo Quy\u1ebft \u0111\u1ecbnh s\u1ed1 365\/Q\u0110-UBND ng\u00e0y 31\/01\/2019 c\u1ee7a UBND t\u1ec9nh Qu\u1ea3ng Nam<br \/>\n<img loading=\"lazy\" decoding=\"async\" class=\"alignnone  wp-image-750\" src=\"http:\/\/vphcheck.com\/wp-content\/uploads\/2019\/09\/ba-sao03092019.jpg\" alt=\"\" width=\"341\" height=\"487\" srcset=\"http:\/\/vphcheck.com\/wp-content\/uploads\/2019\/09\/ba-sao03092019.jpg 600w, http:\/\/vphcheck.com\/wp-content\/uploads\/2019\/09\/ba-sao03092019-210x300.jpg 210w\" sizes=\"(max-width: 341px) 100vw, 341px\" \/><\/center><\/div>\n<\/div>\n","protected":false},"excerpt":{"rendered":"<p>&nbsp;<\/p>\n<table class=\"w3-table-all\">\n<thead>\n<tr class=\"w3-blue\">\n<th colspan=\"2\">Th\u00f4ng tin s\u1ea3n ph\u1ea9m<\/th>\n<\/tr>\n<\/thead>\n<tbody>\n<tr>\n<td width=\"122\">T\u00ean s\u1ea3n ph\u1ea9m<\/td>\n<td width=\"228\">D\u1ea7u ph\u1ee5ng \u0110\u1ea5t Qu\u1ea3ng<\/td>\n<\/tr>\n<tr>\n<td>Th\u00e0nh ph\u1ea7n<\/td>\n<td>\u0110\u1eadu ph\u1ee5ng nguy\u00ean ch\u1ea5t<\/td>\n<\/tr>\n<tr>\n<td>\u0110\u1ea1t ti\u00eau chu\u1ea9n<\/td>\n<td>\u0110\u1ea1t 03 sao s\u1ea3n ph\u1ea9m OCOP t\u1ec9nh Qu\u1ea3ng Nam.<\/td>\n<\/tr>\n<tr>\n<td>Ng\u00e0y s\u1ea3n xu\u1ea5t<\/td>\n<td>Xem tr\u00ean bao b\u00ec<\/td>\n<\/tr>\n<tr>\n<td>Th\u1eddi h\u1ea1n s\u1eed d\u1ee5ng<\/td>\n<td>2 n\u0103m<\/td>\n<\/tr>\n<tr>\n<td>Tr\u1ecdng l\u01b0\u1ee3ng<\/td>\n<td>Xem tr\u00ean bao b\u00ec<\/td>\n<\/tr>\n<tr>\n<td>Th\u00e0nh ph\u1ea7n<\/td>\n<td>\u0110\u1eadu ph\u1ee5ng nguy\u00ean ch\u1ea5t 100%<\/td>\n<\/tr>\n<tr>\n<td>H\u01b0\u1edbng d\u1eabn s\u1eed d\u1ee5ng<\/td>\n<td>D\u00f9ng trong ch\u1ebf bi\u1ebfn th\u1ef1c ph\u1ea9m v\u00e0 chi\u00ean x\u00e0o.<\/td>\n<\/tr>\n<tr>\n<td>B\u1ea3o qu\u1ea3n<\/td>\n<td>N\u01a1i kh\u00f4 r\u00e1o tho\u00e1ng m\u00e1t, tr\u00e1nh \u00e1nh s\u00e1ng m\u1eb7t tr\u1eddi<\/td>\n<\/tr>\n<tr>\n<th class=\"w3-blue\" colspan=\"2\">Th\u00f4ng tin \u0111\u01a1n v\u1ecb \/ nh\u00e0 s\u1ea3n xu\u1ea5t<\/th>\n<\/tr>\n<tr>\n<td>T\u00ean \u0111\u01a1n v\u1ecb:<\/td>\n<td width=\"228\">H\u1ee3p t\u00e1c x\u00e3 n\u00f4ng nghi\u1ec7p \u0110i\u1ec7n Quang<\/td>\n<\/tr>\n<tr>\n<td>Qu\u1ed1c gia:<\/td>\n<td>Vi\u1ec7t Nam<\/td>\n<\/tr>\n<tr>\n<td>T\u1ec9nh \/th\u00e0nh :<\/td>\n<td>Qu\u1ea3ng Nam<\/td>\n<\/tr>\n<tr>\n<td>\u0110\u1ecba ch\u1ec9 li\u00ean l\u1ea1c:<\/td>\n<td>s\u1ed1 01 \u0111\u01b0\u1eddng 610B th\u00f4n B\u1ea3o An \u0110\u00f4ng, x\u00e3 \u0110i\u1ec7n Quang, th\u1ecb x\u00e3 \u0110i\u1ec7n B\u00e0n, t\u1ec9nh Qu\u1ea3ng Nam.<\/td>\n<\/tr>\n<tr>\n<td>\u0110i\u1ec7n tho\u1ea1i:<\/td>\n<td>0235 3 745 868<\/td>\n<\/tr>\n<tr>\n<td>Di \u0111\u1ed9ng:<\/td>\n<td>0905 978 581<\/td>\n<\/tr>\n<tr>\n<td>Website:<\/td>\n<td>hoptacxadienquang.vn<\/td>\n<\/tr>\n<tr>\n<th class=\"w3-blue\" colspan=\"2\">Th\u00f4ng tin nguy\u00ean li\u1ec7u<\/th>\n<\/tr>\n<tr>\n<td>T\u00ean nguy\u00ean li\u1ec7u<\/td>\n<td>V\u00f9ng chuy\u00ean canh c\u00e2y \u0111\u1eadu ph\u1ee5ng t\u1eadp trung theo chu\u1ed7i gi\u00e1 tr\u1ecb c\u1ee7a H\u1ee3p t\u00e1c x\u00e3 N\u00f4ng nghi\u1ec7p \u0110i\u1ec7n Quang.<\/td>\n<\/tr>\n<tr>\n<td>\u0110\u1ecba ch\u1ec9 tr\u1ed3ng<\/td>\n<td>x\u00e3 \u0110i\u1ec7n Quang &#8211; \u0110i\u1ec7n Trung &#8211; \u0110i\u1ec7n Phong, th\u1ecb x\u00e3 \u0110i\u1ec7n B\u00e0n, t\u1ec9nh Qu\u1ea3ng Nam.<\/td>\n<\/tr>\n<tr>\n<td>T\u00ean nguy\u00ean li\u1ec7u<\/td>\n<td>Theo h\u01b0\u1edbng h\u1eefu c\u01a1<\/td>\n<\/tr>\n<tr>\n<td>Ph\u01b0\u01a1ng ph\u00e1p ch\u0103m s\u00f3c<\/td>\n<td>Theo quy tr\u00ecnh k\u1ef9 thu\u1eadt, do s\u1edf N\u00f4ng nghi\u1ec7p v\u00e0 Ph\u00e1t tri\u1ec3n n\u00f4ng th\u00f4n t\u1ec9nh Qu\u1ea3ng Nam ban h\u00e0nh.<\/td>\n<\/tr>\n<\/tbody>\n<\/table>\n<p><strong>B\u1ea3n \u0111\u1ed3 v\u00f9ng s\u1ea3n xu\u1ea5t v\u00e0 nguy\u00ean li\u1ec7u<\/strong><\/p>\n<p><iframe loading=\"lazy\" style=\"border: 0;\" src=\"https:\/\/www.google.com\/maps\/embed?pb=!1m18!1m12!1m3!1d1919.1487470686495!2d108.18646627457707!3d15.840954068117723!2m3!1f0!2f0!3f0!3m2!1i1024!2i768!4f13.1!3m3!1m2!1s0x3142058a64fa3945%3A0xb49d5a47597989ac!2zSOG7olAgVMOBQyBYw4MgTsOUTkcgTkdISeG7hlAgxJBJ4buGTiBRVUFORw!5e0!3m2!1svi!2s!4v1551323693003\" width=\"350\" height=\"320\" frameborder=\"0\" allowfullscreen=\"allowfullscreen\"><\/iframe><\/p>\n<p>C\u00e1c th\u00f4ng tin tr\u00ean \u0111\u01b0\u1ee3c cung c\u1ea5p b\u1edfi HTX N\u00f4ng nghi\u1ec7p \u0110i\u1ec7n Quang<\/p>\n","protected":false},"featured_media":603,"comment_status":"open","ping_status":"closed","template":"","meta":[],"_links":{"self":[{"href":"http:\/\/vphcheck.com\/index.php\/wp-json\/wp\/v2\/product\/736"}],"collection":[{"href":"http:\/\/vphcheck.com\/index.php\/wp-json\/wp\/v2\/product"}],"about":[{"href":"http:\/\/vphcheck.com\/index.php\/wp-json\/wp\/v2\/types\/product"}],"replies":[{"embeddable":true,"href":"http:\/\/vphcheck.com\/index.php\/wp-json\/wp\/v2\/comments?post=736"}],"wp:featuredmedia":[{"embeddable":true,"href":"http:\/\/vphcheck.com\/index.php\/wp-json\/wp\/v2\/media\/603"}],"wp:attachment":[{"href":"http:\/\/vphcheck.com\/index.php\/wp-json\/wp\/v2\/media?parent=736"}],"curies":[{"name":"wp","href":"https:\/\/api.w.org\/{rel}","templated":true}]}}