{"id":735,"date":"2019-09-03T15:32:48","date_gmt":"2019-09-03T15:32:48","guid":{"rendered":"http:\/\/vphcheck.com\/?post_type=product&#038;p=735"},"modified":"2021-08-31T07:19:19","modified_gmt":"2021-08-31T07:19:19","slug":"cssx-tinh-dau-que-tra-my-ocop","status":"publish","type":"product","link":"http:\/\/vphcheck.com\/index.php\/san-pham\/cssx-tinh-dau-que-tra-my-ocop\/","title":{"rendered":"CSSX Tinh d\u1ea7u Qu\u1ebf Tr\u00e0 My &#8211; OCOP"},"content":{"rendered":"<p><img loading=\"lazy\" decoding=\"async\" class=\"wp-image-579 aligncenter\" src=\"http:\/\/vphcheck.com\/wp-content\/uploads\/2018\/12\/IMG_8819.jpg\" alt=\"\" width=\"350\" height=\"263\" \/><\/p>\n<p style=\"text-align: center;\"><strong>S\u1ea2N PH\u1ea8M \u0110\u1ea0T <span style=\"color: #ff0000;\">***<\/span> THEO QUY\u1ebeT \u0110\u1ecaNH S\u1ed0 365\/Q\u0110-UBND NG\u00c0Y 31\/01\/2019 C\u1ee6A UBND T\u1ec8NH QU\u1ea2NG NAM<\/strong><\/p>\n","protected":false},"excerpt":{"rendered":"<blockquote><p><b>C\u01a0 S\u1ede S\u1ea2N XU\u1ea4T TINH D\u1ea6U QU\u1ebe TR\u00c0 MY MINH PH\u00daC<\/b><br \/>\nM\u00e3 s\u1ed1 thu\u1ebf : 8062499094<br \/>\n\u0110\u1ecba ch\u1ec9 tr\u1ee5 s\u1edf : Th\u00f4n 1, X\u00e3 tr\u00e0 Giang, Huy\u1ec7n B\u1eafc Tr\u00e0 My, t\u1ec9nh Qu\u1ea3ng Nam<br \/>\n\u0110i\u1ec7n tho\u1ea1i : (0235)3882.241<\/p>\n<ul>\n<li><strong>Qu\u1ebf Tr\u00e0 My<\/strong> \u0111\u01b0\u1ee3c bi\u1ebft \u0111\u1ebfn v\u1edbi c\u00e1i t\u00ean \u201cCao s\u01a1n ng\u1ecdc qu\u1ebf\u201d, l\u00e0 lo\u1ea1i qu\u1ebf \u0111\u01b0\u1ee3c th\u1ebf gi\u1edbi \u01b0a chu\u1ed9ng. C\u00e1c nh\u00e0 khoa h\u1ecdc \u0111\u00e3 \u0111\u1eb7t t\u00ean cho qu\u1ebf Tr\u00e0 My l\u00e0 CINNAMONNUM CASIA, thu\u1ed9c h\u1ecd innamonnum, l\u00e0 d\u00f2ng h\u1ecd \u0111\u1ee9ng \u0111\u1ea7u c\u1ee7a 4 lo\u1ea1i qu\u1ebf \u1edf \u0110\u00f4ng D\u01b0\u01a1ng, v\u1edbi h\u00e0m l\u01b0\u1ee3ng Aldehyt cinnamic 95% trong tinh qu\u1ebf. Qu\u1ebf Tr\u00e0 My \u0111\u00e3 tr\u1edf th\u00e0nh h\u00ecnh \u1ea3nh g\u1ea7n g\u0169i, th\u00e2n th\u01b0\u01a1ng, m\u1ed9t s\u1ea3n ph\u1ea9m gi\u00e1 tr\u1ecb v\u1ec1 kinh t\u1ebf v\u00e0 tinh th\u1ea7n, ng\u00e0y c\u00e0ng l\u00e0m \u0111\u1eb9p th\u00eam d\u1ea3i \u0111\u1ea5t gi\u00e0u c\u00f3 n\u1eb1m b\u00ean d\u00e3y Tr\u01b0\u1eddng S\u01a1n h\u00f9ng v\u0129.<\/li>\n<\/ul>\n<\/blockquote>\n<ul>\n<li>Qu\u1ebf l\u00e0 m\u1ed9t v\u1ecb thu\u1ed1c qu\u00fd, \u0111\u01b0\u1ee3c d\u00f9ng nhi\u1ec1u trong \u0110\u00f4ng y l\u1eabn T\u00e2y y: c\u00f3 t\u00e1c d\u1ee5ng k\u00edch th\u00edch l\u00e0m t\u0103ng s\u1ef1 tu\u1ea7n ho\u00e0n m\u00e1u, g\u00e2y co m\u1ea1ch, t\u0103ng b\u00e0i ti\u1ebft, g\u00e2y co b\u00f3p t\u1eed cung, s\u00e1t tr\u00f9ng, ch\u1eefa \u0111au b\u1ee5ng, \u0111i t\u1ea3. Kinh nghi\u1ec7m d\u00e2n gian c\u1ee7a c\u00e1c d\u00e2n t\u1ed9c ng\u01b0\u1eddi Co, C\u01a1 dong, X\u00ea \u0111ang \u1ecf v\u00f9ng n\u00fai Tr\u00e0 My, khi g\u1eb7p nh\u1eefng b\u1ec7nh th\u00f4ng th\u01b0\u1eddng nh\u01b0 c\u1ea3m c\u00fam, nh\u1ee9c \u0111\u1ea7u, tr\u00fang gi\u00f3&#8230;H\u1ecd m\u00e0i v\u1ecf qu\u1ebf trong n\u01b0\u1edbc r\u1ed3i u\u1ed1ng b\u1ec7nh s\u1ebd thuy\u00ean gi\u1ea3m. T\u1eeb \u0111\u00f3 ng\u01b0\u1eddi ta m\u1edbi ph\u00e1t hi\u1ec7n \u0111\u01b0\u1ee3c r\u1eb1ng c\u01a1 th\u1ec3 con ng\u01b0\u1eddi ti\u1ebfp gi\u00e1p v\u1edbi qu\u1ebf s\u1ebd ng\u0103n ng\u1eeba \u0111\u01b0\u1ee3c c\u00e1c ch\u1ee9ng phong h\u00e0n, c\u1ea3m l\u1ea1nh, nh\u1ee9c \u0111\u1ea7u&#8230;<\/li>\n<li>Truy\u1ec1n thuy\u1ebft d\u00e2n gian truy\u1ec1n r\u1eb1ng khi v\u1ec1 l\u00e0m v\u1ee3 vua Chi\u00eam Th\u00e0nh Ch\u1ebf M\u00e2n, ho\u00e0ng h\u1eadu Huy\u1ec1n Tr\u00e2n th\u01b0\u1eddng xuy\u00ean m\u1eafc b\u1ec7nh phong th\u1ea5p. V\u1ed1n y\u00eau th\u01b0\u01a1ng v\u1ee3, nh\u00e0 vua \u0111\u00e3 sai quan h\u1ea7u l\u00ean t\u1eadn r\u1eebng Tr\u00e0 My t\u00ecm cho \u0111\u01b0\u1ee3c g\u1ed7 qu\u1ebf l\u00e0m gu\u1ed1c cho n\u00e0ng, t\u1eeb \u0111\u00f3 b\u1ec7nh d\u1ea7n d\u1ea7n d\u1ee9t h\u1eb3n.<\/li>\n<li>Truy\u1ec1n thuy\u1ebft c\u1ee7a \u0111\u1ed3ng b\u00e0o Cadong k\u1ec3, c\u00f3 ch\u00e0ng m\u1ed3 c\u00f4i hi\u1ec1n l\u00e0nh v\u00ec ngh\u00e8o m\u00e0 b\u1ecf l\u00e0ng ra \u0111i; trong m\u1ed9t l\u1ea7n g\u1eb7p ph\u1ea3i gi\u00f4ng t\u1ed1, b\u00e3o b\u00f9ng n\u00ean c\u1ea3 th\u00e2n m\u00ecnh b\u1ecb r\u00e9t m\u01b0\u1edbt, \u0111\u00f3i l\u1ea3 v\u00e0 thi\u1ebfp \u0111i d\u01b0\u1edbi t\u00e1n c\u00e2y r\u1eebng. Ngay \u0111\u00eam \u1ea5y, Gi\u00e0ng hi\u1ec7n l\u00ean m\u00e1ch b\u1ea3o r\u1eb1ng: c\u1ea3 th\u00e2n, v\u1ecf, r\u1ec5, l\u00e1 c\u00e2y m\u00e0 ch\u00e0ng \u0111ang n\u1eb1m l\u00e0 ph\u01b0\u01a1ng thu\u1ed1c qu\u00fd. T\u1ec9nh d\u1eady, ch\u00e0ng n\u1ebfm th\u1eed, v\u00e0 qu\u1ea3 th\u1eadt c\u1ea3 th\u00e2n m\u00ecnh \u0111\u01b0\u1ee3c \u1ea5m \u00e1p v\u00e0 th\u01a1m l\u1ef1ng l\u00e0m sao. T\u1eeb \u0111\u00f3, ch\u00e0ng \u0111\u1ed5i qu\u1ebf l\u1ea5y mu\u1ed1i, chi\u00eang, ch\u00e9\u2026 v\u00e0 tr\u1edf n\u00ean gi\u00e0u c\u00f3 nh\u1ea5t v\u00f9ng.<\/li>\n<li>Qu\u1ebf c\u00f2n \u0111\u01b0\u1ee3c d\u00f9ng l\u00e0m \u0111\u1ed3 gia v\u1ecb. Ngo\u00e0i khai th\u00e1c v\u1ecf l\u00e0 ch\u00ednh, qu\u1ebf c\u00f2n cung c\u1ea5p g\u1ed7. C\u00e0nh, l\u00e1 qu\u1ebf c\u0169ng c\u00f3 th\u1ec3 ch\u01b0ng c\u1ea5t \u0111\u1ec3 l\u1ea5y tinh d\u1ea7u.<\/li>\n<li>Ng\u00e0y nay, d\u1ef1a v\u00e0o kinh nghi\u1ec7m qu\u00fd b\u00e1u c\u1ee7a cha \u00f4ng v\u00e0 c\u0169ng l\u00e0 \u0111\u1ec3 g\u00f3p ph\u1ea7n n\u00e2ng cao gi\u00e1 tr\u1ecb c\u00e2y qu\u1ebf Tr\u00e0 My, s\u1ea3n ph\u1ea9m tinh d\u1ea7u qu\u1ebf Tr\u00e0 My \u2013 Minh Ph\u00fac \u0111\u00e3 ra \u0111\u1eddi sau bao n\u0103m \u1ea5p \u1ee7 \u00fd t\u01b0\u1edfng, h\u1ecdc h\u1ecfi c\u00f4ng ngh\u1ec7. S\u1ea3n ph\u1ea9m t\u01b0\u1edfng ch\u1eebng nh\u01b0 kh\u00f4ng kh\u00e1c so v\u1edbi c\u00e1c lo\u1ea1i tinh d\u1ea7u qu\u1ebf hi\u1ec7n h\u1eefu, nh\u01b0ng n\u00f3 th\u1eadt \u0111\u1eb7c bi\u1ec7t&#8230; B\u1edfi n\u00f3 l\u00e0 ph\u1ea7n tinh t\u00fay nh\u1ea5t c\u1ee7a qu\u1ebf Tr\u00e0 My, \u0111\u01b0\u1ee3c kh\u00e1ch h\u00e0ng kh\u1eafp n\u01a1i bi\u1ebft \u0111\u1ebfn v\u00e0 \u01b0a chu\u1ed9ng.\/.<\/li>\n<\/ul>\n<p>&nbsp;<\/p>\n","protected":false},"featured_media":551,"comment_status":"open","ping_status":"closed","template":"","meta":[],"_links":{"self":[{"href":"http:\/\/vphcheck.com\/index.php\/wp-json\/wp\/v2\/product\/735"}],"collection":[{"href":"http:\/\/vphcheck.com\/index.php\/wp-json\/wp\/v2\/product"}],"about":[{"href":"http:\/\/vphcheck.com\/index.php\/wp-json\/wp\/v2\/types\/product"}],"replies":[{"embeddable":true,"href":"http:\/\/vphcheck.com\/index.php\/wp-json\/wp\/v2\/comments?post=735"}],"wp:featuredmedia":[{"embeddable":true,"href":"http:\/\/vphcheck.com\/index.php\/wp-json\/wp\/v2\/media\/551"}],"wp:attachment":[{"href":"http:\/\/vphcheck.com\/index.php\/wp-json\/wp\/v2\/media?parent=735"}],"curies":[{"name":"wp","href":"https:\/\/api.w.org\/{rel}","templated":true}]}}