{"id":725,"date":"2019-08-21T04:36:10","date_gmt":"2019-08-21T04:36:10","guid":{"rendered":"http:\/\/vphcheck.com\/?post_type=product&#038;p=725"},"modified":"2023-08-06T14:08:05","modified_gmt":"2023-08-06T14:08:05","slug":"co-so-moc-truyen-thong-kim-bong-huynh-ry","status":"publish","type":"product","link":"http:\/\/vphcheck.com\/index.php\/san-pham\/co-so-moc-truyen-thong-kim-bong-huynh-ry\/","title":{"rendered":"Tr\u00e0 L\u00e1 Sen S\u00f4ng Thu"},"content":{"rendered":"<p><center><img decoding=\"async\" src=\"https:\/\/img.upanh.tv\/2023\/08\/06\/01.jpg\" alt=\"tr\u00e0 l\u00e1 sen\" \/ width=\"270\" height=\"auto\"><\/center><\/p>\n","protected":false},"excerpt":{"rendered":"<table class=\"w3-table-all\">\n<thead>\n<tr class=\"w3-blue\">\n<th colspan=\"2\">Th\u00f4ng tin s\u1ea3n ph\u1ea9m<\/th>\n<\/tr>\n<\/thead>\n<tbody>\n<tr>\n<td width=\"122\">T\u00ean s\u1ea3n ph\u1ea9m<\/td>\n<td width=\"228\">Tr\u00e0 L\u00e1 Sen S\u00f4ng Thu<\/td>\n<\/tr>\n<tr>\n<td>Th\u00e0nh ph\u1ea7n<\/td>\n<td>L\u00e1 sen, g\u1ea1p l\u1ee9t, \u0111\u1eadu \u0111en xanh long, tr\u1ed3ng tr\u00ean c\u00e1c \u0111\u1ed3ng h\u1eefu c\u01a1 thu\u1ed9c l\u00e0 Tr\u00e0 L\u00fd, x\u00e3 Duy S\u01a1n, huy\u1ec7n Duy Xuy\u00ean<\/td>\n<\/tr>\n<tr>\n<td>S\u1ed1 C\u00f4ng b\u1ed1 ch\u1ea5t l\u01b0\u1ee3ng<\/td>\n<td>01\/SONGTHUOR\/2023<\/td>\n<\/tr>\n<tr>\n<td>Ng\u00e0y s\u1ea3n xu\u1ea5t<\/td>\n<td>Xem tr\u00ean bao b\u00ec<\/td>\n<\/tr>\n<tr>\n<td>Th\u1eddi h\u1ea1n s\u1eed d\u1ee5ng<\/td>\n<td>01 n\u0103m k\u1ec3 t\u1eeb NSX<\/td>\n<\/tr>\n<tr>\n<td>Tr\u1ecdng l\u01b0\u1ee3ng<\/td>\n<td>Xem tr\u00ean bao b\u00ec<\/td>\n<\/tr>\n<tr>\n<td>H\u01b0\u1edbng d\u1eabn s\u1eed d\u1ee5ng<\/td>\n<td>\n<ul>\n<li>Cho 1 l\u01b0\u1ee3ng tr\u00e0 v\u1eeba \u0111\u1ee7 v\u00e0o \u1ea5m, pha n\u01b0\u1edbc s\u00f4i trong 03 ph\u00fat.<\/li>\n<li>D\u00f9ng u\u1ed1ng h\u00e0ng ng\u00e0y mang l\u1ea1i hi\u1ec7u qu\u1ea3 t\u1ed1t.<\/li>\n<\/ul>\n<\/td>\n<\/tr>\n<tr>\n<td>B\u1ea3o qu\u1ea3n<\/td>\n<td>N\u01a1i kh\u00f4 \u00e1o, tho\u00e1ng m\u00e1t, tr\u00e1nh \u00e1nh n\u1eafng tr\u1ef1c ti\u1ebfp<\/td>\n<\/tr>\n<tr>\n<th class=\"w3-blue\" colspan=\"2\">Th\u00f4ng tin \u0111\u01a1n v\u1ecb \/ nh\u00e0 s\u1ea3n xu\u1ea5t<\/th>\n<\/tr>\n<tr>\n<td>T\u00ean \u0111\u01a1n v\u1ecb:<\/td>\n<td width=\"228\">H\u1ee2P T\u00c1C X\u00c3 N\u00d4NG NGHI\u1ec6P H\u1eeeU C\u01a0 S\u00d4NG THU<\/td>\n<\/tr>\n<tr>\n<td>Qu\u1ed1c gia:<\/td>\n<td>Vi\u1ec7t Nam<\/td>\n<\/tr>\n<tr>\n<td>T\u1ec9nh \/th\u00e0nh :<\/td>\n<td>Qu\u1ea3ng Nam<\/td>\n<\/tr>\n<tr>\n<td>\u0110\u1ecba ch\u1ec9 li\u00ean l\u1ea1c:<\/td>\n<td>Th\u00f4n Ph\u00fa Nham, x\u00e3 Duy S\u01a1n, huy\u1ec7n Duy Xuy\u00ean, t\u1ec9nh Qu\u1ea3ng Nam<\/td>\n<\/tr>\n<tr>\n<td>Email<\/td>\n<td>phuonglypham99@gmail.com<\/td>\n<\/tr>\n<tr>\n<td>Di \u0111\u1ed9ng:<\/td>\n<td>0914654554<\/td>\n<\/tr>\n<tr>\n<td>Facebook:<\/td>\n<td>S\u00f4ng THu Organic<\/td>\n<\/tr>\n<tr>\n<td>Website:<\/td>\n<td>https:\/\/songthuorganic.vn<\/td>\n<\/tr>\n<\/tbody>\n<\/table>\n","protected":false},"featured_media":724,"comment_status":"open","ping_status":"closed","template":"","meta":[],"_links":{"self":[{"href":"http:\/\/vphcheck.com\/index.php\/wp-json\/wp\/v2\/product\/725"}],"collection":[{"href":"http:\/\/vphcheck.com\/index.php\/wp-json\/wp\/v2\/product"}],"about":[{"href":"http:\/\/vphcheck.com\/index.php\/wp-json\/wp\/v2\/types\/product"}],"replies":[{"embeddable":true,"href":"http:\/\/vphcheck.com\/index.php\/wp-json\/wp\/v2\/comments?post=725"}],"wp:featuredmedia":[{"embeddable":true,"href":"http:\/\/vphcheck.com\/index.php\/wp-json\/wp\/v2\/media\/724"}],"wp:attachment":[{"href":"http:\/\/vphcheck.com\/index.php\/wp-json\/wp\/v2\/media?parent=725"}],"curies":[{"name":"wp","href":"https:\/\/api.w.org\/{rel}","templated":true}]}}