{"id":723,"date":"2019-08-21T04:15:34","date_gmt":"2019-08-21T04:15:34","guid":{"rendered":"http:\/\/vphcheck.com\/?post_type=product&#038;p=723"},"modified":"2020-09-13T17:49:57","modified_gmt":"2020-09-13T17:49:57","slug":"co-so-moc-truyen-thong-kim-bong-phan-xuan-nguyen","status":"publish","type":"product","link":"http:\/\/vphcheck.com\/index.php\/san-pham\/co-so-moc-truyen-thong-kim-bong-phan-xuan-nguyen\/","title":{"rendered":"C\u01a1 S\u1edf M\u1ed9c Truy\u1ec1n Th\u1ed1ng Kim B\u1ed3ng Phan Xu\u00e2n Nguy\u00ean"},"content":{"rendered":"<div class=\"_4-u2 _3xaf _3-95 _4-u8\">\n<div class=\"_5po3\">\n<div class=\"_50f7\">TH\u00d4NG TIN LI\u00caN H\u1ec6<\/div>\n<\/div>\n<div class=\"_5aj7 _3-8j\">\n<div class=\"_4bl7 _3-90 _a8s\"><img decoding=\"async\" class=\"_1579 img\" src=\"https:\/\/static.xx.fbcdn.net\/rsrc.php\/v3\/yJ\/r\/4VjyF4t9Hqt.png?_nc_x=T8elJS7WcNL\" alt=\"\" \/><\/div>\n<div class=\"_4bl9\">\n<div class=\"_50f4\">G\u1ecdi 097 854 69 96<\/div>\n<\/div>\n<div class=\"_4bl7 _3-99\"><\/div>\n<\/div>\n<div class=\"clearfix _ikh _3-8j _20ud\">\n<div class=\"_4bl7 _3-90 _a8s\"><img decoding=\"async\" class=\"_1579 img\" src=\"https:\/\/static.xx.fbcdn.net\/rsrc.php\/v3\/y2\/r\/pX5T_6D5boI.png?_nc_x=T8elJS7WcNL\" alt=\"\" \/><\/div>\n<div class=\"_4bl9\">\n<div>\n<div><a id=\"u_fetchstream_1_0\" href=\"https:\/\/m.me\/794027053994697?fbclid=IwAR3QeHnkQnlyZjpkJKT3cygUjcXVzqqOuA5CFb38QvyyV-qntlMdFkcnyOk\" target=\"_blank\" rel=\"noopener nofollow\" data-lynx-mode=\"asynclazy\" data-lynx-uri=\"https:\/\/l.facebook.com\/l.php?u=https%3A%2F%2Fm.me%2F794027053994697%3Ffbclid%3DIwAR3QeHnkQnlyZjpkJKT3cygUjcXVzqqOuA5CFb38QvyyV-qntlMdFkcnyOk&amp;h=AT33Fp6SYn4LEm1tv4hpPDT8avk1BTKcZewlaJ5NyPHM2JS-HkQ7slFA5YkQ_HWEFFko1F041RUE6Gy4uyEuoaJeFtyoYpvzfYtJKyZC6jvLbmkakwOxqQ7oa0Yy5CR_dIj_9jX8_H2h6ZpiSzNL\"><span class=\"_2iem\">m.me\/794027053994697<\/span><\/a><img decoding=\"async\" class=\"_6a0z img\" src=\"https:\/\/static.xx.fbcdn.net\/rsrc.php\/v3\/y2\/r\/x-0yuiNw1AX.png?_nc_x=T8elJS7WcNL\" alt=\"\" data-hover=\"tooltip\" data-tooltip-content=\"Li\u00ean k\u1ebft m.me l\u00e0 URL r\u00fat g\u1ecdn m\u00e0 m\u1ecdi ng\u01b0\u1eddi c\u00f3 th\u1ec3 d\u00f9ng \u0111\u1ec3 chuy\u1ec3n th\u1eb3ng t\u1edbi cu\u1ed9c tr\u00f2 chuy\u1ec7n tr\u00ean Messenger.\" \/><\/div>\n<\/div>\n<\/div>\n<\/div>\n<div class=\"_5aj7 _3-8j\">\n<div class=\"_4bl7 _3-90 _a8s\"><img decoding=\"async\" class=\"_1579 img\" src=\"https:\/\/static.xx.fbcdn.net\/rsrc.php\/v3\/yy\/r\/vKDzW_MdhyP.png?_nc_x=T8elJS7WcNL\" alt=\"\" \/><\/div>\n<div class=\"_4bl9\">\n<div class=\"_50f4\">phanxuannguyen.kb@gmail.com<\/div>\n<\/div>\n<div class=\"_4bl7 _3-99\"><\/div>\n<\/div>\n<\/div>\n<div class=\"_4-u2 _3xaf _3-95 _4-u8\">\n<div class=\"_5po3\">\n<div class=\"_50f7\">TH\u00d4NG TIN KH\u00c1C<\/div>\n<\/div>\n<div class=\"_5aj7 _3-8j\">\n<div class=\"_4bl7 _3-90 _a8s\"><img decoding=\"async\" class=\"_1579 img\" src=\"https:\/\/static.xx.fbcdn.net\/rsrc.php\/v3\/yO\/r\/fTt3W6Nw8z-.png?_nc_x=T8elJS7WcNL\" alt=\"\" \/><\/div>\n<div class=\"_4bl9\">\n<div class=\"_50f4\">Gi\u1edbi thi\u1ec7u<\/div>\n<div class=\"_3-8w\">C\u01a1 s\u1edf ch\u00fang t\u00f4i chuy\u00ean s\u1ea3n xu\u1ea5t v\u00e0 gia c\u00f4ng \u0111\u1ed3 g\u1ed7 m\u1ef9 ngh\u1ec7, nh\u1eadn x\u00e2y d\u1ef1ng, tr\u00f9ng tu nh\u00e0 c\u1ed5.<\/div>\n<\/div>\n<\/div>\n<\/div>\n","protected":false},"excerpt":{"rendered":"<p>L\u00e0ng Kim B\u1ed3ng (x\u01b0a kia c\u00f3 t\u00ean g\u1ecdi l\u00e0 Kim B\u1ed3ng Ch\u00e2u) n\u1eb1m c\u00e1ch trung t\u00e2m ph\u1ed1 c\u1ed5 H\u1ed9i An kho\u1ea3ng 3km v\u1ec1 ph\u00eda t\u00e2y nam, l\u00e0 v\u00f9ng \u0111\u1ea5t b\u1ed3i ven s\u00f4ng C\u1ee7i, thu\u1ed9c h\u1ea1 l\u01b0u s\u00f4ng Thu B\u1ed3n, hi\u1ec7n nay thu\u1ed9c x\u00e3 C\u1ea9m Kim, th\u00e0nh ph\u1ed1 H\u1ed9i An, t\u1ec9nh Qu\u1ea3ng Nam.\u00a0\u0110\u1ec3 \u0111\u1ebfn \u0111\u01b0\u1ee3c l\u00e0ng m\u1ed9c Kim B\u1ed3ng, du kh\u00e1ch c\u00f3 th\u1ec3 \u0111i b\u1eb1ng thuy\u1ec1n t\u1eeb b\u1ebfn \u0111\u00f2 tr\u00ean \u0111\u01b0\u1eddng B\u1ea1ch \u0110\u1eb1ng &#8211; H\u1ed9i An, k\u1ebft h\u1ee3p v\u1edbi \u0111i xe \u0111\u1ea1p ho\u1eb7c xe m\u00e1y \u0111\u1ec3 \u0111\u1ebfn tham quan c\u00e1c tr\u1ea1i s\u1ea3n xu\u1ea5t v\u00e0 c\u00e1c di t\u00edch li\u00ean quan \u0111\u1ebfn ngh\u1ec1 m\u1ed9c t\u1ea1i \u0111\u00e2y&#8230;<\/p>\n<p>Theo gia ph\u1ea3 c\u1ee7a c\u00e1c d\u00f2ng t\u1ed9c t\u1ea1i l\u00e0ng Kim B\u1ed3ng v\u00e0 theo l\u1eddi k\u1ec3 c\u1ee7a c\u00e1c ngh\u1ec7 nh\u00e2n cao tu\u1ed5i, v\u00e0o cu\u1ed1i th\u1ebf k\u1ef7 XVI, \u0111\u1ea7u th\u1ebf k\u1ef7 XVII, khi H\u1ed9i An tr\u1edf th\u00e0nh th\u01b0\u01a1ng c\u1ea3ng ph\u1ed3n th\u1ecbnh \u1edf \u0110\u00e0ng Trong th\u1eddi c\u00e1c Ch\u00faa Nguy\u1ec5n, s\u1ef1 ph\u00e1t tri\u1ec3n kinh t\u1ebf th\u01b0\u01a1ng nghi\u1ec7p \u0111\u00e3 d\u1eabn \u0111\u1ebfn s\u1ef1 ph\u00e2n c\u00f4ng lao \u0111\u1ed9ng r\u00f5 r\u1ec7t \u1edf v\u00f9ng ven th\u01b0\u01a1ng c\u1ea3ng H\u1ed9i An. Trong b\u1ed1i c\u1ea3nh l\u1ecbch s\u1eed \u0111\u00f3, ngh\u1ec1 m\u1ed9c Kim B\u1ed3ng \u0111\u00e3 \u0111\u01b0\u1ee3c h\u00ecnh th\u00e0nh v\u00e0 ph\u00e1t tri\u1ec3n. T\u01b0\u01a1ng truy\u1ec1n r\u1eb1ng, ngh\u1ec1 m\u1ed9c Kim B\u1ed3ng do c\u00e1c th\u1ee3 th\u1ee7 c\u00f4ng t\u1eeb B\u1eafc b\u1ed9, B\u1eafc Trung b\u1ed9 v\u00e0o Kim B\u1ed3ng kh\u1ea9n hoang ru\u1ed9ng \u0111\u1ea5t, l\u1eadp n\u00ean l\u00e0ng x\u00e3 v\u00e0 g\u00e2y d\u1ef1ng n\u00ean ngh\u1ec1 m\u1ed9c&#8230; \u0110\u1ed3ng th\u1eddi, trong l\u1ecbch s\u1eed ph\u00e1t tri\u1ec3n c\u1ee7a th\u01b0\u01a1ng c\u1ea3ng H\u1ed9i An \u0111\u00e3 di\u1ec5n ra s\u1ef1 giao l\u01b0u v\u0103n h\u00f3a, k\u1ef9 thu\u1eadt, kinh t\u1ebf gi\u1eefa ng\u01b0\u1eddi H\u1ed9i An v\u1edbi ng\u01b0\u1eddi Trung Hoa v\u00e0 ng\u01b0\u1eddi Nh\u1eadt B\u1ea3n. Nh\u1eefng ng\u01b0\u1eddi th\u1ee3 m\u1ed9c th\u1eddi k\u1ef3 \u0111\u00f3 \u0111\u00e3 ti\u1ebfp thu, ch\u1ecdn l\u1ecdc nh\u1eefng k\u1ef9 thu\u1eadt l\u00e0m m\u1ed9c tinh x\u1ea3o c\u1ee7a h\u1ecd. \u0110\u1eb7c bi\u1ec7t, trong l\u1ecbch s\u1eed t\u1ed3n t\u1ea1i v\u00e0 ph\u00e1t tri\u1ec3n c\u1ee7a l\u00e0ng m\u1ed9c Kim B\u1ed3ng, nhi\u1ec1u th\u1ee3 m\u1ed9c c\u00f3 tay ngh\u1ec1 cao c\u1ee7a l\u00e0ng \u0111\u00e3 \u0111\u01b0\u1ee3c tri\u1ec1u \u0111\u00ecnh nh\u00e0 Nguy\u1ec5n tri\u1ec7u h\u1ed3i v\u1ec1 kinh \u0111\u00f4 Ph\u00fa Xu\u00e2n (Hu\u1ebf) \u0111\u1ec3 x\u00e2y d\u1ef1ng c\u00e1c c\u00f4ng tr\u00ecnh ki\u1ebfn tr\u00fac cho vua, quan v\u00e0o nh\u1eefng n\u0103m cu\u1ed1i th\u1ebf k\u1ef7 XIX, \u0111\u1ea7u th\u1ebf k\u1ef7 XX. Nhi\u1ec1u th\u1ee3 m\u1ed9c l\u00e0ng Kim B\u1ed3ng \u0111\u00e3 \u0111\u01b0\u1ee3c nh\u00e0 Nguy\u1ec5n phong h\u00e0m B\u00e1t, C\u1eedu ph\u1ea9m, phong danh C\u00f4ng t\u01b0\u1ee3ng&#8230;<\/p>\n<table class=\"image center\" width=\"400\" cellspacing=\"0\" cellpadding=\"3\" align=\"center\">\n<tbody>\n<tr>\n<td><a href=\"http:\/\/baodaklak.vn\/dataimages\/201106\/original\/images477495_Nh_ng_ng__i_th__tr__c_a_l_ng_m_c_Kim_B_ng.jpg\"><img loading=\"lazy\" decoding=\"async\" src=\"http:\/\/baodaklak.vn\/dataimages\/201106\/original\/images477495_Nh_ng_ng__i_th__tr__c_a_l_ng_m_c_Kim_B_ng.jpg\" alt=\"Ngh\u1ec7 nh\u00e2n l\u00e0ng m\u1ed9c Kim B\u1ed3ng \u0111ang ch\u1ea1m kh\u1eafc c\u00e1c s\u1ea3n ph\u1ea9m b\u1eb1ng g\u1ed7.\" width=\"400\" height=\"282\" \/><\/a><\/td>\n<\/tr>\n<tr>\n<td class=\"image_desc\" align=\"center\">Ngh\u1ec7 nh\u00e2n l\u00e0ng m\u1ed9c Kim B\u1ed3ng \u0111ang ch\u1ea1m kh\u1eafc c\u00e1c s\u1ea3n ph\u1ea9m b\u1eb1ng g\u1ed7.<\/td>\n<\/tr>\n<\/tbody>\n<\/table>\n<p>Hi\u1ec7n nay \u1edf x\u00e3 C\u1ea9m Kim c\u00f3 kho\u1ea3ng h\u01a1n 10 tr\u1ea1i m\u1ed9c \u0111\u00f3ng ghe thuy\u1ec1n, m\u1ed9c x\u00e2y d\u1ef1ng, m\u1ed9c gia d\u1ee5ng v\u00e0 m\u1ed9c m\u1ef9 ngh\u1ec7 v\u1edbi kho\u1ea3ng 20 ngh\u1ec7 nh\u00e2n m\u1ed9c c\u00f3 kinh nghi\u1ec7m trong ngh\u1ec1 nh\u01b0: \u0110\u1ed5 T\u1ee9, Hu\u1ef3nh Ri, Phan Di\u1ec7n, L\u00ea T\u00e0i&#8230; c\u00f9ng v\u1edbi h\u00e0ng tr\u0103m th\u1ee3 m\u1ed9c tr\u1ebb \u0111ang tham gia s\u1ea3n xu\u1ea5t kinh doanh tr\u00ean \u0111\u1ecba b\u00e0n khu ph\u1ed1 c\u1ed5 H\u1ed9i An, c\u00f9ng tham gia tr\u00f9ng tu, tu b\u1ed5 c\u00e1c di t\u00edch ki\u1ebfn tr\u00fac c\u1ed5. Ngo\u00e0i ra, c\u00e1c th\u1ee3 m\u1ed9c \u1edf l\u00e0ng Kim B\u1ed3ng c\u00f2n \u0111\u01b0\u1ee3c m\u1eddi tham gia thi c\u00f4ng c\u00e1c c\u00f4ng tr\u00ecnh x\u00e2y d\u1ef1ng \u1edf \u0110\u00e0 N\u1eb5ng, th\u00e0nh ph\u1ed1 H\u1ed3 Ch\u00ed Minh v\u00e0 c\u00e1c \u0111\u1ecba ph\u01b0\u01a1ng kh\u00e1c&#8230; Tuy m\u1ed7i l\u0129nh v\u1ef1c s\u1ea3n xu\u1ea5t m\u1ed9c c\u00f3 \u0111\u1eb7c \u0111i\u1ec3m, b\u00ed quy\u1ebft s\u1ea3n xu\u1ea5t \u0111\u1eb7c th\u00f9 nh\u01b0ng t\u1ea5t c\u1ea3 \u0111\u1ec1u chung m\u1ed9t quy tr\u00ecnh c\u01a1 b\u1ea3n nh\u01b0 sau: V\u1ebd m\u1eabu ra c\u00e2y (c\u01b0a g\u1ed7 th\u00e0nh c\u00e1c ph\u1ea7n t\u01b0\u01a1ng \u1ee9ng v\u1edbi s\u1ea3n ph\u1ea9m d\u1ef1 \u0111\u1ecbnh l\u00e0m); d\u1ecdn c\u00e2y (b\u00e0o, n\u1ea1o l\u00e0m l\u00e1ng th\u00e2n c\u00e2y g\u1ed7), l\u1ea5y m\u1ef1c (\u0111o, \u0111i\u1ec1u ch\u1ec9nh k\u00edch th\u01b0\u1edbc cho ph\u00f9 h\u1ee3p v\u1edbi s\u1ea3n ph\u1ea9m), t\u1ea1o m\u1ed9ng (\u0111\u1ee5c, kho\u00e9t m\u1ed9ng), nh\u1eadp (\u0111\u00f3ng r\u00e1p c\u00e1c b\u1ed9 ph\u1eadn th\u00e0nh m\u1ed9t s\u1ea3n ph\u1ea9m ho\u00e0n ch\u1ec9nh), trau (ch\u00e0 l\u00e1ng, s\u01a1n, thi\u1ebfp, kh\u1ea3m&#8230; s\u1ea3n ph\u1ea9m). \u0110\u1ec3 th\u1ef1c hi\u1ec7n c\u00e1c c\u00f4ng \u0111o\u1ea1n n\u00e0y, ng\u01b0\u1eddi th\u1ee3 m\u1ed9c Kim B\u1ed3ng d\u00f9ng c\u00e1c c\u00f4ng c\u1ee5 s\u1ea3n xu\u1ea5t ch\u00ednh nh\u01b0: c\u01b0a, \u0111\u1ee5c, b\u00e0o, n\u1ea1o, khoan, b\u00faa&#8230;<\/p>\n<p>S\u1ea3n ph\u1ea9m c\u1ee7a l\u00e0ng m\u1ed9c Kim B\u1ed3ng g\u1ed3m c\u00f3 c\u00e1c lo\u1ea1i \u0111\u1ed3 gia d\u1ee5ng nh\u01b0 b\u00e0n, gh\u1ebf, t\u1ee7, gi\u01b0\u1eddng, s\u1eadp g\u1ee5, t\u1ee7 th\u1edd&#8230;; c\u00e1c lo\u1ea1i \u0111\u1ed3 g\u1ed7 m\u1ef9 ngh\u1ec7 g\u1ed3m \u0111\u1ed3 g\u1ed7 l\u01b0u ni\u1ec7m, c\u00e1c lo\u1ea1i \u0111\u1ed3 th\u1eddi \u0111\u01b0\u1ee3c s\u01a1n son, thi\u1ebfp v\u00e0ng, c\u1ea9n, kh\u1ea3m&#8230;; c\u00e1c c\u00f4ng tr\u00ecnh x\u00e2y d\u1ef1ng, tu b\u1ed5, tr\u00f9ng tu ki\u1ebfn tr\u00fac g\u1ed7, c\u00e1c lo\u1ea1i ghe thuy\u1ec1n \u0111i s\u00f4ng, \u0111i bi\u1ec3n&#8230; \u0110\u1eb7c \u0111i\u1ec3m n\u1ed5i b\u1eadc c\u1ee7a s\u1ea3n ph\u1ea9m l\u00e0ng m\u1ed9c Kim B\u1ed3ng khi\u1ebfn cho kh\u00e1ch h\u00e0ng r\u1ea5t \u01b0a chu\u1ed9ng ch\u00ednh l\u00e0 t\u00ednh c\u00e2n \u0111\u1ed1i v\u00e0 th\u1ea9m m\u1ef9 cao c\u1ee7a s\u1ea3n ph\u1ea9m. Nhi\u1ec1u chi ti\u1ebft g\u1ed7 c\u1ee7a s\u1ea3n ph\u1ea9m, c\u1ee7a c\u00e1c c\u00f4ng tr\u00ecnh ki\u1ebfn tr\u00fac g\u1ed7 \u0111\u01b0\u1ee3c ch\u1ea1m, kh\u1eafc, c\u1ea9n r\u1ea5t c\u00f4ng phu v\u00e0 tinh x\u1ea3o theo c\u00e1c \u0111\u1ed3 \u00e1n truy\u1ec1n th\u1ed1ng nh\u01b0 l\u01b0\u1ee1ng long tranh ch\u00e2u, long l\u00e2n quy ph\u1ee5ng, t\u00f9ng c\u00fac tr\u00fac mai, t\u1ee9 th\u1eddi, t\u1ee9 b\u00ecnh, b\u00e1t c\u1eedu&#8230; c\u00f9ng v\u1edbi c\u00e1c \u0111i\u1ec3n t\u00edch c\u1ed5. V\u00ec v\u1eady, s\u1ea3n ph\u1ea9m m\u1ed9c Kim B\u1ed3ng tr\u00f4ng nh\u01b0 nh\u1eefng t\u00e1c ph\u1ea9m ngh\u1ec7 thu\u1eadt \u0111i\u00eau kh\u1eafc m\u1ec1m m\u1ea1i, l\u1ed9ng l\u1eaby v\u00e0 ho\u00e0nh tr\u00e1ng.<br \/>\nDu kh\u00e1ch \u0111\u1ebfn l\u00e0ng m\u1ed9c Kim B\u1ed3ng, ngo\u00e0i vi\u1ec7c tham quan, mua s\u1eafm t\u1ea1i c\u00e1c tr\u1ea1i m\u1ed9c, c\u00e1c c\u1eeda h\u00e0ng b\u00e1n \u0111\u1ed3 l\u01b0u ni\u1ec7m c\u00f2n c\u00f3 th\u1ec3 d\u1ea1o b\u01b0\u1edbc quanh l\u00e0ng tham quan c\u00e1c di t\u00edch t\u00edn ng\u01b0\u1ee1ng li\u00ean quan \u0111\u1ebfn ngh\u1ec1 m\u1ed9c t\u1ea1i n\u01a1i \u0111\u00e2y. Nh\u1eefng di t\u00edch ki\u1ebfn tr\u00fac c\u1ed5 n\u00e0y \u0111\u01b0\u1ee3c ch\u00ednh nh\u1eefng b\u1eadc ti\u1ec1n nh\u00e2n c\u1ee7a l\u00e0ng m\u1ed9c Kim B\u1ed3ng x\u00e2y d\u1ef1ng v\u00e0 ch\u1ea1m kh\u1eafc h\u1ebft s\u1ee9c c\u00f4ng phu, \u0111i\u00eau luy\u1ec7n nh\u01b0 \u0111\u00ecnh Ti\u1ec1n hi\u1ec1n, c\u00e1c nh\u00e0 th\u1edd t\u1ed9c c\u00f3 \u0111\u00f4ng \u0111\u1ea3o th\u1ee3 m\u1ed9c nh\u01b0 nh\u00e0 th\u1edd t\u1ed9c Nguy\u1ec5n, t\u1ed9c Hu\u1ef3nh, t\u1ed9c Phan, t\u1ed9c Tr\u01b0\u01a1ng, t\u1ed9c L\u00ea, t\u1ed9c \u0110\u1ed7, t\u1ed9c B\u00f9i v\u00e0 m\u1ed9t s\u1ed1 C\u00f4ng t\u01b0\u1ee3ng&#8230;<\/p>\n<p>H\u1eb1ng n\u0103m, c\u1ee9 v\u00e0o ng\u00e0y m\u1ed3ng 6 th\u00e1ng gi\u00eang \u00e2m l\u1ecbch, c\u00e1c th\u1ee3 m\u1ed9c l\u00e0ng Kim B\u1ed3ng \u0111i l\u00e0m \u0103n \u1edf kh\u1eafp n\u01a1i \u0111\u1ec1u t\u1ec1 t\u1ef1u v\u1ec1 \u0110\u00ecnh th\u1edd T\u1ed5 ngh\u1ec1 m\u1ed9c \u0111\u1ec3 l\u00e0m l\u1ec5 tri \u00e2n v\u00e0 c\u00fang T\u1ed5 ngh\u1ec1. \u0110\u00e2y l\u00e0 d\u1ecbp h\u1ebft s\u1ee9c thi\u00eang li\u00eang \u0111\u1ec3 c\u00e1c th\u1ee3 m\u1ed9c Kim B\u1ed3ng th\u1eafp n\u00e9n nhang th\u00e0nh k\u00ednh ghi \u01a1n T\u1ed5 ngh\u1ec1 v\u00e0 c\u0169ng l\u00e0 ng\u00e0y c\u00fang m\u1edf h\u00e0ng ra qu\u00e2n s\u1ea3n xu\u1ea5t \u0111\u1ea7u n\u0103m. Sau l\u1ec5 c\u00fang, c\u00e1c tr\u1ea1i m\u1ed9c l\u1ea1i b\u1eaft tay v\u00e0o c\u00f4ng vi\u1ec7c s\u1ea3n xu\u1ea5t, m\u1ed9t s\u1ed1 th\u1ee3 kh\u00e1c th\u00ec t\u1ecfa \u0111i kh\u1eafp n\u01a1i \u0111em t\u00e0i hoa c\u1ee7a m\u00ecnh l\u00e0m \u0111\u1eb9p cho c\u00e1c c\u00f4ng tr\u00ecnh ki\u1ebfn tr\u00fac g\u1ed7 \u1edf c\u00e1c \u0111\u1ecba ph\u01b0\u01a1ng. \u0110\u1ebfn cu\u1ed1i n\u0103m, v\u00e0o ng\u00e0y 20 th\u00e1ng Ch\u1ea1p \u00e2m l\u1ecbch, c\u00e1c tr\u1ea1i m\u1ed9c l\u1ea1i l\u00e0m l\u1ec5 c\u00fang T\u1ed5, c\u00fang t\u1ea5t ni\u00ean, ph\u00e1t th\u01b0\u1edfng cho th\u1ee3, k\u1ebft th\u00fac m\u1ed9t n\u0103m s\u1ea3n xu\u1ea5t.<\/p>\n<p>Hi\u1ec7n nay, c\u00e1c th\u1ee3 m\u1ed9c Kim B\u1ed3ng v\u1eabn \u0111ang ti\u1ebfp t\u1ee5c k\u1ebf th\u1eeba v\u00e0 ph\u00e1t huy ngh\u1ec1 nghi\u1ec7p gia truy\u1ec1n c\u1ee7a cha \u00f4ng \u0111\u1ec3 l\u1ea1i. Ng\u00e0y c\u00e0ng c\u00f3 nhi\u1ec1u x\u01b0\u1edfng m\u1ed9c m\u1ef9 ngh\u1ec7 Kim B\u1ed3ng \u0111\u01b0\u1ee3c h\u00ecnh th\u00e0nh, s\u1ea3n xu\u1ea5t ra nh\u1eefng m\u1eb7t h\u00e0ng c\u00f3 gi\u00e1 tr\u1ecb, mang b\u1ea3n s\u1eafc v\u0103n h\u00f3a qu\u00ea h\u01b0\u01a1ng ph\u1ee5c v\u1ee5 cho kh\u00e1ch du l\u1ecbch v\u00e0 xu\u1ea5t kh\u1ea9u ra n\u01b0\u1edbc ngo\u00e0i. Nhi\u1ec1u th\u1ee3 m\u1ed9c x\u00e2y d\u1ef1ng l\u00e0ng Kim B\u1ed3ng \u0111\u00e3 v\u00e0 \u0111ang g\u00f3p ph\u1ea7n t\u00edch c\u1ef1c v\u00e0o s\u1ef1 nghi\u1ec7p tu b\u1ed5, t\u00f4n t\u1ea1o, tr\u00f9ng tu c\u00e1c c\u00f4ng tr\u00ecnh ki\u1ebfn tr\u00fac g\u1ed7 quan tr\u1ecdng n\u1eb1m trong qu\u1ea7n th\u1ec3 di t\u00edch c\u1ee7a \u0111\u00f4 th\u1ecb c\u1ed5 H\u1ed9i An&#8230; g\u00f3p ph\u1ea7n v\u00e0o vi\u1ec7c g\u00ecn gi\u1eef, b\u1ea3o t\u1ed3n Di s\u1ea3n v\u0103n h\u00f3a n\u00e0y \u0111\u01b0\u1ee3c tr\u01b0\u1eddng t\u1ed3n m\u00e3i m\u00e3i v\u1edbi th\u1eddi gian.<\/p>\n","protected":false},"featured_media":724,"comment_status":"open","ping_status":"closed","template":"","meta":[],"_links":{"self":[{"href":"http:\/\/vphcheck.com\/index.php\/wp-json\/wp\/v2\/product\/723"}],"collection":[{"href":"http:\/\/vphcheck.com\/index.php\/wp-json\/wp\/v2\/product"}],"about":[{"href":"http:\/\/vphcheck.com\/index.php\/wp-json\/wp\/v2\/types\/product"}],"replies":[{"embeddable":true,"href":"http:\/\/vphcheck.com\/index.php\/wp-json\/wp\/v2\/comments?post=723"}],"wp:featuredmedia":[{"embeddable":true,"href":"http:\/\/vphcheck.com\/index.php\/wp-json\/wp\/v2\/media\/724"}],"wp:attachment":[{"href":"http:\/\/vphcheck.com\/index.php\/wp-json\/wp\/v2\/media?parent=723"}],"curies":[{"name":"wp","href":"https:\/\/api.w.org\/{rel}","templated":true}]}}