{"id":720,"date":"2019-08-21T04:07:00","date_gmt":"2019-08-21T04:07:00","guid":{"rendered":"http:\/\/vphcheck.com\/?post_type=product&#038;p=720"},"modified":"2020-09-13T17:49:57","modified_gmt":"2020-09-13T17:49:57","slug":"lang-gom-thanh-ha-hoi-an-cssx-nguyen-lanh","status":"publish","type":"product","link":"http:\/\/vphcheck.com\/index.php\/san-pham\/lang-gom-thanh-ha-hoi-an-cssx-nguyen-lanh\/","title":{"rendered":"L\u00e0ng g\u1ed1m Thanh H\u00e0, H\u1ed9i An &#8211; CSSX Nguy\u1ec5n L\u00e0nh"},"content":{"rendered":"<p><img loading=\"lazy\" decoding=\"async\" class=\"aligncenter\" src=\"http:\/\/hoian.gov.vn\/Uploaded\/image\/hoian\/gom1.jpg\" alt=\"\" width=\"355\" height=\"287\" \/><\/p>\n<p style=\"text-align: center;\"><strong>\u00d4NG NGUY\u1ec4N L\u00c0NH<\/strong><\/p>\n","protected":false},"excerpt":{"rendered":"<div class=\"block-t15\">\n<p>L\u00e0ng g\u1ed1m Thanh H\u00e0 \u0111\u1eadm ch\u1ea5t l\u00e0 m\u1ed9t l\u00e0ng ngh\u1ec1 truy\u1ec1n th\u1ed1ng \u0111\u01b0\u1ee3c h\u00ecnh th\u00e0nh t\u1eeb l\u00e2u \u0111\u1eddi trong th\u1ebf k\u1ef7 XVI. Tr\u01b0\u1edbc \u0111\u00e2y, l\u00e0ng g\u1ed1m \u0111\u00e3 \u0111\u01b0\u1ee3c h\u00ecnh th\u00e0nh t\u1ea1i l\u00e0ng Thanh Chi\u00eam r\u1ed3i sau \u0111\u00f3 m\u1edbi chuy\u1ec3n v\u1ec1 \u0111\u1ecba ch\u1ec9 ph\u01b0\u1eddng Thanh H\u00e0, H\u1ed9i An tp. H\u1ed9i An Qu\u1ea3ng Nam nh\u01b0 hi\u1ec7n hay. C\u00f9ng tr\u1ea3i qua l\u1ecbch s\u1eed bao th\u0103ng tr\u1ea7m n\u01a1i ph\u1ed1 c\u1ea3ng H\u1ed9i An, l\u00e0ng ngh\u1ec1 c\u0169ng \u0111\u00e3 c\u00f3 nh\u1eefng th\u1eddi k\u1ef3 huy ho\u00e0ng v\u00e0o th\u1ebf k\u1ef7 XVII \u2013 XVII n\u1ed5i danh nh\u01b0 m\u1ed9t \u201cth\u1ed5 s\u1ea3n qu\u1ed1c gia\u201d \u0111\u01b0\u1ee3c ti\u1ebfn vua c\u0169ng v\u00ec th\u1ebf m\u00e0 ti\u1ebfng l\u00e0nh \u0111\u1ed3n xa.<\/p>\n<div id=\"attachment_27182\" class=\"wp-caption alignnone\" style=\"width: 347px;\">\n<p><img loading=\"lazy\" decoding=\"async\" class=\"wp-image-27182 \" src=\"https:\/\/vntrip.cdn.vccloud.vn\/cam-nang\/wp-content\/uploads\/2017\/08\/lang-gom-thanh-ha-e1504844304227.jpg\" alt=\"Thuy\u1ebft minh v\u1ec1 l\u00e0ng g\u1ed1m Thanh H\u00e0 n\u1ed5i ti\u1ebfng \u0111\u1ea5t H\u1ed9i An\" width=\"347\" height=\"195\" \/><\/p>\n<p class=\"wp-caption-text\">Thuy\u1ebft minh v\u1ec1 l\u00e0ng g\u1ed1m Thanh H\u00e0 n\u1ed5i ti\u1ebfng \u0111\u1ea5t H\u1ed9i An (\u1ea3nh s\u01b0u t\u1ea7m)<\/p>\n<\/div>\n<h2><span id=\"Ban_do_Lang_Gom_Thanh_Ha\"><strong>B\u1ea3n \u0111\u1ed3 L\u00e0ng G\u1ed1m Thanh H\u00e0<\/strong><\/span><\/h2>\n<div id=\"attachment_42794\" class=\"wp-caption alignnone\" style=\"width: 342px;\">\n<p><img loading=\"lazy\" decoding=\"async\" class=\"wp-image-42794 \" src=\"https:\/\/vntrip.cdn.vccloud.vn\/cam-nang\/wp-content\/uploads\/2017\/08\/ban-do-lang-gom-thanh-ha-e1509960707277.jpg\" alt=\"B\u1ea3n \u0111\u1ed3 \u0111\u01b0\u1eddng \u0111i v\u1ecb tr\u00ed l\u00e0ng G\u1ed1m Thanh H\u00e0 (\u1ea2nh ST)\" width=\"342\" height=\"214\" \/><\/p>\n<p class=\"wp-caption-text\">B\u1ea3n \u0111\u1ed3 \u0111\u01b0\u1eddng \u0111i v\u1ecb tr\u00ed l\u00e0ng G\u1ed1m Thanh H\u00e0 (\u1ea2nh ST)<\/p>\n<\/div>\n<p>Bao s\u00f3ng gi\u00f3 th\u1eddi gian \u0111\u00e3 tr\u1ea3i qua n\u01a1i \u0111\u00e2y, c\u0169ng c\u00f3 nh\u1eefng th\u1eddi k\u1ef3 t\u01b0\u1edfng ch\u1eebng nh\u01b0 ngh\u1ec1 g\u1ed1m n\u01a1i \u0111\u00e2y r\u01a1i v\u00e0o qu\u00ean l\u00e3ng, nh\u01b0ng v\u1edbi c\u00e1i t\u00e2m v\u00e0 l\u00f2ng y\u00eau ngh\u1ec1, nh\u1eefng ngh\u1ec7 nh\u00e2n l\u00e0ng ngh\u1ec1 v\u1eabn quy\u1ebft t\u00e2m m\u1ed9t l\u1ea7n n\u1eefa l\u00e0m s\u1ed1ng l\u1ea1i n\u00e9t \u0111\u1eb9p c\u0169ng nh\u01b0 c\u00e1i h\u1ed3n c\u1ed1t c\u1ee7a m\u1ed9t l\u00e0ng ngh\u1ec1 truy\u1ec1n th\u1ed1ng. Ta t\u1ef1 h\u1ecfi,\u00a0<strong>l\u00e0ng Thanh H\u00e0<\/strong>\u00a0gi\u1edd s\u1ebd ra sao n\u1ebfu ngh\u1ec1 g\u1ed1m kh\u00f4ng c\u00f2n n\u1eefa? Th\u1eadt kh\u00f3 c\u00f3 c\u00e2u tr\u1ea3 l\u1eddi, nh\u01b0ng du kh\u00e1ch \u0111\u1ebfn v\u1edbi H\u1ed9i An gi\u1edd kh\u00f4ng c\u1ea7n lo l\u1eafng \u0111i\u1ec1u \u0111\u00f3 n\u1eefa. G\u1ed1m Thanh H\u00e0 \u0111ang s\u1ed1ng l\u1ea1i v\u00e0 kh\u00f4ng ng\u1eebng chuy\u1ec3n m\u00ecnh m\u1ea1nh m\u1ebd. Hi\u1ec7n l\u00e0ng ngh\u1ec1 \u0111\u00e3 tr\u1edf th\u00e0nh \u0111i\u1ec3m \u0111\u1ebfn thu h\u00fat du kh\u00e1ch trong n\u01b0\u1edbc v\u00e0 qu\u1ed1c t\u1ebf, \u0111\u1eb7c bi\u1ec7t \u00a0t\u1eeb sau khi \u0111\u00f4 th\u1ecb c\u1ed5 H\u1ed9i An \u0111\u01b0\u1ee3c c\u00f4ng nh\u1eadn l\u00e0 \u201cdi s\u1ea3n v\u0103n h\u00f3a th\u1ebf gi\u1edbi\u201d.<\/p>\n<div id=\"attachment_27175\" class=\"wp-caption alignnone\" style=\"width: 346px;\"><img loading=\"lazy\" decoding=\"async\" class=\"wp-image-27175 \" src=\"https:\/\/vntrip.cdn.vccloud.vn\/cam-nang\/wp-content\/uploads\/2017\/08\/gom-thanh-ha-1-e1504844080193.png\" alt=\"Du l\u1ecbch L\u00e0ng Thanh H\u00e0 \u0111\u1eb9p y\u00ean b\u00ecnh b\u00ean d\u00f2ng Thu B\u1ed3n\" width=\"346\" height=\"229\" \/><\/div>\n<\/div>\n<div class=\"block-t15\">\n<div class=\"row\">\n<div class=\"col-sm-8 table-striped\"><\/div>\n<\/div>\n<\/div>\n","protected":false},"featured_media":721,"comment_status":"open","ping_status":"closed","template":"","meta":[],"_links":{"self":[{"href":"http:\/\/vphcheck.com\/index.php\/wp-json\/wp\/v2\/product\/720"}],"collection":[{"href":"http:\/\/vphcheck.com\/index.php\/wp-json\/wp\/v2\/product"}],"about":[{"href":"http:\/\/vphcheck.com\/index.php\/wp-json\/wp\/v2\/types\/product"}],"replies":[{"embeddable":true,"href":"http:\/\/vphcheck.com\/index.php\/wp-json\/wp\/v2\/comments?post=720"}],"wp:featuredmedia":[{"embeddable":true,"href":"http:\/\/vphcheck.com\/index.php\/wp-json\/wp\/v2\/media\/721"}],"wp:attachment":[{"href":"http:\/\/vphcheck.com\/index.php\/wp-json\/wp\/v2\/media?parent=720"}],"curies":[{"name":"wp","href":"https:\/\/api.w.org\/{rel}","templated":true}]}}