{"id":712,"date":"2019-08-21T03:50:50","date_gmt":"2019-08-21T03:50:50","guid":{"rendered":"http:\/\/vphcheck.com\/?post_type=product&#038;p=712"},"modified":"2020-09-13T17:49:57","modified_gmt":"2020-09-13T17:49:57","slug":"thanh-tra-tien-phuoc","status":"publish","type":"product","link":"http:\/\/vphcheck.com\/index.php\/san-pham\/thanh-tra-tien-phuoc\/","title":{"rendered":"Thanh Tr\u00e0 Ti\u00ean Ph\u01b0\u1edbc"},"content":{"rendered":"<div class=\"SALvLe farUxc mJ2Mod\">\n<div class=\"i4J0ge\">\n<div class=\"xsZWvb EfDVh mod\" lang=\"vi-VN\" data-attrid=\"kc:\/location\/location:address\" data-md=\"1002\" data-hveid=\"CA8QAQ\" data-ved=\"2ahUKEwiDvv_fhZPkAhUMuY8KHdoDCRwQkCkwGXoECA8QAQ\">\n<div class=\"Z1hOCe\">\n<div class=\"zloOqf kno-fb-ctx PZPZlf\" data-dtype=\"d3ifr\" data-local-attribute=\"d3adr\" data-ved=\"2ahUKEwiDvv_fhZPkAhUMuY8KHdoDCRwQghwoADAZegQIDxAC\">\n<p><i>Thanh tr\u00e0 l\u00e0 lo\u1ea1i c\u00e2y \u0103n qu\u1ea3 \u0111\u1eb7c s\u1ea3n c\u1ee7a x\u1ee9 Ti\u00ean. \u0110\u1eb7c bi\u1ec7t do th\u00edch h\u1ee3p v\u1edbi th\u1ed5 nh\u01b0\u1ee1ng v\u00e0 kh\u00ed h\u1eadu Tr\u00e0 Kh\u00e2n (x\u00e3 Ti\u00ean Hi\u1ec7p) n\u00ean c\u00e2y thanh tr\u00e0 tr\u1ed3ng \u1edf v\u00f9ng qu\u00ea n\u00e0y c\u00f3 h\u01b0\u01a1ng v\u1ecb ngon ng\u1ecdt \u0111\u1eb7c bi\u1ec7t v\u00e0 \u0111\u01b0\u1ee3c th\u1ecb tr\u01b0\u1eddng \u01b0a chu\u1ed9ng h\u01a1n c\u1ea3.\u00a0<\/i><\/p>\n<\/div>\n<\/div>\n<\/div>\n<\/div>\n<\/div>\n","protected":false},"excerpt":{"rendered":"<p style=\"text-align: center;\"><img loading=\"lazy\" decoding=\"async\" class=\"aligncenter\" src=\"http:\/\/nongnghiep.vn\/Upload\/Image\/2013\/7\/14\/14072013134638.JPG\" alt=\"\" width=\"359\" height=\"269\" border=\"1\" \/><br \/>\n<strong><em>Thanh tr\u00e0 Tr\u00e0 Kh\u00e2n v\u00e0o v\u1ee5 thu ho\u1ea1ch<\/em><\/strong><\/p>\n","protected":false},"featured_media":713,"comment_status":"open","ping_status":"closed","template":"","meta":[],"_links":{"self":[{"href":"http:\/\/vphcheck.com\/index.php\/wp-json\/wp\/v2\/product\/712"}],"collection":[{"href":"http:\/\/vphcheck.com\/index.php\/wp-json\/wp\/v2\/product"}],"about":[{"href":"http:\/\/vphcheck.com\/index.php\/wp-json\/wp\/v2\/types\/product"}],"replies":[{"embeddable":true,"href":"http:\/\/vphcheck.com\/index.php\/wp-json\/wp\/v2\/comments?post=712"}],"wp:featuredmedia":[{"embeddable":true,"href":"http:\/\/vphcheck.com\/index.php\/wp-json\/wp\/v2\/media\/713"}],"wp:attachment":[{"href":"http:\/\/vphcheck.com\/index.php\/wp-json\/wp\/v2\/media?parent=712"}],"curies":[{"name":"wp","href":"https:\/\/api.w.org\/{rel}","templated":true}]}}