{"id":710,"date":"2019-08-21T03:46:14","date_gmt":"2019-08-21T03:46:14","guid":{"rendered":"http:\/\/vphcheck.com\/?post_type=product&#038;p=710"},"modified":"2020-09-13T17:49:57","modified_gmt":"2020-09-13T17:49:57","slug":"rong-mut-tam-hai","status":"publish","type":"product","link":"http:\/\/vphcheck.com\/index.php\/san-pham\/rong-mut-tam-hai\/","title":{"rendered":"Rong M\u1ee9t Tam H\u1ea3i"},"content":{"rendered":"<div class=\"SALvLe farUxc mJ2Mod\">\n<div class=\"i4J0ge\">\n<div class=\"xsZWvb EfDVh mod\" lang=\"vi-VN\" data-attrid=\"kc:\/location\/location:address\" data-md=\"1002\" data-hveid=\"CA8QAQ\" data-ved=\"2ahUKEwiDvv_fhZPkAhUMuY8KHdoDCRwQkCkwGXoECA8QAQ\">\n<div class=\"Z1hOCe\">\n<div class=\"zloOqf kno-fb-ctx PZPZlf\" data-dtype=\"d3ifr\" data-local-attribute=\"d3adr\" data-ved=\"2ahUKEwiDvv_fhZPkAhUMuY8KHdoDCRwQghwoADAZegQIDxAC\">\n<p>Trong nh\u1eefng ng\u00e0y kh\u00f4ng kh\u00ed T\u1ebft v\u1eabn c\u00f2n ch\u01b0a v\u01a1i, v\u1ec1 v\u1edbi th\u00f4n Thu\u1eadn An, x\u00e3 \u0111\u1ea3o Tam H\u1ea3i, huy\u1ec7n N\u00fai Th\u00e0nh (Qu\u1ea3ng Nam), ng\u01b0\u1eddi d\u00e2n vui h\u01a1n b\u1edfi v\u1ee5 rau m\u1ee9t \u0111ang v\u00e0o cu\u1ed1i m\u00f9a. V\u1eeba l\u00e0 m\u1ed9t m\u00f3n \u0103n ngon, v\u1eeba l\u00e0 m\u1ed9t \u0111\u1eb7c s\u1ea3n cho thu nh\u1eadp cao n\u00ean h\u1ea7u nh\u01b0 ai ai \u1edf x\u00e3 \u0111\u1ea3o n\u00e0y c\u0169ng mong ch\u1edd v\u00e0 c\u1ea3 nh\u00e0 \u0111\u1ec1u \u0111i h\u00e1i rau m\u1ee9t.<\/p>\n<\/div>\n<\/div>\n<\/div>\n<\/div>\n<\/div>\n","protected":false},"excerpt":{"rendered":"<p>Trong nh\u1eefng ng\u00e0y kh\u00f4ng kh\u00ed T\u1ebft v\u1eabn c\u00f2n ch\u01b0a v\u01a1i, v\u1ec1 v\u1edbi th\u00f4n Thu\u1eadn An, x\u00e3 \u0111\u1ea3o Tam H\u1ea3i, huy\u1ec7n N\u00fai Th\u00e0nh (Qu\u1ea3ng Nam), ng\u01b0\u1eddi d\u00e2n vui h\u01a1n b\u1edfi v\u1ee5 rau m\u1ee9t \u0111ang v\u00e0o cu\u1ed1i m\u00f9a. V\u1eeba l\u00e0 m\u1ed9t m\u00f3n \u0103n ngon, v\u1eeba l\u00e0 m\u1ed9t \u0111\u1eb7c s\u1ea3n cho thu nh\u1eadp cao n\u00ean h\u1ea7u nh\u01b0 ai [&hellip;]<\/p>\n","protected":false},"featured_media":711,"comment_status":"open","ping_status":"closed","template":"","meta":[],"_links":{"self":[{"href":"http:\/\/vphcheck.com\/index.php\/wp-json\/wp\/v2\/product\/710"}],"collection":[{"href":"http:\/\/vphcheck.com\/index.php\/wp-json\/wp\/v2\/product"}],"about":[{"href":"http:\/\/vphcheck.com\/index.php\/wp-json\/wp\/v2\/types\/product"}],"replies":[{"embeddable":true,"href":"http:\/\/vphcheck.com\/index.php\/wp-json\/wp\/v2\/comments?post=710"}],"wp:featuredmedia":[{"embeddable":true,"href":"http:\/\/vphcheck.com\/index.php\/wp-json\/wp\/v2\/media\/711"}],"wp:attachment":[{"href":"http:\/\/vphcheck.com\/index.php\/wp-json\/wp\/v2\/media?parent=710"}],"curies":[{"name":"wp","href":"https:\/\/api.w.org\/{rel}","templated":true}]}}