{"id":708,"date":"2019-08-21T03:43:05","date_gmt":"2019-08-21T03:43:05","guid":{"rendered":"http:\/\/vphcheck.com\/?post_type=product&#038;p=708"},"modified":"2020-09-13T17:49:57","modified_gmt":"2020-09-13T17:49:57","slug":"lua-ma-chau","status":"publish","type":"product","link":"http:\/\/vphcheck.com\/index.php\/san-pham\/lua-ma-chau\/","title":{"rendered":"L\u1ee5a M\u00e3 Ch\u00e2u"},"content":{"rendered":"<div class=\"SALvLe farUxc mJ2Mod\">\n<div class=\"i4J0ge\">\n<div class=\"xsZWvb EfDVh mod\" lang=\"vi-VN\" data-attrid=\"kc:\/location\/location:address\" data-md=\"1002\" data-hveid=\"CA8QAQ\" data-ved=\"2ahUKEwiDvv_fhZPkAhUMuY8KHdoDCRwQkCkwGXoECA8QAQ\">\n<div class=\"Z1hOCe\">\n<div class=\"zloOqf kno-fb-ctx PZPZlf\" data-dtype=\"d3ifr\" data-local-attribute=\"d3adr\" data-ved=\"2ahUKEwiDvv_fhZPkAhUMuY8KHdoDCRwQghwoADAZegQIDxAC\"><span class=\"w8qArf\">\u0110\u1ecba ch\u1ec9:\u00a0<\/span><span class=\"LrzXr\">211 Tr\u01b0\u01a1ng Ch\u00ed C\u01b0\u01a1ng, TT. Nam Ph\u01b0\u1edbc, Duy Xuy\u00ean, Qu\u1ea3ng Nam<\/span><\/p>\n<div class=\"GDRHkb r-ifR_G4I1kRYc\"><span class=\"w8qArf\">\u0110i\u1ec7n tho\u1ea1i:\u00a0<\/span><span class=\"LrzXr zdqRlf kno-fv\"><span data-dtype=\"d3ifr\" data-local-attribute=\"d3ph\">097 900 35 11<\/span><\/span><\/div>\n<\/div>\n<\/div>\n<\/div>\n<\/div>\n<\/div>\n","protected":false},"excerpt":{"rendered":"<div class=\"_5aj7 _3-8j\">\n<div class=\"_4bl7 _3-90 _a8s\"><img decoding=\"async\" class=\"_1579 img\" src=\"https:\/\/static.xx.fbcdn.net\/rsrc.php\/v3\/yO\/r\/fTt3W6Nw8z-.png?_nc_x=T8elJS7WcNL\" alt=\"\" \/><\/div>\n<div class=\"_4bl9\">\n<div class=\"_50f4\">Gi\u1edbi thi\u1ec7u<\/div>\n<div class=\"_3-8w\">L\u1ee5a M\u00e3 Ch\u00e2u cam k\u1ebft cung c\u1ea5p cho kh\u00e1ch h\u00e0ng nh\u1eefng s\u1ea3n ph\u1ea9m 100% t\u01a1 t\u1eb1m cao c\u1ea5p.<br \/>\n\u0110i\u0323a chi\u0309: Duy Xuy\u00ean, Qua\u0309ng Nam.<br \/>\nS\u00f4\u0301 \u0111i\u00ea\u0323n thoa\u0323i li\u00ean h\u00ea\u0323: 0979.003.511<\/div>\n<\/div>\n<div class=\"_4bl7 _3-99\"><\/div>\n<\/div>\n<div class=\"_5aj7 _3-8j\">\n<div class=\"_4bl7 _3-90 _a8s\"><img decoding=\"async\" class=\"_1579 img\" src=\"https:\/\/static.xx.fbcdn.net\/rsrc.php\/v3\/yO\/r\/fTt3W6Nw8z-.png?_nc_x=T8elJS7WcNL\" alt=\"\" \/><\/div>\n<div class=\"_4bl9\">\n<div class=\"_50f4\"><\/div>\n<div class=\"_3-8w\">Thanh toa\u0301n va\u0300 giao ha\u0300ng:<br \/>\n+ kha\u0301ch ha\u0300ng n\u00f4\u0323i ti\u0309nh: giao ha\u0300ng t\u00e2\u0323n n\u01a1i va\u0300 nh\u00e2\u0323n ti\u00ea\u0300n m\u0103\u0323t.<br \/>\n+ kha\u0301ch ha\u0300ng kha\u0301c ti\u0309nh : kh chuy\u00ea\u0309n ti\u00ea\u0300n va\u0300o ta\u0300i khoa\u0309n cu\u0309a HTX sau \u0111o\u0301 HTX se\u0303 chuy\u00ea\u0309n ha\u0300ng qua \u0111\u01b0\u01a1\u0300ng b\u01b0u \u0111i\u00ea\u0323n.<\/div>\n<\/div>\n<div class=\"_4bl7 _3-99\"><\/div>\n<\/div>\n<div class=\"_5aj7 _3-8j\">\n<div class=\"_4bl7 _3-90 _a8s\"><img decoding=\"async\" class=\"_1579 img\" src=\"https:\/\/static.xx.fbcdn.net\/rsrc.php\/v3\/y3\/r\/5t8YzgnFXRP.png?_nc_x=T8elJS7WcNL\" alt=\"\" \/><\/div>\n<div class=\"_4bl9\">\n<div class=\"_50f4\">Gi\u1ea3i th\u01b0\u1edfng<\/div>\n<div class=\"_3-8w\">Sa\u0309n ph\u00e2\u0309m c\u00f4ng nghi\u00ea\u0323p n\u00f4ng th\u00f4n ti\u00eau bi\u00ea\u0309u n\u0103m 2014<\/div>\n<\/div>\n<\/div>\n","protected":false},"featured_media":709,"comment_status":"open","ping_status":"closed","template":"","meta":[],"_links":{"self":[{"href":"http:\/\/vphcheck.com\/index.php\/wp-json\/wp\/v2\/product\/708"}],"collection":[{"href":"http:\/\/vphcheck.com\/index.php\/wp-json\/wp\/v2\/product"}],"about":[{"href":"http:\/\/vphcheck.com\/index.php\/wp-json\/wp\/v2\/types\/product"}],"replies":[{"embeddable":true,"href":"http:\/\/vphcheck.com\/index.php\/wp-json\/wp\/v2\/comments?post=708"}],"wp:featuredmedia":[{"embeddable":true,"href":"http:\/\/vphcheck.com\/index.php\/wp-json\/wp\/v2\/media\/709"}],"wp:attachment":[{"href":"http:\/\/vphcheck.com\/index.php\/wp-json\/wp\/v2\/media?parent=708"}],"curies":[{"name":"wp","href":"https:\/\/api.w.org\/{rel}","templated":true}]}}