{"id":639,"date":"2019-05-16T03:41:01","date_gmt":"2019-05-16T03:41:01","guid":{"rendered":"http:\/\/vphcheck.com\/?post_type=product&#038;p=639"},"modified":"2020-09-13T17:50:17","modified_gmt":"2020-09-13T17:50:17","slug":"den-long-hoi-an-de-lantana","status":"publish","type":"product","link":"http:\/\/vphcheck.com\/index.php\/san-pham\/den-long-hoi-an-de-lantana\/","title":{"rendered":"\u0110\u00e8n l\u1ed3ng H\u1ed9i An (D\u00e9 Lantana)"},"content":{"rendered":"<p><center>S\u1ea3n ph\u1ea9m \u0111\u1ea1t <span style=\"color: red;\"><b>***<\/b><\/span> theo Quy\u1ebft \u0111\u1ecbnh s\u1ed1 365\/Q\u0110-UBND ng\u00e0y 31\/01\/2019 c\u1ee7a UBND t\u1ec9nh Qu\u1ea3ng Nam<br \/>\n<img loading=\"lazy\" decoding=\"async\" class=\"alignnone  wp-image-640\" src=\"http:\/\/vphcheck.com\/wp-content\/uploads\/2019\/05\/1079034_1010676425637777_7232474060309898820_o.jpg\" alt=\"\" width=\"342\" height=\"126\" srcset=\"http:\/\/vphcheck.com\/wp-content\/uploads\/2019\/05\/1079034_1010676425637777_7232474060309898820_o.jpg 1142w, http:\/\/vphcheck.com\/wp-content\/uploads\/2019\/05\/1079034_1010676425637777_7232474060309898820_o-300x111.jpg 300w, http:\/\/vphcheck.com\/wp-content\/uploads\/2019\/05\/1079034_1010676425637777_7232474060309898820_o-768x283.jpg 768w, http:\/\/vphcheck.com\/wp-content\/uploads\/2019\/05\/1079034_1010676425637777_7232474060309898820_o-1024x377.jpg 1024w\" sizes=\"(max-width: 342px) 100vw, 342px\" \/><\/center><\/p>\n","protected":false},"excerpt":{"rendered":"<div class=\"_5aj7 _3-8j\">\n<div>\n<div class=\"_5po3\">\n<div class=\"_50f7\">TH\u00d4NG TIN LI\u00caN H\u1ec6<\/div>\n<\/div>\n<div class=\"_5aj7 _3-8j\">\n<div class=\"_4bl7 _3-90 _a8s\"><img decoding=\"async\" class=\"_1579 img\" src=\"https:\/\/static.xx.fbcdn.net\/rsrc.php\/v3\/yJ\/r\/4VjyF4t9Hqt.png?_nc_eui2=AeFJvAP9zhzjjmU-dCUnX-ue3gbS34HwyXYqYrQ4FuMSwAzR3n7qDPmlYy3psoBjdT2ld1lCvHm6tlZwghrsbaCPbnRvkQARv-yfLRuTrpNMqA\" alt=\"\" \/>\u00a0G\u1ecdi 0235 6288 789<\/div>\n<div class=\"_4bl7\"><\/div>\n<\/div>\n<div class=\"clearfix _ikh _3-8j _20ud\">\n<div class=\"_4bl7 _3-90 _a8s\"><img decoding=\"async\" class=\"_1579 img\" src=\"https:\/\/static.xx.fbcdn.net\/rsrc.php\/v3\/y2\/r\/pX5T_6D5boI.png?_nc_eui2=AeGyOiZSaDzjEu4kLpOJeE40_M2v9GiqB2Ddumau2b1EOTpQWJDUUSMwZdrEXtMlEzezebMrj1ULJ8mxnt3pPLF0KFPyoYPTsyrKUjckLGiQsQ\" alt=\"\" \/>\u00a0<a id=\"u_0_15\" href=\"https:\/\/m.me\/delantana?fbclid=IwAR1yV6F7NujlcwXtJiknVZ9Fd9R6L8JN4GGEayQAunyPy4CudspkpzQ4cd4\" target=\"_blank\" rel=\"noopener nofollow\" data-lynx-mode=\"asynclazy\" data-lynx-uri=\"https:\/\/l.facebook.com\/l.php?u=https%3A%2F%2Fm.me%2Fdelantana%3Ffbclid%3DIwAR1yV6F7NujlcwXtJiknVZ9Fd9R6L8JN4GGEayQAunyPy4CudspkpzQ4cd4&amp;h=AT2Rl7PpTYht6yxHU3nxfSgK8JIzxQ5jAJaaWRRnhGzQxFMS9wCZ0Db91ibwFLyzJsvlyn_KsWPvL0EwYAAiCO2vsyF8uNnT_aU2arObUQ1Ety200wQKj6WvOo0dOgLl5zsKwHtkaNiZUmNBST4O\"><span class=\"_2iem\">m.me\/delantana<\/span><\/a><img decoding=\"async\" class=\"_6a0z img\" src=\"https:\/\/static.xx.fbcdn.net\/rsrc.php\/v3\/y2\/r\/x-0yuiNw1AX.png?_nc_eui2=AeFhj3KKh3zX9AIClXyhHOtUKlt_tPATUU10sl5o9LEHm3uru1ErO16kgyfblA6DHzgdX0zSt7slrs8iBmerB08f2zg8PfLJYH5gw7dcw_JuqQ\" alt=\"\" data-hover=\"tooltip\" data-tooltip-content=\"Li\u00ean k\u1ebft m.me l\u00e0 URL r\u00fat g\u1ecdn m\u00e0 m\u1ecdi ng\u01b0\u1eddi c\u00f3 th\u1ec3 d\u00f9ng \u0111\u1ec3 chuy\u1ec3n th\u1eb3ng t\u1edbi cu\u1ed9c tr\u00f2 chuy\u1ec7n tr\u00ean Messenger.\" \/><\/div>\n<\/div>\n<div class=\"_5aj7 _3-8j\">\n<div class=\"_4bl7 _3-90 _a8s\"><img decoding=\"async\" class=\"_1579 img\" src=\"https:\/\/static.xx.fbcdn.net\/rsrc.php\/v3\/yy\/r\/vKDzW_MdhyP.png?_nc_eui2=AeGBMDvLhU37i8tTeUI_V2C2ZkgjI6ZLBPvRWKT6N2y0m8_mRp3ZRFS7nmtdqdXwW6GiZ9tQ_-BF2excwglh-lXWQE17kqvQvWOABdIAc2-_yQ\" alt=\"\" \/>\u00a0hieunguyen@delantana.com<\/div>\n<div class=\"_4bl7\"><img decoding=\"async\" class=\"_1579 img\" src=\"https:\/\/static.xx.fbcdn.net\/rsrc.php\/v3\/yV\/r\/EaDvTjOwxIV.png?_nc_eui2=AeE4igA2CkKaX6GzBhBSVCx9frIdBzP97KcTY9SfsykfAX6ITaDxZaR1XMrynU5oHH8mm_s3e-cRTYU3AjhNQASGbQys0stixpohJZrRUCrOhA\" alt=\"\" \/>\u00a0http:\/\/www.delantana.com<\/div>\n<\/div>\n<\/div>\n<div class=\"_4bl7 _3-90 _a8s\"><img decoding=\"async\" class=\"_1579 img\" src=\"https:\/\/static.xx.fbcdn.net\/rsrc.php\/v3\/yO\/r\/fTt3W6Nw8z-.png?_nc_eui2=AeGitAVGFrnJ62J9Ayh-1Y10cB_b0dWshBJ9xf_0HeUCE74d9p6UM8ncAb8qwYk5AZtNDSpHPzV5giE5C098iW5m70WB3ojV-soDc0yzB92OHQ\" alt=\"\" \/>\u00a0Gi\u1edbi thi\u1ec7u<\/div>\n<div class=\"_4bl9\">\n<div class=\"_3-8w\">D\u00e9 Lantana &#8211; Silk Lantern &amp; Lamp<br \/>\nWebsite :\u00a0<span class=\"fwb\"><a href=\"https:\/\/l.facebook.com\/l.php?u=http%3A%2F%2Fwww.delantana.com%2F%3Ffbclid%3DIwAR36iCfJJRZAv5jmW-ny3o2tp0MtmAQOfr_CcjnF1oLT0fjx-tpnLQdJVb4&amp;h=AT3MJddW6CMuGH0f22qEtQ05ZR2We4ZVXrfUubZj2c5jtZsFVWgYVl9QJjUouJrNR2v7QaVwdsdxPw3JsJnwNvOyADZ2JRz-j2_L5fXDNvoMEC8OJGqazCKv-u4JvoOQw1WLBvDv6Yg1DaF1NRHEJEY\" target=\"_blank\" rel=\"noopener nofollow\" data-ft=\"{&quot;tn&quot;:&quot;-U&quot;}\" data-lynx-mode=\"asynclazy\">http:\/\/www.delantana.com\/<\/a><\/span><br \/>\nPhone : +84 235 6 288 789<\/div>\n<\/div>\n<div class=\"_4bl7\"><\/div>\n<\/div>\n<div class=\"_5aj7 _3-8j\">\n<div class=\"_4bl7 _3-90 _a8s\"><img decoding=\"async\" class=\"_1579 img\" src=\"https:\/\/static.xx.fbcdn.net\/rsrc.php\/v3\/yO\/r\/fTt3W6Nw8z-.png?_nc_eui2=AeGitAVGFrnJ62J9Ayh-1Y10cB_b0dWshBJ9xf_0HeUCE74d9p6UM8ncAb8qwYk5AZtNDSpHPzV5giE5C098iW5m70WB3ojV-soDc0yzB92OHQ\" alt=\"\" \/>\u00a0Welcome to our fan page, where we are providing all types of lamps such as Silk Lantern, Table Lamp and Ceiling Lamp, etc &#8230;<\/div>\n<div class=\"_4bl9\">\n<div class=\"_3-8w\">Find more at:\u00a0<span class=\"fwb\"><a href=\"https:\/\/l.facebook.com\/l.php?u=http%3A%2F%2Fwww.delantana.com%2F%3Ffbclid%3DIwAR22ePwp01g8g85Hq9z3YBZE7QYZ_7pbbpou0UYQPy5lGu_7k9Fdjs60a08&amp;h=AT2pp6KZwJjhwfWLFJvL7Wp1EjM6Gd6LKkGZygZp3teNg5ANxHc3WyhdaTPOxwWHUR3hUUHXfcuOGBtYe1bvi4ACE3lSDSTwikJT3UjaoPlAevEX6K1HiOaPuS_dje1CSt9fXeQL0DKGe4fhdIDKhCQ\" target=\"_blank\" rel=\"noopener nofollow\" data-ft=\"{&quot;tn&quot;:&quot;-U&quot;}\" data-lynx-mode=\"asynclazy\">www.delantana.com<\/a><\/span><br \/>\nContact with us :<br \/>\nEmail : hieunguyen@delantana.com ( Marketing Manager)<br \/>\nPhone Number : +84 235 6 288 789 ( Sales )<\/div>\n<\/div>\n<div class=\"_4bl7\"><\/div>\n<\/div>\n<div class=\"_5aj7 _3-8j\">\n<div class=\"_4bl7 _3-90 _a8s\"><img decoding=\"async\" class=\"_1579 img\" src=\"https:\/\/static.xx.fbcdn.net\/rsrc.php\/v3\/yO\/r\/fTt3W6Nw8z-.png?_nc_eui2=AeGitAVGFrnJ62J9Ayh-1Y10cB_b0dWshBJ9xf_0HeUCE74d9p6UM8ncAb8qwYk5AZtNDSpHPzV5giE5C098iW5m70WB3ojV-soDc0yzB92OHQ\" alt=\"\" \/>\u00a0S\u1ea3n ph\u1ea9m<\/div>\n<div class=\"_4bl9\">\n<div class=\"_3-8w\">\u0110\u00e8n l\u1ed3ng H\u1ed9i An, \u0111\u00e8n l\u1ed3ng l\u1ee5a , \u0111\u00e8n trang tr\u00ed ( \u0111\u00e8n b\u00e0n, \u0111\u00e8n tr\u1ea7n ).<br \/>\nHoi An lantern , silk lantern , table lamp , ceiling lamp.<\/div>\n<\/div>\n<\/div>\n","protected":false},"featured_media":603,"comment_status":"open","ping_status":"closed","template":"","meta":[],"_links":{"self":[{"href":"http:\/\/vphcheck.com\/index.php\/wp-json\/wp\/v2\/product\/639"}],"collection":[{"href":"http:\/\/vphcheck.com\/index.php\/wp-json\/wp\/v2\/product"}],"about":[{"href":"http:\/\/vphcheck.com\/index.php\/wp-json\/wp\/v2\/types\/product"}],"replies":[{"embeddable":true,"href":"http:\/\/vphcheck.com\/index.php\/wp-json\/wp\/v2\/comments?post=639"}],"wp:featuredmedia":[{"embeddable":true,"href":"http:\/\/vphcheck.com\/index.php\/wp-json\/wp\/v2\/media\/603"}],"wp:attachment":[{"href":"http:\/\/vphcheck.com\/index.php\/wp-json\/wp\/v2\/media?parent=639"}],"curies":[{"name":"wp","href":"https:\/\/api.w.org\/{rel}","templated":true}]}}