{"id":610,"date":"2019-03-06T01:29:57","date_gmt":"2019-03-06T01:29:57","guid":{"rendered":"http:\/\/vphcheck.com\/?post_type=product&#038;p=610"},"modified":"2020-09-13T17:50:18","modified_gmt":"2020-09-13T17:50:18","slug":"tui-a-dhir-tho-cam-co-tu","status":"publish","type":"product","link":"http:\/\/vphcheck.com\/index.php\/san-pham\/tui-a-dhir-tho-cam-co-tu\/","title":{"rendered":"T\u00fai A \u0110Hir &#8211; Th\u1ed5 c\u1ea9m C\u01a1 tu"},"content":{"rendered":"<p><center>S\u1ea3n ph\u1ea9m \u0111\u1ea1t <font color=red><b>***<\/b><\/font> theo Quy\u1ebft \u0111\u1ecbnh s\u1ed1 365\/Q\u0110-UBND ng\u00e0y 31\/01\/2019 c\u1ee7a UBND t\u1ec9nh Qu\u1ea3ng Nam<br \/>\n<img decoding=\"async\" src=\"http:\/\/vphcheck.com\/wp-content\/uploads\/2019\/03\/small-hand-bag1.jpg\" alt=\"\" width=\"340\" class=\"alignnone size-full wp-image-611\" \/><\/center><\/p>\n","protected":false},"excerpt":{"rendered":"<p>H\u1ee3p T\u00e1c X\u00e3 D\u1ec7t Th\u1ed5 C\u1ea9m C\u01a1Tu ZaRa Nam Giang<br \/>\nTh\u00f4n Za Ra &#8211; X\u00e3 T\u00e0 Bhing &#8211; Huy\u1ec7n Nam Giang &#8211; Qu\u1ea3ng Nam<br \/>\nMST:\u00a0<strong>4000848319<\/strong><\/p>\n<p>Gi\u00e1m \u0111\u1ed1c:\u00a0Nguy\u1ec5n Th\u1ecb Kim Lan<\/p>\n<p><img loading=\"lazy\" decoding=\"async\" class=\"wp-image-612 aligncenter\" src=\"http:\/\/vphcheck.com\/wp-content\/uploads\/2019\/03\/images1300963_Anh_san_pham_Za_Ra.jpg\" alt=\"\" width=\"345\" height=\"227\" \/><\/p>\n<p><strong>B\u1ea3n \u0111\u1ed3 v\u00f9ng s\u1ea3n xu\u1ea5t v\u00e0 nguy\u00ean li\u1ec7u<\/strong><\/p>\n<p><iframe loading=\"lazy\" src=\"https:\/\/www.google.com\/maps\/embed?pb=!1m18!1m12!1m3!1d245870.85061956843!2d107.53699835667805!3d15.659251189652908!2m3!1f0!2f0!3f0!3m2!1i1024!2i768!4f13.1!3m3!1m2!1s0x316a0cfb5d174ac9%3A0x76f928b855b15e36!2zVMOgIEInSGluZywgTmFtIEdpYW5nLCBRdeG6o25nIE5hbSwgVmnhu4d0IE5hbQ!5e0!3m2!1svi!2s!4v1551836232025\" width=\"350\" height=\"320\" frameborder=\"0\" style=\"border:0\" allowfullscreen><\/iframe><\/p>\n<p>C\u00e1c th\u00f4ng tin tr\u00ean \u0111\u01b0\u1ee3c cung c\u1ea5p b\u1edfi HTX d\u1ec7t th\u1ed5 c\u1ea9m C\u01a1 tu &#8211; ZaRa <\/p>\n","protected":false},"featured_media":603,"comment_status":"open","ping_status":"closed","template":"","meta":[],"_links":{"self":[{"href":"http:\/\/vphcheck.com\/index.php\/wp-json\/wp\/v2\/product\/610"}],"collection":[{"href":"http:\/\/vphcheck.com\/index.php\/wp-json\/wp\/v2\/product"}],"about":[{"href":"http:\/\/vphcheck.com\/index.php\/wp-json\/wp\/v2\/types\/product"}],"replies":[{"embeddable":true,"href":"http:\/\/vphcheck.com\/index.php\/wp-json\/wp\/v2\/comments?post=610"}],"wp:featuredmedia":[{"embeddable":true,"href":"http:\/\/vphcheck.com\/index.php\/wp-json\/wp\/v2\/media\/603"}],"wp:attachment":[{"href":"http:\/\/vphcheck.com\/index.php\/wp-json\/wp\/v2\/media?parent=610"}],"curies":[{"name":"wp","href":"https:\/\/api.w.org\/{rel}","templated":true}]}}