{"id":545,"date":"2018-12-22T14:51:54","date_gmt":"2018-12-22T14:51:54","guid":{"rendered":"http:\/\/vphcheck.com\/?post_type=product&#038;p=545"},"modified":"2020-09-13T17:50:44","modified_gmt":"2020-09-13T17:50:44","slug":"vn-da-thanh-mart-trai-cay-htx-phuoc-ninh","status":"publish","type":"product","link":"http:\/\/vphcheck.com\/index.php\/san-pham\/vn-da-thanh-mart-trai-cay-htx-phuoc-ninh\/","title":{"rendered":"HTX N\u00f4ng nghi\u1ec7p Ph\u01b0\u1edbc Ninh"},"content":{"rendered":"<p><img loading=\"lazy\" decoding=\"async\" class=\"wp-image-707 aligncenter\" src=\"http:\/\/vphcheck.com\/wp-content\/uploads\/2018\/12\/80b5694b662e8170d83f-726x1024.jpg\" alt=\"\" width=\"350\" height=\"493\" srcset=\"http:\/\/vphcheck.com\/wp-content\/uploads\/2018\/12\/80b5694b662e8170d83f-726x1024.jpg 726w, http:\/\/vphcheck.com\/wp-content\/uploads\/2018\/12\/80b5694b662e8170d83f-213x300.jpg 213w, http:\/\/vphcheck.com\/wp-content\/uploads\/2018\/12\/80b5694b662e8170d83f-768x1083.jpg 768w, http:\/\/vphcheck.com\/wp-content\/uploads\/2018\/12\/80b5694b662e8170d83f.jpg 908w\" sizes=\"(max-width: 350px) 100vw, 350px\" \/><\/p>\n<p><img loading=\"lazy\" decoding=\"async\" class=\"wp-image-706 aligncenter\" src=\"http:\/\/vphcheck.com\/wp-content\/uploads\/2018\/12\/2ffde97fe61a0144580b.jpg\" alt=\"\" width=\"350\" height=\"467\" srcset=\"http:\/\/vphcheck.com\/wp-content\/uploads\/2018\/12\/2ffde97fe61a0144580b.jpg 720w, http:\/\/vphcheck.com\/wp-content\/uploads\/2018\/12\/2ffde97fe61a0144580b-225x300.jpg 225w\" sizes=\"(max-width: 350px) 100vw, 350px\" \/><\/p>\n","protected":false},"excerpt":{"rendered":"<p><span style=\"color: #ff0000;\"><strong>Chuy\u00ean:<\/strong><\/span><\/p>\n<ol>\n<li><span style=\"color: #0000ff;\">Ch\u0103n nu\u00f4i gia c\u1ea7m<\/span><\/li>\n<li><span style=\"color: #0000ff;\">Ch\u0103n nu\u00f4i l\u1ee3n v\u00e0 s\u1ea3n xu\u1ea5t gi\u1ed1ng l\u1ee3n<\/span><\/li>\n<li><span style=\"color: #0000ff;\">Ho\u1ea1t \u0111\u1ed9ng d\u1ecbch v\u1ee5 tr\u1ed3ng tr\u1ecdt v\u00e0 ch\u0103n nu\u00f4i<\/span><\/li>\n<li><span style=\"color: #0000ff;\">Ch\u1ebf bi\u1ebfn, b\u1ea3o qu\u1ea3n th\u1ecbt v\u00e0 c\u00e1c s\u1ea3n ph\u1ea9m t\u1eeb th\u1ecbt<\/span><\/li>\n<\/ol>\n<ul>\n<li>T\u00ean nh\u00e0 s\u1ea3n xu\u1ea5t: HTX N\u00f4ng, L\u00e2m nghi\u1ec7p v\u00e0 D\u1ecbch v\u1ee5 x\u00e3 Ph\u01b0\u1edbc Ninh<\/li>\n<li>\u0110\u1ecba ch\u1ec9: Th\u00f4n B\u00ecnh Y\u00ean x\u00e3 Ph\u01b0\u1edbc Ninh huy\u1ec7n N\u00f4ng S\u01a1n t\u1ec9nh Qu\u1ea3ng Nam<\/li>\n<li>S\u0110T 0905.546.677 \u2013 Anh L\u00e2m<\/li>\n<\/ul>\n<p><img loading=\"lazy\" decoding=\"async\" class=\"wp-image-699 aligncenter\" src=\"http:\/\/vphcheck.com\/wp-content\/uploads\/2018\/12\/67970849_702332023567103_2068402536892596224_n.jpg\" alt=\"\" width=\"350\" height=\"467\" srcset=\"http:\/\/vphcheck.com\/wp-content\/uploads\/2018\/12\/67970849_702332023567103_2068402536892596224_n.jpg 720w, http:\/\/vphcheck.com\/wp-content\/uploads\/2018\/12\/67970849_702332023567103_2068402536892596224_n-225x300.jpg 225w\" sizes=\"(max-width: 350px) 100vw, 350px\" \/><\/p>\n<p><img loading=\"lazy\" decoding=\"async\" class=\"wp-image-700 aligncenter\" src=\"http:\/\/vphcheck.com\/wp-content\/uploads\/2018\/12\/67974458_2074912879470182_132496330877566976_n.jpg\" alt=\"\" width=\"355\" height=\"475\" srcset=\"http:\/\/vphcheck.com\/wp-content\/uploads\/2018\/12\/67974458_2074912879470182_132496330877566976_n.jpg 717w, http:\/\/vphcheck.com\/wp-content\/uploads\/2018\/12\/67974458_2074912879470182_132496330877566976_n-224x300.jpg 224w\" sizes=\"(max-width: 355px) 100vw, 355px\" \/><\/p>\n<p><img loading=\"lazy\" decoding=\"async\" class=\"wp-image-701 aligncenter\" src=\"http:\/\/vphcheck.com\/wp-content\/uploads\/2018\/12\/69146752_670531943432163_6325796256396345344_n.jpg\" alt=\"\" width=\"355\" height=\"473\" srcset=\"http:\/\/vphcheck.com\/wp-content\/uploads\/2018\/12\/69146752_670531943432163_6325796256396345344_n.jpg 720w, http:\/\/vphcheck.com\/wp-content\/uploads\/2018\/12\/69146752_670531943432163_6325796256396345344_n-225x300.jpg 225w\" sizes=\"(max-width: 355px) 100vw, 355px\" \/><\/p>\n","protected":false},"featured_media":538,"comment_status":"open","ping_status":"closed","template":"","meta":[],"_links":{"self":[{"href":"http:\/\/vphcheck.com\/index.php\/wp-json\/wp\/v2\/product\/545"}],"collection":[{"href":"http:\/\/vphcheck.com\/index.php\/wp-json\/wp\/v2\/product"}],"about":[{"href":"http:\/\/vphcheck.com\/index.php\/wp-json\/wp\/v2\/types\/product"}],"replies":[{"embeddable":true,"href":"http:\/\/vphcheck.com\/index.php\/wp-json\/wp\/v2\/comments?post=545"}],"wp:featuredmedia":[{"embeddable":true,"href":"http:\/\/vphcheck.com\/index.php\/wp-json\/wp\/v2\/media\/538"}],"wp:attachment":[{"href":"http:\/\/vphcheck.com\/index.php\/wp-json\/wp\/v2\/media?parent=545"}],"curies":[{"name":"wp","href":"https:\/\/api.w.org\/{rel}","templated":true}]}}