{"id":528,"date":"2018-12-22T14:11:11","date_gmt":"2018-12-22T14:11:11","guid":{"rendered":"http:\/\/vphcheck.com\/?post_type=product&#038;p=528"},"modified":"2020-09-13T17:50:44","modified_gmt":"2020-09-13T17:50:44","slug":"nep-bau-tam-my","status":"publish","type":"product","link":"http:\/\/vphcheck.com\/index.php\/san-pham\/nep-bau-tam-my\/","title":{"rendered":"N\u1ebfp b\u1ea7u Tam M\u1ef9"},"content":{"rendered":"","protected":false},"excerpt":{"rendered":"<ul>\n<li>S\u1ea2N XU\u1ea4T T\u1ea0I<br \/>\nHTX N\u00f4ng nghi\u1ec7p-D\u1ecbch v\u1ee5-Du l\u1ecbch Tam M\u1ef9 T\u00e2y<br \/>\n\u0110\u1ecba ch\u1ec9: x\u00e3 Tam M\u1ef9 T\u00e2y, huy\u1ec7n N\u00fai Th\u00e0nh, t\u1ec9nh Qu\u1ea3ng Nam<br \/>\n\u0110i\u1ec7n tho\u1ea1i: 0918223015<br \/>\nEmail: tle123054@gmail.com<\/li>\n<li>Ch\u1ec9 ti\u00eau ch\u1ea5t l\u01b0\u1ee3ng:<br \/>\n&#8211; \u0110\u1ed9 \u1ea9m &lt; 25%<br \/>\n&#8211; Protein &gt; 20%<\/li>\n<li>Th\u00e0nh ph\u1ea7n:<br \/>\nG\u1ea1o n\u1ebfp<\/li>\n<li>Ch\u1ee9ng nh\u1eadn:<br \/>\nV\u1ec7 sinh an to\u00e0n th\u1ef1c ph\u1ea9m<\/li>\n<li>Ng\u00e0y \u0111\u00f3ng g\u00f3i:<br \/>\nXem tr\u00ean bao b\u00ec<br \/>\nH\u1ea1n s\u1eed d\u1ee5ng:<br \/>\n24 th\u00e1ng k\u1ec3 t\u1eeb ng\u00e0y<br \/>\n\u0111\u00f3ng g\u00f3i<\/li>\n<\/ul>\n","protected":false},"featured_media":778,"comment_status":"open","ping_status":"closed","template":"","meta":[],"_links":{"self":[{"href":"http:\/\/vphcheck.com\/index.php\/wp-json\/wp\/v2\/product\/528"}],"collection":[{"href":"http:\/\/vphcheck.com\/index.php\/wp-json\/wp\/v2\/product"}],"about":[{"href":"http:\/\/vphcheck.com\/index.php\/wp-json\/wp\/v2\/types\/product"}],"replies":[{"embeddable":true,"href":"http:\/\/vphcheck.com\/index.php\/wp-json\/wp\/v2\/comments?post=528"}],"wp:featuredmedia":[{"embeddable":true,"href":"http:\/\/vphcheck.com\/index.php\/wp-json\/wp\/v2\/media\/778"}],"wp:attachment":[{"href":"http:\/\/vphcheck.com\/index.php\/wp-json\/wp\/v2\/media?parent=528"}],"curies":[{"name":"wp","href":"https:\/\/api.w.org\/{rel}","templated":true}]}}