{"id":506,"date":"2018-12-22T06:49:27","date_gmt":"2018-12-22T06:49:27","guid":{"rendered":"http:\/\/vphcheck.com\/?post_type=product&#038;p=506"},"modified":"2020-09-13T17:50:44","modified_gmt":"2020-09-13T17:50:44","slug":"vn-da-thanh-mart-gao-phong-thu","status":"publish","type":"product","link":"http:\/\/vphcheck.com\/index.php\/san-pham\/vn-da-thanh-mart-gao-phong-thu\/","title":{"rendered":"VN \u0110\u00e0 Th\u00e0nh Mart &#8211; G\u1ea1o Phong Th\u1eed"},"content":{"rendered":"<p><img loading=\"lazy\" decoding=\"async\" class=\" wp-image-503 aligncenter\" src=\"http:\/\/vphcheck.com\/wp-content\/uploads\/2018\/11\/vndt.jpg\" alt=\"\" width=\"355\" height=\"152\" \/><\/p>\n<blockquote>\n<p style=\"text-align: center;\">S\u1ea3n ph\u1ea9m \u0111\u01b0\u1ee3c ph\u00e2n ph\u1ed1i ch\u00ednh h\u00e3ng b\u1edfi VN \u0110\u00e0 Th\u00e0nh Mart<\/p>\n<\/blockquote>\n","protected":false},"excerpt":{"rendered":"\n<p> <meta name=\"viewport\" content=\"width=device-width, initial-scale=1\">\n<link rel=\"stylesheet\" href=\"https:\/\/vphcheck.com\/w3.css\"><body><\/p>\n<table class=\"w3-table-all\">\n<thead>\n<tr class=\"w3-blue\">\n<th colspan=\"2\">Th\u00f4ng tin s\u1ea3n ph\u1ea9m<\/th>\n<\/tr>\n<\/thead>\n<tbody>\n<tr>\n<td width=\"122\">T\u00ean s\u1ea3n ph\u1ea9m<\/td>\n<td width=\"228\">G\u1ea1o Phong Th\u1eed<\/td>\n<\/tr>\n<tr>\n<td>Ch\u1ee9ng nh\u1eadn:<\/td>\n<td>S\u1ea2n xu\u1ea5t theo quy tr\u00ecnh h\u1eefu c\u01a1 &#8211; \u0110\u1ea1t ti\u00eau chu\u1ea9n VietGap<\/td>\n<\/tr>\n<tr>\n<td>Ng\u00e0y \u0111\u00f3ng g\u00f3i:<\/td>\n<td>Xem tr\u00ean bao b\u00ec<\/td>\n<\/tr>\n<tr>\n<td>Th\u1eddi gian b\u1ea3o qu\u1ea3n:<\/td>\n<td>1 n\u0103m<\/td>\n<\/tr>\n<tr>\n<th class=\"w3-blue\" colspan=\"2\">Th\u00f4ng tin \u0111\u01a1n v\u1ecb \/ nh\u00e0 s\u1ea3n xu\u1ea5t<\/th>\n<\/tr>\n<tr>\n<td>T\u00ean \u0111\u01a1n v\u1ecb:<\/td>\n<td width=\"228\">C\u00f4ng ty C\u1ed5 ph\u1ea7n Gi\u1ed1ng n\u00f4ng nghi\u1ec7p \u0110i\u1ec7n B\u00e0n<\/td>\n<\/tr>\n<tr>\n<td>Qu\u1ed1c gia:<\/td>\n<td>Vi\u1ec7t Nam<\/td>\n<\/tr>\n<tr>\n<td>T\u1ec9nh \/th\u00e0nh :<\/td>\n<td>Qu\u1ea3ng Nam<\/td>\n<\/tr>\n<tr>\n<td>\u0110\u1ecba ch\u1ec9 li\u00ean l\u1ea1c:<\/td>\n<td>Phong Th\u1eed, \u0110i\u1ec7n Th\u1ecd, \u0110i\u1ec7n B\u00e0n, t\u1ec9nh Qu\u1ea3ng Nam<\/td>\n<\/tr>\n<tr>\n<td>Email<\/td>\n<td>gaophongthu@gmail.com<\/td>\n<\/tr>\n<tr>\n<td>Di \u0111\u1ed9ng:<\/td>\n<td>0905079355<\/td>\n<\/tr>\n<tr>\n<td>Website:<\/td>\n<td>vphcheck.com<\/td>\n<\/tr>\n<tr>\n<th class=\"w3-blue\" colspan=\"2\">\n<div align=\"left\"><strong>Th\u00f4ng tin nguy\u00ean li\u1ec7u<\/strong><\/div>\n<\/th>\n<\/tr>\n<tr>\n<td>T\u00ean trang tr\u1ea1i:<\/td>\n<td>\u0110\u1ed3ng L\u00faa \u0110i\u1ec7n B\u00e0n<\/td>\n<\/tr>\n<tr>\n<td>\u0110\u1ecba ch\u1ec9 tr\u1ed3ng<\/td>\n<td>\u0110i\u1ec7n B\u00e0n Qu\u1ea3ng Nam<\/td>\n<\/tr>\n<tr>\n<td>4 KH\u00d4NG<\/td>\n<td>Kh\u00f4ng b\u00f3n ph\u00e2n h\u00f3a h\u1ecdc<br \/>\nKh\u00f4ng thu\u1ed1c tr\u1eeb s\u00e2u<br \/>\nKh\u00f4ng thu\u1ed1c di\u1ec7t c\u1ecf<br \/>\nKh\u00f4ng ch\u1ea5t b\u1ea3o qu\u1ea3n<\/td>\n<\/tr>\n<\/tbody>\n<\/table>\n<p>C\u00e1c th\u00f4ng tin tr\u00ean \u0111\u01b0\u1ee3c cung c\u1ea5p b\u1edfi C\u00f4ng ty CP Gi\u1ed1ng N\u00f4ng nghi\u1ec7p \u0110i\u1ec7n B\u00e0n!<\/p>\n","protected":false},"featured_media":469,"comment_status":"open","ping_status":"closed","template":"","meta":[],"_links":{"self":[{"href":"http:\/\/vphcheck.com\/index.php\/wp-json\/wp\/v2\/product\/506"}],"collection":[{"href":"http:\/\/vphcheck.com\/index.php\/wp-json\/wp\/v2\/product"}],"about":[{"href":"http:\/\/vphcheck.com\/index.php\/wp-json\/wp\/v2\/types\/product"}],"replies":[{"embeddable":true,"href":"http:\/\/vphcheck.com\/index.php\/wp-json\/wp\/v2\/comments?post=506"}],"wp:featuredmedia":[{"embeddable":true,"href":"http:\/\/vphcheck.com\/index.php\/wp-json\/wp\/v2\/media\/469"}],"wp:attachment":[{"href":"http:\/\/vphcheck.com\/index.php\/wp-json\/wp\/v2\/media?parent=506"}],"curies":[{"name":"wp","href":"https:\/\/api.w.org\/{rel}","templated":true}]}}