{"id":462,"date":"2018-10-29T04:47:44","date_gmt":"2018-10-29T04:47:44","guid":{"rendered":"http:\/\/vphcheck.com\/?post_type=product&#038;p=462"},"modified":"2020-09-13T17:51:37","modified_gmt":"2020-09-13T17:51:37","slug":"giao-co-lam-muoi-cuong","status":"publish","type":"product","link":"http:\/\/vphcheck.com\/index.php\/san-pham\/giao-co-lam-muoi-cuong\/","title":{"rendered":"Gi\u1ea3o c\u1ed5 lam M\u01b0\u1eddi C\u01b0\u1eddng"},"content":{"rendered":"","protected":false},"excerpt":{"rendered":"\n<p> <meta name=\"viewport\" content=\"width=device-width, initial-scale=1\">\n<link rel=\"stylesheet\" href=\"https:\/\/vphcheck.com\/w3.css\"><body><\/p>\n<table class=\"w3-table-all\">\n<thead>\n<tr class=\"w3-blue\">\n<th colspan=\"2\">Th\u00f4ng tin s\u1ea3n ph\u1ea9m<\/th>\n<\/tr>\n<\/thead>\n<tbody>\n<tr>\n<td width=\"122\">T\u00ean s\u1ea3n ph\u1ea9m<\/td>\n<td width=\"228\">Gi\u1ea3o c\u1ed5 lam<\/td>\n<\/tr>\n<tr>\n<td>Ch\u1ee9ng nh\u1eadn:<\/td>\n<td>\u0110\u1ea1t ti\u00eau chu\u1ea9n VietGap<\/td>\n<\/tr>\n<tr>\n<td>Ng\u00e0y \u0111\u00f3ng g\u00f3i:<\/td>\n<td>Xem tr\u00ean bao b\u00ec<\/td>\n<\/tr>\n<tr>\n<td>Th\u1eddi gian b\u1ea3o qu\u1ea3n:<\/td>\n<td>02 n\u0103m<\/td>\n<\/tr>\n<tr>\n<th class=\"w3-blue\" colspan=\"2\">Th\u00f4ng tin \u0111\u01a1n v\u1ecb \/ nh\u00e0 s\u1ea3n xu\u1ea5t<\/th>\n<\/tr>\n<tr>\n<td>T\u00ean \u0111\u01a1n v\u1ecb:<\/td>\n<td width=\"228\">C\u01a1 s\u1edf s\u1ea3n xu\u1ea5t M\u01b0\u1eddi C\u01b0\u1eddng<\/td>\n<\/tr>\n<tr>\n<td>Qu\u1ed1c gia:<\/td>\n<td>Vi\u1ec7t Nam<\/td>\n<\/tr>\n<tr>\n<td>T\u1ec9nh \/th\u00e0nh :<\/td>\n<td>Qu\u1ea3ng Nam<\/td>\n<\/tr>\n<tr>\n<td>\u0110\u1ecba ch\u1ec9 li\u00ean l\u1ea1c:<\/td>\n<td>Th\u00f4n 1 &#8211; x\u00e3 Tr\u00e0 Mai, huy\u1ec7n Nam Tr\u00e0 My, t\u1ec9nh Quanrg Nam<\/td>\n<\/tr>\n<tr>\n<td>Email<\/td>\n<td>thimuoi83@gmail.com<\/td>\n<\/tr>\n<tr>\n<td>Di \u0111\u1ed9ng:<\/td>\n<td>0969066467<\/td>\n<\/tr>\n<tr>\n<td>Website:<\/td>\n<td>vphcheck.com<\/td>\n<\/tr>\n<tr>\n<th class=\"w3-blue\" colspan=\"2\">\n<div align=\"left\"><strong>Th\u00f4ng tin nguy\u00ean li\u1ec7u<\/strong><\/div>\n<\/th>\n<\/tr>\n<tr>\n<td>T\u00ean trang tr\u1ea1i:<\/td>\n<td>C\u01a1 s\u1edf s\u1ea3n xu\u1ea5t M\u01b0\u1eddi C\u01b0\u1eddng<\/td>\n<\/tr>\n<tr>\n<td>\u0110\u1ecba ch\u1ec9 tr\u1ed3ng<\/td>\n<td>R\u1eebng Nam Tr\u00e0 My<\/td>\n<\/tr>\n<\/tbody>\n<\/table>\n<p>C\u00e1c th\u00f4ng tin tr\u00ean \u0111\u01b0\u1ee3c cung c\u1ea5p b\u1edfi C\u01a1 s\u1edf s\u1ea3n xu\u1ea5t M\u01b0\u1eddi C\u01b0\u1eddng!<\/p>\n<p>M\u1ed9t s\u1ed1 h\u00ecnh \u1ea3nh v\u1ec1 CSSX:<\/p>\n<p><img loading=\"lazy\" decoding=\"async\" class=\"aligncenter wp-image-465\" src=\"http:\/\/vphcheck.com\/wp-content\/uploads\/2018\/10\/2-300x225.jpg\" alt=\"\" width=\"340\" height=\"255\" \/><img loading=\"lazy\" decoding=\"async\" class=\"aligncenter wp-image-466\" src=\"http:\/\/vphcheck.com\/wp-content\/uploads\/2018\/10\/3-165x300.jpg\" alt=\"\" width=\"340\" height=\"618\" \/><img loading=\"lazy\" decoding=\"async\" class=\"aligncenter wp-image-463\" src=\"http:\/\/vphcheck.com\/wp-content\/uploads\/2018\/10\/38939035_2187803961501873_6497551908369072128_n-1-225x300.jpg\" alt=\"\" width=\"340\" height=\"453\" srcset=\"http:\/\/vphcheck.com\/wp-content\/uploads\/2018\/10\/38939035_2187803961501873_6497551908369072128_n-1-225x300.jpg 225w, http:\/\/vphcheck.com\/wp-content\/uploads\/2018\/10\/38939035_2187803961501873_6497551908369072128_n-1.jpg 720w\" sizes=\"(max-width: 340px) 100vw, 340px\" \/> <img loading=\"lazy\" decoding=\"async\" class=\"aligncenter wp-image-464\" src=\"http:\/\/vphcheck.com\/wp-content\/uploads\/2018\/10\/1-225x300.jpg\" alt=\"\" width=\"340\" height=\"453\" srcset=\"http:\/\/vphcheck.com\/wp-content\/uploads\/2018\/10\/1-225x300.jpg 225w, http:\/\/vphcheck.com\/wp-content\/uploads\/2018\/10\/1.jpg 720w\" sizes=\"(max-width: 340px) 100vw, 340px\" \/><\/p>\n<div class=\"map-responsive\">\n<p>&nbsp;<\/p>\n<\/div>\n","protected":false},"featured_media":0,"comment_status":"open","ping_status":"closed","template":"","meta":[],"_links":{"self":[{"href":"http:\/\/vphcheck.com\/index.php\/wp-json\/wp\/v2\/product\/462"}],"collection":[{"href":"http:\/\/vphcheck.com\/index.php\/wp-json\/wp\/v2\/product"}],"about":[{"href":"http:\/\/vphcheck.com\/index.php\/wp-json\/wp\/v2\/types\/product"}],"replies":[{"embeddable":true,"href":"http:\/\/vphcheck.com\/index.php\/wp-json\/wp\/v2\/comments?post=462"}],"wp:attachment":[{"href":"http:\/\/vphcheck.com\/index.php\/wp-json\/wp\/v2\/media?parent=462"}],"curies":[{"name":"wp","href":"https:\/\/api.w.org\/{rel}","templated":true}]}}