{"id":451,"date":"2018-10-15T03:02:54","date_gmt":"2018-10-15T03:02:54","guid":{"rendered":"http:\/\/vphcheck.com\/?post_type=product&#038;p=451"},"modified":"2020-09-13T17:51:37","modified_gmt":"2020-09-13T17:51:37","slug":"dua-hau-kyly","status":"publish","type":"product","link":"http:\/\/vphcheck.com\/index.php\/san-pham\/dua-hau-kyly\/","title":{"rendered":"D\u01b0a h\u1ea5u k\u1ef3 l\u00fd"},"content":{"rendered":"<p>&nbsp;<\/p>\n<table class=\"w3-table-all\">\n<tbody>\n<tr class=\"w3-blue\">\n<th colspan=\"2\">Th\u00f4ng tin xu\u1ea5t kh\u1ea9u<\/th>\n<\/tr>\n<tr>\n<td width=\"122\">M\u00e3 v\u00f9ng tr\u1ed3ng<\/td>\n<td width=\"228\">VN- QNMOR-0009<\/td>\n<\/tr>\n<tr>\n<td width=\"122\">M\u00e3 \u0111\u00f3ng g\u00f3i<\/td>\n<td width=\"228\">VN- QNMPH-0006<\/td>\n<\/tr>\n<tr>\n<th colspan=\"2\">XU\u1ea4T KH\u1ea8U \u0110\u1ebeN N\u01af\u1edaC C\u1ed8NG H\u00d2A NH\u00c2N D\u00c2N TRUNG HOA<\/th>\n<\/tr>\n<\/tbody>\n<\/table>\n","protected":false},"excerpt":{"rendered":"<table class=\"w3-table-all\">\n<thead>\n<tr class=\"w3-blue\">\n<th colspan=\"2\">Th\u00f4ng tin s\u1ea3n ph\u1ea9m<\/th>\n<\/tr>\n<\/thead>\n<tbody>\n<tr>\n<td width=\"122\">T\u00ean s\u1ea3n ph\u1ea9m<\/td>\n<td width=\"228\">D\u01b0a h\u1ea5u k\u1ef3 l\u00fd<\/td>\n<\/tr>\n<tr>\n<td>Ch\u1ee9ng nh\u1eadn:<\/td>\n<td>GCN \u0111\u0103ng k\u00fd nh\u00e3n hi\u1ec7u s\u1ed1 4-0121173-000 v\u00e0 \u0110\u01a1n s\u1ed1 4-2018-04258<\/p>\n<p><span style=\"font-family: inherit; font-size: inherit;\">GCN VietGap s\u1ed1 \u2026.<\/span><\/td>\n<\/tr>\n<tr>\n<td>Ng\u00e0y \u0111\u00f3ng g\u00f3i:<\/td>\n<td>Xem tr\u00ean bao b\u00ec<\/td>\n<\/tr>\n<tr>\n<td>Th\u1eddi gian b\u1ea3o qu\u1ea3n:<\/td>\n<td>1 tu\u1ea7n<\/td>\n<\/tr>\n<tr>\n<th class=\"w3-blue\" colspan=\"2\">Th\u00f4ng tin \u0111\u01a1n v\u1ecb \/ nh\u00e0 s\u1ea3n xu\u1ea5t<\/th>\n<\/tr>\n<tr>\n<td>T\u00ean \u0111\u01a1n v\u1ecb:<\/td>\n<td width=\"228\">C\u00f4ng ty&#8230;&#8230;&#8230;&#8230;&#8230;&#8230;&#8230;&#8230;&#8230;&#8230;.<\/td>\n<\/tr>\n<tr>\n<td>Qu\u1ed1c gia:<\/td>\n<td>Vi\u1ec7t Nam<\/td>\n<\/tr>\n<tr>\n<td>T\u1ec9nh \/th\u00e0nh :<\/td>\n<td>Qu\u1ea3ng Nam<\/td>\n<\/tr>\n<tr>\n<td>\u0110\u1ecba ch\u1ec9 li\u00ean l\u1ea1c:<\/td>\n<td>x\u00e3 Tam Ph\u01b0\u1edbc, huy\u1ec7n Ph\u00fa Ninh, Qu\u1ea3ng Nam<\/td>\n<\/tr>\n<tr>\n<td>\u0110i\u1ec7n tho\u1ea1i:<\/td>\n<td>0235. 36056 88<\/td>\n<\/tr>\n<tr>\n<td>Di \u0111\u1ed9ng:<\/td>\n<td>0905489699<\/td>\n<\/tr>\n<tr>\n<td>Website:<\/td>\n<td>thuonghieudatquang.com<\/td>\n<\/tr>\n<tr>\n<th class=\"w3-blue\" colspan=\"2\">\n<div align=\"left\"><strong>Th\u00f4ng tin nguy\u00ean li\u1ec7u<\/strong><\/div>\n<\/th>\n<\/tr>\n<tr>\n<td>T\u00ean trang tr\u1ea1i:<\/td>\n<td>Trang tr\u1ea1i&#8230;&#8230;&#8230;&#8230;&#8230;&#8230;&#8230;&#8230;&#8230;<\/td>\n<\/tr>\n<tr>\n<td>\u0110\u1ecba ch\u1ec9 tr\u1ed3ng<\/td>\n<td>Tam Th\u00e1i &#8211; Ph\u00fa Ninh &#8211; Qu\u1ea3ng Nam<\/td>\n<\/tr>\n<tr>\n<td>Ph\u01b0\u01a1ng ph\u00e1p tr\u1ed3ng<\/td>\n<td>&#8230;&#8230;&#8230;&#8230;&#8230;&#8230;&#8230;&#8230;&#8230;&#8230;&#8230;&#8230;&#8230;&#8230;.<\/td>\n<\/tr>\n<tr>\n<td>Ph\u01b0\u01a1ng ph\u00e1p b\u00f3n ph\u00e2n<\/td>\n<td>S\u1eed d\u1ee5ng ph\u00e2n b\u00f3n h\u1eefu c\u01a1 100%<\/td>\n<\/tr>\n<tr>\n<td>Gi\u1ed1ng c\u00e2y:<\/td>\n<td>DHKLY 2018<\/td>\n<\/tr>\n<tr>\n<td>Gi\u1ea5y ch\u1ee9ng nh\u1eadn<\/td>\n<td>C\u00e1c gi\u1ea5y t\u1edd v\u00e0 h\u00ecnh \u1ea3nh c\u00f3 li\u00ean quan<\/td>\n<\/tr>\n<\/tbody>\n<\/table>\n<p>C\u00e1c th\u00f4ng tin tr\u00ean \u0111\u01b0\u1ee3c cung c\u1ea5p b\u1edfi UBND Huy\u1ec7n Ph\u00fa Ninh<\/p>\n<table class=\"w3-table-all\">\n<tbody>\n<tr>\n<th class=\"w3-orange\" colspan=\"2\"><strong>B\u1ea3n \u0111\u1ed3 truy xu\u1ea5t ngu\u1ed3n g\u1ed1c <\/strong><\/th>\n<\/tr>\n<\/tbody>\n<\/table>\n<div class=\"map-responsive\">\n<p><iframe loading=\"lazy\" style=\"border: 0;\" src=\"https:\/\/www.google.com\/maps\/embed?pb=!1m18!1m12!1m3!1d30751.795307591383!2d108.42850196004943!3d15.539502309436283!2m3!1f0!2f0!3f0!3m2!1i1024!2i768!4f13.1!3m3!1m2!1s0x3169c2b728e58099%3A0x147bbcbdce62afcb!2zVGFtIFRow6FpLCBQaMO6IE5pbmgsIFF14bqjbmcgTmFtLCBWaeG7h3QgTmFt!5e0!3m2!1svi!2s!4v1540643368411\" width=\"600\" height=\"450\" frameborder=\"0\" allowfullscreen=\"allowfullscreen\"><\/iframe><\/p>\n<\/div>\n","protected":false},"featured_media":651,"comment_status":"open","ping_status":"closed","template":"","meta":[],"_links":{"self":[{"href":"http:\/\/vphcheck.com\/index.php\/wp-json\/wp\/v2\/product\/451"}],"collection":[{"href":"http:\/\/vphcheck.com\/index.php\/wp-json\/wp\/v2\/product"}],"about":[{"href":"http:\/\/vphcheck.com\/index.php\/wp-json\/wp\/v2\/types\/product"}],"replies":[{"embeddable":true,"href":"http:\/\/vphcheck.com\/index.php\/wp-json\/wp\/v2\/comments?post=451"}],"wp:featuredmedia":[{"embeddable":true,"href":"http:\/\/vphcheck.com\/index.php\/wp-json\/wp\/v2\/media\/651"}],"wp:attachment":[{"href":"http:\/\/vphcheck.com\/index.php\/wp-json\/wp\/v2\/media?parent=451"}],"curies":[{"name":"wp","href":"https:\/\/api.w.org\/{rel}","templated":true}]}}