{"id":435,"date":"2018-10-04T14:23:47","date_gmt":"2018-10-04T14:23:47","guid":{"rendered":"http:\/\/vphcheck.com\/?post_type=product&#038;p=435"},"modified":"2021-08-31T14:29:33","modified_gmt":"2021-08-31T14:29:33","slug":"cao-che-vang-mien-trung","status":"publish","type":"product","link":"http:\/\/vphcheck.com\/index.php\/san-pham\/cao-che-vang-mien-trung\/","title":{"rendered":"Cao Ch\u00e8 v\u1eb1ng Mi\u1ec1n trung"},"content":{"rendered":"<blockquote>\n<div><span style=\"color: #ff0000; font-family: verdana, sans-serif; font-size: xx-large;\"><b>Ch\u00e8 D\u00e2y Razeh<\/b><\/span><\/div>\n<\/blockquote>\n<ul>\n<li><span style=\"color: #0000ff; font-family: times new roman, serif; font-size: x-large;\">\u0110\u1ecba Ch\u1ec9 : Th\u00f4n \u0110i\u1ec1m &#8211; X\u00e3 T\u01b0 &#8211; Huy\u1ec7n \u0110\u00f4ng Giang &#8211; T\u1ec9nh Qu\u1ea3ng Nam<\/span><\/li>\n<li><span style=\"color: #0000ff; font-family: times new roman, serif; font-size: x-large;\">\u0110i\u1ec7n Tho\u1ea1i: 0905264639<\/span><\/li>\n<\/ul>\n<p><img loading=\"lazy\" decoding=\"async\" class=\"wp-image-397 aligncenter\" src=\"http:\/\/vphcheck.com\/wp-content\/uploads\/2018\/08\/che-day-2-300x168.jpg\" alt=\"\" width=\"329\" height=\"184\" \/><\/p>\n","protected":false},"excerpt":{"rendered":"<div class=\"clearfix\">\n<div class=\"hometext m-bottom\">Ch\u00e8 d\u00e2y \u0111\u01b0\u1ee3c \u0111\u1ed3ng b\u00e0o C\u01a1 tu g\u1ecdi t\u00ean l\u00e0 Ra Z\u00e9h. Ra Z\u00e9h l\u00e0 lo\u1ea1i ch\u00e8 d\u00e2y \u0111\u01b0\u1ee3c \u0111\u1ed3ng b\u00e0o C\u01a1 tu huy\u1ec7n \u0110\u00f4ng Giang s\u1eed d\u1ee5ng nh\u01b0 m\u1ed9t v\u1ecb thu\u1ed1c d\u00e2n gian ch\u1eefa c\u00e1c lo\u1ea1i b\u1ec7nh li\u00ean quan t\u1edbi d\u1ea1 d\u00e0y, \u0111\u01b0\u1eddng ru\u1ed9t v\u00e0 c\u00f3 t\u00e1c d\u1ee5ng an th\u1ea7n<\/div>\n<\/div>\n<div id=\"news-bodyhtml\" class=\"bodytext margin-bottom-lg\">\n<p><em>\u0110\u00e2y l\u00e0 lo\u00e0i c\u00e2y c\u00f3 th\u1ecb tr\u01b0\u1eddng ti\u00eau th\u1ee5 l\u1edbn, \u1ed5n \u0111\u1ecbnh v\u00e0 c\u00f3 gi\u00e1 tr\u1ecb kinh t\u1ebf cao so v\u1edbi c\u00e1c lo\u1ea1i c\u00e2y tr\u1ed3ng kh\u00e1c. Nh\u01b0ng th\u1eddi gian qua, do khai th\u00e1c qu\u00e1 m\u1ee9c \u0111\u00e3 d\u1eabn \u0111\u1ebfn ngu\u1ed3n t\u00e0i nguy\u00ean n\u00e0y gi\u1ea3m s\u00fat nghi\u00eam tr\u1ecdng v\u00e0 ng\u00e0y c\u00e0ng c\u1ea1n ki\u1ec7t, c\u00f3 nguy c\u01a1 tuy\u1ec7t ch\u1ee7ng. Tr\u01b0\u1edbc th\u1ef1c tr\u1ea1ng tr\u00ean, ng\u00e0y 07\/8\/2015 UBND huy\u1ec7n \u0110\u00f4ng Giang \u0111\u00e3 c\u00f3 Quy\u1ebft \u0111\u1ecbnh s\u1ed1 1362\/Q\u0110-UBND ph\u00ea duy\u1ec7t D\u1ef1 \u00e1n B\u1ea3o t\u1ed3n, ph\u00e1t tri\u1ec3n c\u00e2y ch\u00e8 d\u00e2y Ra Z\u00e9h tr\u00ean \u0111\u1ecba b\u00e0n x\u00e3 T\u01b0, giai \u0111o\u1ea1n 2015-2020. T\u1ed5ng kinh ph\u00ed d\u1ef1 \u00e1n h\u01a1n 4,7 t\u1ef7 \u0111\u1ed3ng.<\/em><\/p>\n<div><\/div>\n<p>C\u00e2y ch\u00e8 d\u00e2y c\u00f3 t\u00ean khoa h\u1ecdc Ampelopsis Cantoniensis Planch, h\u1ecd Nho (Vitacae); \u0111\u1ed3ng b\u00e0o C\u01a1 tu g\u1ecdi l\u00e0 c\u00e2y ch\u00e8 r\u1eebng. \u0110\u00e2y l\u00e0 lo\u1ea1i th\u00e2n d\u00e2y, l\u00e1 thon nh\u1ecf, ch\u00e2n chim c\u00f3 h\u00ecnh r\u0103ng c\u01b0a, c\u00f3 v\u1ecb ng\u1ecdt, \u0111\u1eafng, t\u00ednh m\u00e1t \u0111\u01b0\u1ee3c \u0111\u1ed3ng b\u00e0o d\u00e2n t\u1ed9c mi\u1ec1n n\u00fai s\u1eed d\u1ee5ng nh\u01b0 m\u1ed9t v\u1ecb thu\u1ed1c d\u00e2n gian ch\u1eefa c\u00e1c lo\u1ea1i b\u1ec7nh li\u00ean quan t\u1edbi d\u1ea1 d\u00e0y, \u0111\u01b0\u1eddng ru\u1ed9t\u2026 Ngo\u00e0i ra ch\u00e8 d\u00e2y c\u00f2n c\u00f3 t\u00e1c d\u1ee5ng an th\u1ea7n, ch\u1eefa m\u1ea5t ng\u1ee7 v\u00e0 l\u00e0m l\u00e0nh c\u00e1c \u1ed5 lo\u00e9t, di\u1ec7t tr\u1eeb khu\u1ea9n Helicobacter pylori v\u1edbi t\u1ef7 l\u1ec7 cao.<\/p>\n<p>K\u1ebft qu\u1ea3 nghi\u00ean c\u1ee9u ch\u00e8 d\u00e2y c\u1ee7a Vi\u1ec7n d\u01b0\u1ee3c li\u1ec7u (B\u1ed9 Y t\u1ebf) v\u1edbi c\u00e1c k\u1ebft lu\u1eadn sau: Ch\u00e8 d\u00e2y c\u00f3 t\u00e1c d\u1ee5ng di\u1ec7t vi tr\u00f9ng, vi khu\u1ea9n, gi\u1ea3m \u0111\u1ed9 axit t\u1ea1i d\u1ea1 d\u00e0y, gi\u00fap cho b\u1ec7nh lo\u00e9t d\u1ea1 d\u00e0y d\u1ec5 li\u1ec1n s\u1eb9o; c\u1eaft c\u01a1n \u0111au do vi\u00eam lo\u00e9t h\u00e0nh t\u00e1 tr\u00e0ng \u0111\u1ea1t 93,4%, v\u1edbi Alusi (lo\u1ea1i thu\u1ed1c chuy\u00ean tr\u1ecb b\u1ec7nh vi\u00eam lo\u00e9t h\u00e0nh t\u00e1 tr\u00e0ng hi\u1ec7n nay) l\u00e0 89%; kh\u1ecfi b\u1ec7nh \u1edf m\u1ee9c \u0111\u1ed9 li\u1ec1n s\u1eb9o l\u00e0 c\u1ee7a ch\u00e8 d\u00e2y l\u00e0 36,36% v\u1edbi Alusi 30,56%&#8230; S\u1eed d\u1ee5ng ch\u00e8 d\u00e2y kh\u00f4ng g\u00e2y \u0111\u1ed9c v\u00e0 kh\u00f4ng c\u00f3 t\u00e1c d\u1ee5ng ph\u1ee5<em>.<\/em><\/p>\n<p>\u1ede x\u00e3 T\u01b0 c\u1ee7a huy\u1ec7n \u0110\u00f4ng Giang, lo\u1ea1i c\u00e2y n\u00e0y m\u1ecdc ph\u00e1t t\u00e1n t\u1ef1 nhi\u00ean d\u01b0\u1edbi t\u00e1n r\u1eebng. Qua kh\u1ea3o s\u00e1t, lo\u1ea1i c\u00e2y n\u00e0y sinh tr\u01b0\u1edfng, ph\u00e1t tri\u1ec3n t\u1ed1t, th\u00edch nghi v\u1edbi \u0111i\u1ec1u ki\u1ec7n t\u1ef1 nhi\u00ean v\u00e0 th\u1ed5 nh\u01b0\u1ee1ng c\u00e1c th\u00f4n tr\u00ean \u0111\u1ecba b\u00e0n x\u00e3 T\u01b0 v\u00e0 m\u1ed9t s\u1ed1 th\u00f4n c\u1ee7a c\u00e1c x\u00e3 v\u00f9ng gi\u00e1p ranh, \u0111\u1eb7c bi\u1ec7t l\u00e0 \u1edf c\u00e1c v\u01b0\u1eddn \u0111\u1ed3i, r\u1eebng t\u00e1i sinh sau n\u01b0\u01a1ng r\u1eaby. Ch\u00e8 d\u00e2y thu ho\u1ea1ch sau th\u1eddi gian sinh tr\u01b0\u1edfng 10-12 th\u00e1ng, thu ho\u1ea1ch 3-4 l\u1ea7n trong n\u0103m, n\u0103ng su\u1ea5t b\u00ecnh qu\u00e2n 6-8 t\u1ea5n\/ha\/n\u0103m. Hi\u1ec7n nay, gi\u00e1 lo\u1ea1i d\u01b0\u1ee3c li\u1ec7u n\u00e0y dao \u0111\u1ed9ng t\u1eeb 100.000 \u0111\u1ebfn 120.000 \u0111\u1ed3ng\/kg kh\u00f4 (t\u01b0\u01a1ng \u0111\u01b0\u01a1ng 170 tri\u1ec7u \u0111\u1ed3ng\/ha\/n\u0103m) l\u1ee3i nhu\u1eadn cao h\u01a1n nhi\u1ec1u so v\u1edbi c\u00e1c lo\u1ea1i c\u00e2y tr\u1ed3ng kh\u00e1c.<\/p>\n<p>\u00d4ng Nguy\u1ec5n V\u0103n B\u00ecnh- Ch\u1ee7 t\u1ecbch UBND x\u00e3 T\u01b0 cho bi\u1ebft: \u201cTrong nh\u1eefng n\u0103m g\u1ea7n \u0111\u00e2y, v\u1edbi nh\u1eefng c\u00f4ng d\u1ee5ng c\u1ee7a c\u00e2y ch\u00e8 d\u00e2y n\u00ean th\u1ecb tr\u01b0\u1eddng ti\u00eau th\u1ee5 t\u01b0\u01a1ng \u0111\u1ed1i l\u1edbn. Tuy nhi\u00ean, c\u00f4ng t\u00e1c quy ho\u1ea1ch, tr\u1ed3ng, ph\u00e1t tri\u1ec3n c\u00e2y ch\u00e8 d\u00e2y tr\u00ean \u0111\u1ecba b\u00e0n ch\u01b0a \u0111\u01b0\u1ee3c tri\u1ec3n khai, ch\u1ec9 c\u00f3 m\u1ed9t v\u00e0i h\u1ed9 d\u00e2n t\u1ea1i c\u00e1c th\u00f4n nh\u01b0: \u0110i\u1ec1m, L\u00e1y, N\u00e0 Hoa tr\u1ed3ng mang t\u00ednh t\u1ef1 ph\u00e1t, nh\u1ecf l\u1ebd. Do khai th\u00e1c qu\u00e1 m\u1ee9c ph\u1ee5c v\u1ee5 nhu c\u1ea7u th\u1ecb tr\u01b0\u1eddng, n\u00ean tr\u1eef l\u01b0\u1ee3ng ch\u00e8 d\u00e2y c\u00f2n r\u1ea5t th\u1ea5p c\u00f3 nguy c\u01a1 c\u1ea1n ki\u1ec7t, l\u01b0\u1ee3ng trao \u0111\u1ed5i, b\u00e1n ra th\u1ecb tr\u01b0\u1eddng nh\u1ecf l\u1ebd, kh\u00f4ng \u1ed5n \u0111\u1ecbnh. B\u00ean c\u1ea1nh \u0111\u00f3, kh\u00e2u ch\u1ebf bi\u1ebfn, b\u1ea3o qu\u1ea3n mang t\u00ednh truy\u1ec1n th\u1ed1ng, th\u1ee7 c\u00f4ng c\u1ee7a \u0111\u1ed3ng b\u00e0o C\u01a1 Tu n\u00ean ch\u1ea5t l\u01b0\u1ee3ng s\u1ea3n ph\u1ea9m kh\u00f4ng \u0111\u1ea3m b\u1ea3o, d\u1ec5 b\u1ecb \u1ea9m m\u1ed1c, h\u01b0 h\u1ecfng. C\u00f4ng t\u00e1c qu\u1ea3ng b\u00e1, gi\u1edbi thi\u1ec7u s\u1ea3n ph\u1ea9m th\u1ecb tr\u01b0\u1eddng ch\u01b0a \u0111\u01b0\u1ee3c th\u1ef1c hi\u1ec7n, c\u00e1c \u0111i\u1ec3m thu mua, trao \u0111\u1ed5i mang t\u00ednh t\u1ef1 ph\u00e1t, ph\u1ee5 thu\u1ed9c v\u00e0o th\u1ecb tr\u01b0\u1eddng, gi\u00e1 c\u1ea3 kh\u00f4ng \u1ed5n \u0111\u1ecbnh&#8230; Tr\u01b0\u1edbc th\u1ef1c t\u1ebf \u0111\u00f3, x\u00e3 \u0111\u00e3 x\u00e2y d\u1ef1ng \u0111\u1ec1 \u00e1n b\u1ea3o t\u1ed3n, ph\u00e1t tri\u1ec3n ch\u00e8 d\u00e2y Ra Z\u00e9h tr\u00ean \u0111\u1ecba b\u00e0n v\u00e0 UBND huy\u1ec7n \u0111\u00e3 ph\u00ea duy\u1ec7t. \u0110\u1ec1 \u00e1n s\u1edbm \u0111\u01b0\u1ee3c tri\u1ec3n khai s\u1ebd mang l\u1ea1i hi\u1ec7u qu\u1ea3 thi\u1ebft th\u1ef1c cho ng\u01b0\u1eddi d\u00e2n, qua \u0111\u00f3 g\u00f3p ph\u1ea7n x\u00f3a \u0111\u00f3i gi\u1ea3m ngh\u00e8o, \u0111\u1ed3ng th\u1eddi t\u1ea1o th\u01b0\u01a1ng hi\u1ec7u cho lo\u1ea1i ch\u00e8 d\u00e2y Ra Z\u00e9h \u1edf Qu\u1ea3ng Nam\u201d.<\/p>\n<p>\u201cCh\u00e8 d\u00e2y \u1edf x\u00e3 T\u01b0 \u0111\u00e3 nhi\u1ec1u l\u1ea7n tham gia h\u1ed9i ch\u1ee3 v\u00e0 \u0111\u01b0\u1ee3c kh\u00e1ch h\u00e0ng \u01b0a chu\u1ed9ng, sau khi s\u1eed d\u1ee5ng b\u00e0 con ti\u1ebfp t\u1ee5c \u0111\u1eb7t h\u00e0ng v\u00e0 gi\u1edbi thi\u1ec7u cho nhi\u1ec1u ng\u01b0\u1eddi s\u1eed d\u1ee5ng. V\u1edbi nhu c\u1ea7u s\u1eedu d\u1ee5ng ng\u00e0y c\u00e0ng nhi\u1ec1u, n\u00ean b\u00e0 con trong x\u00e3 kh\u00f4ng \u0111\u1ee7 h\u00e0ng cung c\u1ea5p ra th\u1ecb tr\u01b0\u1eddng\u201d. \u00d4ng Nguy\u1ec5n V\u0103n B\u00ecnh- Ch\u1ee7 t\u1ecbch UBND x\u00e3 T\u01b0 chia s\u1ebb.<\/p>\n<p>Theo d\u1ef1 \u00e1n b\u1ea3o t\u1ed3n v\u00e0 ph\u00e1t tri\u1ec3n ch\u00e8 d\u00e2y Ra Z\u00e9h, trong n\u0103m 2015 s\u1ebd ho\u00e0n th\u00e0nh c\u00f4ng t\u00e1c l\u1eadp d\u1ef1 \u00e1n, quy ho\u1ea1ch v\u00f9ng b\u1ea3o t\u1ed3n v\u00e0 ph\u00e1t tri\u1ec3n c\u00e2y ch\u00e8 d\u00e2y. Th\u00e0nh l\u1eadp c\u00e1c t\u1ed5 h\u1ee3p t\u00e1c s\u1ea3n xu\u1ea5t, thu mua, ch\u1ebf bi\u1ebfn s\u1ea3n ph\u1ea9m ch\u00e8 d\u00e2y. \u0110\u1ebfn n\u0103m 2020, t\u1ed5ng di\u1ec7n t\u00edch c\u00e2y ch\u00e8 d\u00e2y l\u00e0 140ha, trong \u0111\u00f3 tr\u1ed3ng m\u1edbi 40ha v\u00e0 khoanh nu\u00f4i tr\u1ed5ng b\u1ed5 sung 100ha; n\u0103ng su\u1ea5t \u0111\u1ea1t 1,5-2 t\u1ea5n kh\u00f4\/ha\/n\u0103m. T\u1ed5ng s\u1ea3n l\u01b0\u1ee3ng ch\u00e8 d\u00e2y \u0111\u1ea1t: 250 t\u1ea5n kh\u00f4\/n\u0103m\u2026<\/p>\n<p>Thi\u1ebft ngh\u0129, D\u1ef1 \u00e1n B\u1ea3o t\u1ed3n v\u00e0 ph\u00e1t tri\u1ec3n c\u00e2y ch\u00e8 d\u00e2y Ra Z\u00e9h ph\u00f9 h\u1ee3p v\u1edbi \u0111\u1ecbnh h\u01b0\u1edbng ph\u00e1t tri\u1ec3n KT-XH c\u0169ng nh\u01b0 ph\u00f9 h\u1ee3p v\u1edbi \u0111i\u1ec1u ki\u1ec7n th\u1ef1c ti\u1ec5n, t\u00e2m l\u00fd, nhu c\u1ea7u s\u1ea3n xu\u1ea5t c\u1ee7a ng\u01b0\u1eddi d\u00e2n tr\u00ean \u0111\u1ecba b\u00e0n. B\u00ean c\u1ea1nh \u0111\u00f3, n\u1ebfu x\u00e2y d\u1ef1ng \u0111\u01b0\u1ee3c v\u00f9ng s\u1ea3n xu\u1ea5t ch\u00e8 d\u00e2y Ra Z\u00e9h chuy\u00ean canh t\u1eadp trung s\u1ebd t\u1ea1o s\u1ea3n ph\u1ea9m h\u00e0ng h\u00f3a, khai th\u00e1c t\u1ed1t c\u00e1c ngu\u1ed3n l\u1ef1c, ti\u1ec1m n\u0103ng \u0111\u1ea5t \u0111ai, lao \u0111\u1ed9ng, qua \u0111\u00f3 gi\u00fap ng\u01b0\u1eddi d\u00e2n ph\u00e1t tri\u1ec3n kinh t\u1ebf h\u1ed9, c\u1ea3i thi\u1ec7n \u0111\u1eddi s\u1ed1ng, thu nh\u1eadp, gi\u1ea3m ngh\u00e8o b\u1ec1n v\u1eefng, g\u00f3p ph\u1ea7n x\u00e2y d\u1ef1ng th\u00e0nh c\u00f4ng NTM tr\u00ean \u0111\u1ecba b\u00e0n huy\u1ec7n \u0110\u00f4ng Giang.<\/p>\n<\/div>\n","protected":false},"featured_media":396,"comment_status":"open","ping_status":"closed","template":"","meta":[],"_links":{"self":[{"href":"http:\/\/vphcheck.com\/index.php\/wp-json\/wp\/v2\/product\/435"}],"collection":[{"href":"http:\/\/vphcheck.com\/index.php\/wp-json\/wp\/v2\/product"}],"about":[{"href":"http:\/\/vphcheck.com\/index.php\/wp-json\/wp\/v2\/types\/product"}],"replies":[{"embeddable":true,"href":"http:\/\/vphcheck.com\/index.php\/wp-json\/wp\/v2\/comments?post=435"}],"wp:featuredmedia":[{"embeddable":true,"href":"http:\/\/vphcheck.com\/index.php\/wp-json\/wp\/v2\/media\/396"}],"wp:attachment":[{"href":"http:\/\/vphcheck.com\/index.php\/wp-json\/wp\/v2\/media?parent=435"}],"curies":[{"name":"wp","href":"https:\/\/api.w.org\/{rel}","templated":true}]}}