{"id":1377,"date":"2024-12-05T09:27:48","date_gmt":"2024-12-05T09:27:48","guid":{"rendered":"http:\/\/vphcheck.com\/?post_type=product&#038;p=1377"},"modified":"2025-01-14T01:25:55","modified_gmt":"2025-01-14T01:25:55","slug":"banh-chung-vinacake-2","status":"publish","type":"product","link":"http:\/\/vphcheck.com\/index.php\/san-pham\/banh-chung-vinacake-2\/","title":{"rendered":"B\u00c1NH CH\u01afNG VINACAKE"},"content":{"rendered":"<p><center><img decoding=\"async\" src=\"https:\/\/img.upanh.tv\/2023\/12\/04\/logovina.png\" width=\"370 height=\"auto\" alt=\" \" \/><br \/>\n<\/center>\t\t<\/p>\n","protected":false},"excerpt":{"rendered":"<p>&nbsp;<\/p>\n<table class=\"w3-table-all\">\n<thead>\n<tr class=\"w3-blue\">\n<th colspan=\"2\">Th\u00f4ng tin s\u1ea3n ph\u1ea9m<\/th>\n<\/tr>\n<\/thead>\n<tbody>\n<tr>\n<td width=\"122\">T\u00ean s\u1ea3n ph\u1ea9m<\/td>\n<td width=\"228\">B\u00e1nh ch\u01b0ng Vinacake<\/td>\n<\/tr>\n<tr>\n<td>Th\u00e0nh ph\u1ea7n<\/td>\n<td>G\u1ea1o n\u1ebfp, \u0111\u1eadu xanh, th\u1ecbt heo, gia v\u1ecb (mu\u1ed1i, b\u1ed9t ng\u1ecdt, ti\u00eau)<\/td>\n<\/tr>\n<tr>\n<td>M\u00e3 s\u1ed1 Doanh nghi\u1ec7p<\/td>\n<td>4001213054<\/td>\n<\/tr>\n<tr>\n<td>Ng\u00e0y s\u1ea3n xu\u1ea5t<\/td>\n<td>Xem tr\u00ean bao b\u00ec<\/td>\n<\/tr>\n<tr>\n<td>Th\u1eddi h\u1ea1n s\u1eed d\u1ee5ng<\/td>\n<td>&#8211; 15 ng\u00e0y \u1edf nhi\u1ec7t \u0111\u1ed9 th\u01b0\u1eddng d\u01b0\u1edbi 25 \u0111\u1ed9 C<br \/>\n&#8211; 30 ng\u00e0y \u1edf nhi\u1ec7t \u0111\u1ed9 l\u1ea1nh (0-5 \u0111\u1ed9 C)<br \/>\n&#8211; 120 ng\u00e0y n\u1ebfu s\u1ea3n ph\u1ea9m \u0111\u00e3 c\u1ea5p \u0111\u00f4ng k\u1ec3 t\u1eeb NSX<\/td>\n<\/tr>\n<tr>\n<td>Tr\u1ecdng l\u01b0\u1ee3ng<\/td>\n<td>Xem tr\u00ean bao b\u00ec<\/td>\n<\/tr>\n<tr>\n<td>H\u01b0\u1edbng d\u1eabn s\u1eed d\u1ee5ng<\/td>\n<td>&#8211; M\u1edf b\u00e1nh \u0103n ngay(Ngon nh\u1ea5t 5 ng\u00e0y \u0111\u1ea7u k\u1ec3 t\u1eeb NSX)<br \/>\n&#8211; Sau 5 ng\u00e0y n\u00ean h\u1ea5p ho\u1eb7c chi\u00ean gi\u00f2n (Bao b\u00ec d\u00f9ng \u0111\u01b0\u1ee3c cho l\u00f2 vi s\u00f3ng)<br \/>\n&#8211; Kh\u00f4ng d\u00f9ng s\u1ea3n ph\u1ea9m \u0111\u00e3 b\u1ecb m\u1ea5t ch\u00e2n kh\u00f4ng, h\u1ebft h\u1ea1n s\u1eed d\u1ee5ng, c\u00f3 m\u00f9i l\u1ea1, \u00f4i, thiu, n\u1ea5m m\u1ed1c.<\/td>\n<\/tr>\n<tr>\n<td>Ch\u00fa \u00fd<\/td>\n<td>B\u00e1nh s\u1ebd b\u1ecb h\u1ecfng tr\u01b0\u1edbc HSD n\u1ebfu nhi\u1ec7t \u0111\u1ed9 > 30 \u0111\u1ed9 C ho\u1eb7c bao <\/td>\n<\/tr>\n<tr>\n<th class=\"w3-blue\" colspan=\"2\">Th\u00f4ng tin \u0111\u01a1n v\u1ecb \/ nh\u00e0 s\u1ea3n xu\u1ea5t<\/th>\n<\/tr>\n<tr>\n<td>T\u00ean \u0111\u01a1n v\u1ecb:<\/td>\n<td width=\"228\"><strong>C\u00d4NG TY TR\u00c1CH NHI\u1ec6M H\u1eeeU H\u1ea0N TR\u00cd T\u00cdN TH\u1ecaNH<\/strong><\/td>\n<\/tr>\n<tr>\n<td>Qu\u1ed1c gia:<\/td>\n<td>Vi\u1ec7t Nam<\/td>\n<\/tr>\n<tr>\n<td>T\u1ec9nh \/th\u00e0nh :<\/td>\n<td>Qu\u1ea3ng Nam<\/td>\n<\/tr>\n<tr>\n<td>\u0110\u1ecba ch\u1ec9 li\u00ean l\u1ea1c:<\/td>\n<td>Th\u00f4n Kh\u01b0\u01a1ng M\u1ef9, x\u00e3 Tam Xu\u00e2n 1, huy\u1ec7n N\u00fai Th\u00e0nh, Qu\u1ea3ng Nam<\/td>\n<\/tr>\n<tr>\n<td>\u0110i\u1ec7n tho\u1ea1i:<\/td>\n<td>0962141646-0834707275<\/td>\n<\/tr>\n<tr>\n<td>Email:<\/td>\n<td>vinacake@gmail.com<\/td>\n<\/tr>\n<tr>\n<td>Website:<\/td>\n<td>https:\/\/vinacake.com.vn<\/td>\n<\/tr>\n<tr>\n<td>Gi\u00e1m \u0111\u1ed1c<\/td>\n<td>Nguy\u1ec5n \u0110\u1ee9c T\u00edn<\/td>\n<\/tr>\n<tr>\n<th class=\"w3-blue\" colspan=\"2\">Th\u00f4ng tin nguy\u00ean li\u1ec7u<\/th>\n<\/tr>\n<tr>\n<td>T\u00ean nguy\u00ean li\u1ec7u<\/td>\n<td>G\u1ea1o n\u1ebfp, \u0111\u1eadu xanh, th\u1ecbt heo, gia v\u1ecb (mu\u1ed1i, b\u1ed9t ng\u1ecdt, ti\u00eau) <\/td>\n<\/tr>\n<tr>\n<td>V\u00f9ng tr\u1ed3ng<\/td>\n<td>N\u00fai Th\u00e0nh- Qu\u1ea3ng Nam<\/td>\n<\/tr>\n<\/tbody>\n<\/table>\n<p><center><strong>TH\u01af VI\u1ec6N \u1ea2NH<\/strong><\/center><br \/>\n<img decoding=\"async\" src=\"https:\/\/img.upanh.tv\/2025\/01\/14\/z6224976022930_e113e9402f8bd32d9a38e73b3e847ed0d4154bcb074d3e7f.jpg\" alt=\"5.jpg\" width=\"360\" height=\"auto\" border=\"0\" \/><br \/>\n<img decoding=\"async\" src=\"https:\/\/img.upanh.tv\/2025\/01\/14\/z6224976328166_ccb8a2d998645e328d2059f9a509a2544a5449b663a352dc.jpg\" width=\"360\" height=\"auto\" border=\"0\" \/><br \/>\n<img decoding=\"async\" src=\"https:\/\/img.upanh.tv\/2025\/01\/14\/z6224976648468_f89530dc92c8cc578b849e5f2203ab226044d0179be65192.jpg\" width=\"360\" height=\"auto\" border=\"0\" \/><br \/>\n<img decoding=\"async\" src=\"https:\/\/vinacake.com.vn\/wp-content\/uploads\/2022\/07\/banh-chung-thit-gac-510x383.jpg\" alt=\"5.jpg\" width=\"360\" height=\"auto\" border=\"0\" \/><br \/>\n<\/center><img decoding=\"async\" src=\"https:\/\/vinacake.com.vn\/wp-content\/uploads\/2022\/07\/banh-chung-thit-truyen-htong.jpg\" width=\"360\" height=\"auto\" border=\"0\" \/><\/p>\n<p><strong>B\u1ea3n \u0111\u1ed3 v\u00f9ng s\u1ea3n xu\u1ea5t v\u00e0 nguy\u00ean li\u1ec7u<\/strong><br \/>\nC\u00e1c th\u00f4ng tin tr\u00ean \u0111\u01b0\u1ee3c cung c\u1ea5p b\u1edfi <strong>C\u00d4NG TY TR\u00c1CH NHI\u1ec6M H\u1eeeU H\u1ea0N TR\u00cd T\u00cdN TH\u1ecaNH<\/strong><\/p>\n","protected":false},"featured_media":366,"comment_status":"open","ping_status":"closed","template":"","meta":[],"_links":{"self":[{"href":"http:\/\/vphcheck.com\/index.php\/wp-json\/wp\/v2\/product\/1377"}],"collection":[{"href":"http:\/\/vphcheck.com\/index.php\/wp-json\/wp\/v2\/product"}],"about":[{"href":"http:\/\/vphcheck.com\/index.php\/wp-json\/wp\/v2\/types\/product"}],"replies":[{"embeddable":true,"href":"http:\/\/vphcheck.com\/index.php\/wp-json\/wp\/v2\/comments?post=1377"}],"wp:featuredmedia":[{"embeddable":true,"href":"http:\/\/vphcheck.com\/index.php\/wp-json\/wp\/v2\/media\/366"}],"wp:attachment":[{"href":"http:\/\/vphcheck.com\/index.php\/wp-json\/wp\/v2\/media?parent=1377"}],"curies":[{"name":"wp","href":"https:\/\/api.w.org\/{rel}","templated":true}]}}