{"id":1367,"date":"2024-11-04T02:12:22","date_gmt":"2024-11-04T02:12:22","guid":{"rendered":"http:\/\/vphcheck.com\/?post_type=product&#038;p=1367"},"modified":"2024-11-04T02:20:18","modified_gmt":"2024-11-04T02:20:18","slug":"bot-ngu-coc-sieu-loi-sua-ngoc-thuy","status":"publish","type":"product","link":"http:\/\/vphcheck.com\/index.php\/san-pham\/bot-ngu-coc-sieu-loi-sua-ngoc-thuy\/","title":{"rendered":"B\u1ed8T NG\u0168 C\u1ed0C SI\u00caU L\u1ee2I S\u1eeeA &#8211; NG\u1eccC TH\u00daY"},"content":{"rendered":"<p><center><br \/>\n<img decoding=\"async\" class=\" wp-image-503 aligncenter\" src=\"http:\/\/vphcheck.com\/wp-content\/uploads\/2018\/08\/che-day-300x300.jpg\" alt=\"\" width=\"360\" height=\"auto\" \/><br \/><\/center><\/p>\n<table class=\"w3-table-all\">\n<thead>\n<tr class=\"w3-blue\">\n<th colspan=\"2\">Th\u00f4ng tin s\u1ea3n ph\u1ea9m<\/th>\n<\/tr>\n<\/thead>\n<tbody>\n<tr>\n<td width=\"122\">T\u00ean s\u1ea3n ph\u1ea9m<\/td>\n<td width=\"228\">B\u1ed8T NG\u0168 C\u1ed0C SI\u00caU L\u1ee2I S\u1eeeA &#8211; NG\u1eccC TH\u00daY<\/td>\n<\/tr>\n<tr>\n<td>Th\u00e0nh ph\u1ea7n<\/td>\n<td>\u00d3c ch\u00f3, h\u1ea1nh nh\u00e2n, \u0111i\u1ec1u, macca, b\u00ed xanh, d\u1ebb, h\u1ea1t chia, y\u1ebfn m\u1ea1ch, sen kh\u00f4, h\u1ea1t th\u00f4ng, b\u1eafp m\u1ef9. h\u1ea1t Methi. di\u00eam m\u1ea1ch, h\u1ea1t lanh, \u0111\u1eadu g\u00e0, \u0111\u1eadu v\u00e1n, \u00fd d\u0129, \u0111\u1eadu tr\u1eafng, \u0111\u1eadu n\u00e0nh, \u0111\u1eadu \u0111en, \u0111\u1eadu xanh, \u0111\u1eadu \u0111\u1ecf, \u0111\u1eadu ng\u1ef1, g\u1ea1o l\u1ee9t, m\u00e8 \u0111en\n<\/td>\n<\/tr>\n<tr>\n<td>\u0110\u1ed1i t\u01b0\u1ee3ng s\u1eed d\u1ee5ng<\/td>\n<td>Th\u00edch h\u1ee3p cho m\u1ecdi l\u1ee9a tu\u1ed5i, \u0111\u1ea1c bi\u1ec7t th\u00edch h\u1ee3p cho m\u1eb9 sau sinh,&#8230;\n<\/td>\n<\/tr>\n<tr>\n<td>M\u00e3 s\u1ed1 Doanh nghi\u1ec7p<\/td>\n<td>33H8006880<\/td>\n<\/tr>\n<tr>\n<td>Ng\u00e0y s\u1ea3n xu\u1ea5t<\/td>\n<td>Xem tr\u00ean bao b\u00ec<\/td>\n<\/tr>\n<tr>\n<td>Th\u1eddi h\u1ea1n s\u1eed d\u1ee5ng<\/td>\n<td>08 th\u00e1ng k\u1ec3 t\u1eeb NSX<\/td>\n<\/tr>\n<tr>\n<td>Tr\u1ecdng l\u01b0\u1ee3ng<\/td>\n<td>450gam<\/td>\n<\/tr>\n<tr>\n<td>H\u01b0\u1edbng d\u1eabn s\u1eed d\u1ee5ng<\/td>\n<td>\n\tCho 6 th\u00eca ng\u0169 c\u1ed1c v\u1edbi 200ml n\u01b0\u1edbc \u1ea5m 50 \u0111\u1ed9 C, c\u00f3 th\u1ec3 cho th\u00eam \u0111\u01b0\u1eddng ho\u1eb7c s\u1eefa t\u00f9y th\u00edch\n<\/td>\n<\/tr>\n<tr>\n<td>L\u01b0u \u00fd &#8211; C\u1ea3nh b\u00e1o<\/td>\n<td>\n<li>B\u1ea3o qu\u1ea3n \u1edf n\u01a1i kh\u00f4 r\u00e1o tho\u00e1ng m\u00e1t tr\u00e1nh \u00e1nh n\u1eafng tr\u1ef1c ti\u1ebfp<\/li>\n<li>S\u1eed d\u1ee5ng trong v\u00f2ng 01 th\u00e1ng sau khi m\u1edf t\u00fai<\/li>\n<li>Kh\u00f3a k\u1ef9 mi\u1ec7ng t\u00fai sau khi s\u1eed d\u1ee5ng<\/li>\n<\/td>\n<\/tr>\n<tr>\n<th class=\"w3-blue\" colspan=\"2\">Th\u00f4ng tin \u0111\u01a1n v\u1ecb \/ nh\u00e0 s\u1ea3n xu\u1ea5t<\/th>\n<\/tr>\n<tr>\n<td>T\u00ean \u0111\u01a1n v\u1ecb:<\/td>\n<td width=\"228\">H\u1ed8 KINH DOANH NG\u0168 C\u1ed0C NG\u1eccC TH\u00daY<\/td>\n<\/tr>\n<tr>\n<td>Qu\u1ed1c gia:<\/td>\n<td>Vi\u1ec7t Nam<\/td>\n<\/tr>\n<tr>\n<td>T\u1ec9nh \/th\u00e0nh :<\/td>\n<td>Qu\u1ea3ng Nam<\/td>\n<\/tr>\n<tr>\n<td>\u0110\u1ecba ch\u1ec9 li\u00ean l\u1ea1c:<\/td>\n<td>Th\u00f4n Tr\u00e0 \u0110\u00f3a 2, x\u00e3 B\u00ecnh \u0110\u00e0o, huy\u1ec7n Th\u0103ng B\u00ecnh, t\u1ec9nh Qu\u1ea3ng Nam<\/td>\n<\/tr>\n<tr>\n<td>\u0110\u1ecba ch\u1ec9 s\u1ea3n xu\u1ea5t:<\/td>\n<td>T\u1ed5 19, Th\u00f4n Ph\u01b0\u1edbc Ch\u00e2u, x\u00e3 B\u00ecnh Tri\u1ec1u, huy\u1ec7n Th\u0103ng B\u00ecnh, t\u1ec9nh Qu\u1ea3ng Nam<\/td>\n<\/tr>\n<tr>\n<td>Ch\u1ee7 c\u01a1 s\u1edf<\/td>\n<td>H\u1ed3 Th\u1ecb Ng\u1ecdc Th\u00fay<\/td>\n<\/tr>\n<tr>\n<td>Di \u0111\u1ed9ng:<\/td>\n<td>0937726140<\/td>\n<\/tr>\n<tr>\n<td>Website:<\/td>\n<td><\/td>\n<\/tr>\n<\/tbody>\n<\/table>\n","protected":false},"excerpt":{"rendered":"<table class=\"w3-table-all\">\n<thead>\n<tr class=\"w3-green\">\n<th colspan=\"2\">\u1ea2NH S\u1ea2N PH\u1ea8M<\/th>\n<\/tr>\n<\/tbody>\n<\/table>\n<p><img decoding=\"async\" class=\" wp-image-503 aligncenter\" src=\"https:\/\/img.upanh.tv\/2024\/11\/04\/z5996197626552_6da87478a486ebe8d13fc7fa2d1940d3.jpg\" alt=\"\" width=\"360\" height=\"auto\" \/><br \/>\n<img decoding=\"async\" class=\" wp-image-503 aligncenter\" src=\"https:\/\/img.upanh.tv\/2024\/11\/04\/z5996197631443_a55678ff10be145406fbf13a45cfca53.jpg\" alt=\"\" width=\"360\" height=\"auto\" \/><br \/>\n<img decoding=\"async\" class=\" wp-image-503 aligncenter\" src=\"https:\/\/img.upanh.tv\/2024\/11\/04\/z5996197623676_36c797ed44f00d8eeb47dde98cb88e86ef69c07df6950a67.jpg\" alt=\"\" width=\"360\" height=\"auto\" \/><\/p>\n<p><B>TH\u00d4NG TIN TRUY XU\u1ea4T NGU\u1ed2N G\u1ed0C \u0110\u01af\u1ee2C CUNG C\u1ea4P B\u1edeI H\u1ed8 KINH DOANH NG\u0168 C\u1ed0C NG\u1eccC TH\u00daY<\/B><\/p>\n","protected":false},"featured_media":396,"comment_status":"open","ping_status":"closed","template":"","meta":[],"_links":{"self":[{"href":"http:\/\/vphcheck.com\/index.php\/wp-json\/wp\/v2\/product\/1367"}],"collection":[{"href":"http:\/\/vphcheck.com\/index.php\/wp-json\/wp\/v2\/product"}],"about":[{"href":"http:\/\/vphcheck.com\/index.php\/wp-json\/wp\/v2\/types\/product"}],"replies":[{"embeddable":true,"href":"http:\/\/vphcheck.com\/index.php\/wp-json\/wp\/v2\/comments?post=1367"}],"wp:featuredmedia":[{"embeddable":true,"href":"http:\/\/vphcheck.com\/index.php\/wp-json\/wp\/v2\/media\/396"}],"wp:attachment":[{"href":"http:\/\/vphcheck.com\/index.php\/wp-json\/wp\/v2\/media?parent=1367"}],"curies":[{"name":"wp","href":"https:\/\/api.w.org\/{rel}","templated":true}]}}