{"id":1246,"date":"2023-12-04T13:31:13","date_gmt":"2023-12-04T13:31:13","guid":{"rendered":"http:\/\/vphcheck.com\/?post_type=product&#038;p=1246"},"modified":"2023-12-04T13:31:36","modified_gmt":"2023-12-04T13:31:36","slug":"banh-tet-vinacake-2","status":"publish","type":"product","link":"http:\/\/vphcheck.com\/index.php\/san-pham\/banh-tet-vinacake-2\/","title":{"rendered":"B\u00c1NH T\u00c9T VINACAKE"},"content":{"rendered":"<p><center><img decoding=\"async\" src=\"https:\/\/img.upanh.tv\/2023\/12\/04\/logovina.png\" width=\"370 height=\"auto\" alt=\" \" \/><br \/>\n<img decoding=\"async\" src=\"https:\/\/img.upanh.tv\/2023\/12\/04\/z4852668145718_23aeea4f9f96575b0a3ea3ddc122261a.jpg\" width=\"370 height=\"auto\" alt=\" \" \/><br \/>\n<\/center>\t\t<\/p>\n","protected":false},"excerpt":{"rendered":"<table class=\"w3-table-all\">\n<thead>\n<tr class=\"w3-blue\">\n<th colspan=\"2\">Th\u00f4ng tin s\u1ea3n ph\u1ea9m<\/th>\n<\/tr>\n<\/thead>\n<tbody>\n<tr>\n<td width=\"122\">T\u00ean s\u1ea3n ph\u1ea9m<\/td>\n<td width=\"228\">C\u1ee6 KI\u1ec6U<\/td>\n<\/tr>\n<tr>\n<td>Th\u00e0nh ph\u1ea7n<\/td>\n<td>C\u1ee7 ki\u1ec7u, c\u1ee7 c\u1ea3i, c\u00e0 r\u1ed1t, \u0111u \u0111\u1ee7, n\u01b0\u1edbc m\u1eafm, gia v\u1ecb,&#8230;\n<\/td>\n<\/tr>\n<tr>\n<td>M\u00e3 s\u1ed1 Doanh nghi\u1ec7p\/td><\/p>\n<td>4001213054<\/td>\n<\/tr>\n<tr>\n<td>Ng\u00e0y s\u1ea3n xu\u1ea5t<\/td>\n<td>Xem tr\u00ean bao b\u00ec<\/td>\n<\/tr>\n<tr>\n<td>Th\u1eddi h\u1ea1n s\u1eed d\u1ee5ng<\/td>\n<td>15 ng\u00e0y \u1edf \u0111i\u1ec1u ki\u1ec7n th\u01b0\u1eddng, 60 ng\u00e0y khi b\u1ea3o qu\u1ea3n l\u1ea1nh 0-5 \u0111\u1ed9 C k\u1ec3 t\u1eeb NSX<\/td>\n<\/tr>\n<tr>\n<td>Tr\u1ecdng l\u01b0\u1ee3ng<\/td>\n<td>500 gam<\/td>\n<\/tr>\n<tr>\n<td>H\u01b0\u1edbng d\u1eabn s\u1eed d\u1ee5ng<\/td>\n<td>\n\t\u0102n ngay, ngon h\u01a1n khi \u0103n k\u00e8m v\u1edbi b\u00e1nh ch\u01b0ng, b\u00e1nh t\u00e9t\n<\/td>\n<\/tr>\n<tr>\n<td>B\u1ea3o qu\u1ea3n<\/td>\n<td>B\u1ea3o qu\u1ea3n \u1edf n\u01a1i kh\u00f4 r\u00e1o tho\u00e1ng m\u00e1t tr\u00e1nh \u00e1nh n\u1eafng tr\u1ef1c ti\u1ebfp<\/td>\n<\/tr>\n<tr>\n<th class=\"w3-blue\" colspan=\"2\">Th\u00f4ng tin \u0111\u01a1n v\u1ecb \/ nh\u00e0 s\u1ea3n xu\u1ea5t<\/th>\n<\/tr>\n<tr>\n<td>T\u00ean \u0111\u01a1n v\u1ecb:<\/td>\n<td width=\"228\">C\u00d4NG TY TNHH TR\u00cd T\u00cdN TH\u1ecaNH<\/td>\n<\/tr>\n<tr>\n<td>Qu\u1ed1c gia:<\/td>\n<td>Vi\u1ec7t Nam<\/td>\n<\/tr>\n<tr>\n<td>T\u1ec9nh \/th\u00e0nh :<\/td>\n<td>Qu\u1ea3ng Nam<\/td>\n<\/tr>\n<tr>\n<td>\u0110\u1ecba ch\u1ec9 li\u00ean l\u1ea1c:<\/td>\n<td>Th\u00f4n Kh\u01b0\u01a1ng M\u1ef9, x\u00e3 Tam Xu\u00e2n I, huy\u1ec7n N\u00fai Th\u00e0nh, t\u1ec9nh Qu\u1ea3ng Nam<\/td>\n<\/tr>\n<tr>\n<td>Email<\/td>\n<td><\/td>\n<\/tr>\n<tr>\n<td>Di \u0111\u1ed9ng:<\/td>\n<td>0962141646 &#8211; 0834707275<\/td>\n<\/tr>\n<tr>\n<td>Website:<\/td>\n<td>http:\/\/vinacake.com.vn<\/td>\n<\/tr>\n<\/tbody>\n<\/table>\n<p><center><\/p>\n","protected":false},"featured_media":366,"comment_status":"open","ping_status":"closed","template":"","meta":[],"_links":{"self":[{"href":"http:\/\/vphcheck.com\/index.php\/wp-json\/wp\/v2\/product\/1246"}],"collection":[{"href":"http:\/\/vphcheck.com\/index.php\/wp-json\/wp\/v2\/product"}],"about":[{"href":"http:\/\/vphcheck.com\/index.php\/wp-json\/wp\/v2\/types\/product"}],"replies":[{"embeddable":true,"href":"http:\/\/vphcheck.com\/index.php\/wp-json\/wp\/v2\/comments?post=1246"}],"wp:featuredmedia":[{"embeddable":true,"href":"http:\/\/vphcheck.com\/index.php\/wp-json\/wp\/v2\/media\/366"}],"wp:attachment":[{"href":"http:\/\/vphcheck.com\/index.php\/wp-json\/wp\/v2\/media?parent=1246"}],"curies":[{"name":"wp","href":"https:\/\/api.w.org\/{rel}","templated":true}]}}