{"id":1239,"date":"2023-12-03T13:47:01","date_gmt":"2023-12-03T13:47:01","guid":{"rendered":"http:\/\/vphcheck.com\/?post_type=product&#038;p=1239"},"modified":"2025-04-26T01:15:51","modified_gmt":"2025-04-26T01:15:51","slug":"nuoc-mam-ca-com-nguyen-chat-phuc-dien-ky-ha","status":"publish","type":"product","link":"http:\/\/vphcheck.com\/index.php\/san-pham\/nuoc-mam-ca-com-nguyen-chat-phuc-dien-ky-ha\/","title":{"rendered":"N\u01af\u1edaC M\u1eaeM C\u00c1 C\u01a0M NGUY\u00caN CH\u1ea4T &#8211; PH\u00daC DI\u1ec4N K\u1ef2 H\u00c0"},"content":{"rendered":"<p><center><img decoding=\"async\" src=\"https:\/\/img.upanh.tv\/2023\/12\/03\/logothu-thao.jpg\" width=\"370\" height=\"auto\" alt=\" \" \/><\/p>\n","protected":false},"excerpt":{"rendered":"<table class=\"w3-table-all\">\n<thead>\n<tr class=\"w3-blue\">\n<th colspan=\"2\">Th\u00f4ng tin s\u1ea3n ph\u1ea9m<\/th>\n<\/tr>\n<\/thead>\n<tbody>\n<tr>\n<td width=\"122\">T\u00ean s\u1ea3n ph\u1ea9m<\/td>\n<td width=\"228\">N\u01af\u1edaC M\u1eaeM C\u00c1 C\u01a0M NGUY\u00caN CH\u1ea4T<\/td>\n<\/tr>\n<tr>\n<td>Th\u00e0nh ph\u1ea7n<\/td>\n<td>N\u01b0\u1edbc, C\u00e1 c\u01a1m than, mu\u1ed1i tinh Vi\u1ec7t Nam\n<\/td>\n<\/tr>\n<tr>\n<td>Gi\u1ea5y \u0110KKD<\/td>\n<td>33M8009769<\/td>\n<\/tr>\n<tr>\n<td>Ng\u00e0y s\u1ea3n xu\u1ea5t<\/td>\n<td>Xem tr\u00ean bao b\u00ec<\/td>\n<\/tr>\n<tr>\n<td>Th\u1eddi h\u1ea1n s\u1eed d\u1ee5ng<\/td>\n<td>24 th\u00e1ng k\u1ec3 t\u1eeb NSX <\/td>\n<\/tr>\n<tr>\n<td>Tr\u1ecdng l\u01b0\u1ee3ng<\/td>\n<td>Chai th\u1ee7y tinh 500ml \/ Chai nh\u1ef1a 1000ml<\/td>\n<\/tr>\n<tr>\n<td>H\u01b0\u1edbng d\u1eabn s\u1eed d\u1ee5ng<\/td>\n<td>\n<ul>\n \tD\u00f9ng \u0111\u1ec3 ch\u1ea5m ho\u1eb7c l\u00e0m gia v\u1ecb<\/p>\n<\/ul>\n<\/td>\n<\/tr>\n<tr>\n<td>B\u1ea3o qu\u1ea3n<\/td>\n<td>B\u1ea3o qu\u1ea3n \u1edf n\u01a1i kh\u00f4 r\u00e1o tho\u00e1ng m\u00e1t tr\u00e1nh \u00e1nh n\u1eafng tr\u1ef1c ti\u1ebfp<\/td>\n<\/tr>\n<tr>\n<th class=\"w3-blue\" colspan=\"2\">Th\u00f4ng tin \u0111\u01a1n v\u1ecb \/ nh\u00e0 s\u1ea3n xu\u1ea5t<\/th>\n<\/tr>\n<tr>\n<td>T\u00ean \u0111\u01a1n v\u1ecb:<\/td>\n<td width=\"228\">C\u01a0 S\u1ede S\u1ea2N XU\u1ea4T N\u01af\u1edaC M\u1eaeM TRUY\u1ec0N TH\u1ed0NG PH\u00daC DI\u1ec4N<\/td>\n<\/tr>\n<tr>\n<td>Qu\u1ed1c gia:<\/td>\n<td>Vi\u1ec7t Nam<\/td>\n<\/tr>\n<tr>\n<td>T\u1ec9nh \/th\u00e0nh :<\/td>\n<td>Qu\u1ea3ng Nam<\/td>\n<\/tr>\n<tr>\n<td>\u0110\u1ecba ch\u1ec9 li\u00ean l\u1ea1c:<\/td>\n<td>Th\u00f4n Trung To\u00e0n, X\u00e3 Tam Quang, huy\u1ec7n N\u00fai Th\u00e0nh, T\u1ec9nh Qu\u1ea3ng Nam<\/td>\n<\/tr>\n<tr>\n<td>Email<\/td>\n<td><\/td>\n<\/tr>\n<tr>\n<td>Di \u0111\u1ed9ng:<\/td>\n<td>0357501678<\/td>\n<\/tr>\n<tr>\n<td>Website:<\/td>\n<td><\/td>\n<\/tr>\n<\/tbody>\n<\/table>\n<p><center><br \/>\n<img decoding=\"async\" class=\"aligncenter\" src=\"https:\/\/img.upanh.tv\/2023\/12\/11\/z4848929755400_c0b504880fd5e78254e5c410e5ac6d92.jpg\" alt=\" \" width=\"370\" height=\"auto\" \/><br \/>\n<img decoding=\"async\" class=\"aligncenter\" src=\"https:\/\/img.upanh.tv\/2023\/12\/11\/z4848934832366_4c572f32d7954e3816c1a8f9ac96f73f.jpg\" alt=\" \" width=\"370\" height=\"auto\" \/><br \/>\n<img decoding=\"async\" class=\"aligncenter\" src=\"https:\/\/img.upanh.tv\/2023\/12\/11\/z4848936095506_96035139219ebe14d83ef66c537351ca.jpg\" alt=\" \" width=\"370\" height=\"auto\" \/><br \/>\n<img decoding=\"async\" class=\"aligncenter\" src=\"https:\/\/img.upanh.tv\/2023\/12\/11\/z4848948842814_ad2d0b6d13ed5d91621785eb0752871c.jpg\" alt=\" \" width=\"370\" height=\"auto\" \/><br \/>\n<img decoding=\"async\" class=\"aligncenter\" src=\"https:\/\/img.upanh.tv\/2023\/12\/11\/z4848962171455_2dec5c5c26c6c6a773ee147dfb24c36e.jpg\" alt=\" \" width=\"370\" height=\"auto\" \/><br \/>\n<img decoding=\"async\" class=\"aligncenter\" src=\"https:\/\/img.upanh.tv\/2023\/12\/11\/z4848964832297_e0974176c9d10847a0e9f4bc1825fc73.jpg\" alt=\" \" width=\"370\" height=\"auto\" \/><\/p>\n","protected":false},"featured_media":0,"comment_status":"open","ping_status":"closed","template":"","meta":[],"_links":{"self":[{"href":"http:\/\/vphcheck.com\/index.php\/wp-json\/wp\/v2\/product\/1239"}],"collection":[{"href":"http:\/\/vphcheck.com\/index.php\/wp-json\/wp\/v2\/product"}],"about":[{"href":"http:\/\/vphcheck.com\/index.php\/wp-json\/wp\/v2\/types\/product"}],"replies":[{"embeddable":true,"href":"http:\/\/vphcheck.com\/index.php\/wp-json\/wp\/v2\/comments?post=1239"}],"wp:attachment":[{"href":"http:\/\/vphcheck.com\/index.php\/wp-json\/wp\/v2\/media?parent=1239"}],"curies":[{"name":"wp","href":"https:\/\/api.w.org\/{rel}","templated":true}]}}