{"id":1236,"date":"2023-12-03T13:17:26","date_gmt":"2023-12-03T13:17:26","guid":{"rendered":"http:\/\/vphcheck.com\/?post_type=product&#038;p=1236"},"modified":"2025-04-26T01:16:05","modified_gmt":"2025-04-26T01:16:05","slug":"ruou-gao-sach-lpt","status":"publish","type":"product","link":"http:\/\/vphcheck.com\/index.php\/san-pham\/ruou-gao-sach-lpt\/","title":{"rendered":"R\u01af\u1ee2U G\u1ea0O S\u1ea0CH &#8211; LPT"},"content":{"rendered":"<p><center><img loading=\"lazy\" decoding=\"async\" src=\"https:\/\/img.upanh.tv\/2023\/12\/14\/z4882076968315_93bea811ba75ff75f365f6bead5270f1.jpg\" alt=\"\" width=\"340\" height=\"340\" class=\"alignnone size-full wp-image-616\" \/><\/center><\/p>\n","protected":false},"excerpt":{"rendered":"<table class=\"w3-table-all\">\n<thead>\n<tr class=\"w3-blue\">\n<th colspan=\"2\">Th\u00f4ng tin s\u1ea3n ph\u1ea9m<\/th>\n<\/tr>\n<\/thead>\n<tbody>\n<tr>\n<td width=\"122\">T\u00ean s\u1ea3n ph\u1ea9m<\/td>\n<td width=\"228\">R\u01af\u1ee2U G\u1ea0O S\u1ea0CH &#8211; LPT<\/td>\n<\/tr>\n<tr>\n<td>Th\u00e0nh ph\u1ea7n<\/td>\n<td>N\u01b0\u1edbc s\u1ea1ch, men, g\u1ea1o\n<\/td>\n<\/tr>\n<tr>\n<td>Gi\u1ea5y ph\u00e9p \u0110KKD<\/td>\n<td>33A8002525<\/td>\n<\/tr>\n<tr>\n<td>Ng\u00e0y s\u1ea3n xu\u1ea5t<\/td>\n<td>Xem tr\u00ean bao b\u00ec<\/td>\n<\/tr>\n<tr>\n<td>Th\u1eddi h\u1ea1n s\u1eed d\u1ee5ng<\/td>\n<td>Kh\u00f4ng th\u1eddi h\u1ea1n<\/td>\n<\/tr>\n<tr>\n<td>Tr\u1ecdng l\u01b0\u1ee3ng<\/td>\n<td>Xem tr\u00ean th\u00e2n chai<\/td>\n<\/tr>\n<tr>\n<td>H\u01b0\u1edbng d\u1eabn s\u1eed d\u1ee5ng<\/td>\n<td>\n<ul>\n<li>D\u00f9ng tr\u1ef1c ti\u1ebfp<\/li>\n<li>Ng\u01b0\u1eddi tr\u00ean 18 tu\u1ed5i m\u1edbi \u0111\u01b0\u1ee3c u\u1ed1ng r\u01b0\u1ee3u<\/li>\n<li>U\u1ed1ng c\u00f3 ki\u1ec3m so\u00e1t<\/li>\n<\/ul>\n<\/td>\n<\/tr>\n<tr>\n<td>B\u1ea3o qu\u1ea3n<\/td>\n<td>B\u1ea3o qu\u1ea3n \u1edf n\u01a1i kh\u00f4 r\u00e1o tho\u00e1ng m\u00e1t, tr\u00e1nh \u00e1nh n\u1eafng tr\u1ef1c ti\u1ebfp<\/td>\n<\/tr>\n<tr>\n<th class=\"w3-blue\" colspan=\"2\">Th\u00f4ng tin \u0111\u01a1n v\u1ecb \/ nh\u00e0 s\u1ea3n xu\u1ea5t<\/th>\n<\/tr>\n<tr>\n<td>T\u00ean \u0111\u01a1n v\u1ecb:<\/td>\n<td width=\"228\">H\u1ed8 KINH DOAN L\u00ca PH\u1ea0M TRUNG<\/td>\n<\/tr>\n<tr>\n<td>Qu\u1ed1c gia:<\/td>\n<td>Vi\u1ec7t Nam<\/td>\n<\/tr>\n<tr>\n<td>T\u1ec9nh \/th\u00e0nh :<\/td>\n<td>Qu\u1ea3ng Nam<\/td>\n<\/tr>\n<tr>\n<td>\u0110\u1ecba ch\u1ec9 li\u00ean l\u1ea1c:<\/td>\n<td>Th\u00f4n Th\u1ea1ch T\u00e2n, x\u00e3 Tam Th\u0103ng, tp Tam K\u1ef3, T\u1ec9nh Qu\u1ea3ng Nam<\/td>\n<\/tr>\n<tr>\n<td>Email<\/td>\n<td><\/td>\n<\/tr>\n<tr>\n<td>Di \u0111\u1ed9ng:<\/td>\n<td>0982.172.375<\/td>\n<\/tr>\n<tr>\n<td>Website:<\/td>\n<td><\/td>\n<\/tr>\n<\/tbody>\n<\/table>\n<p><center><\/p>\n","protected":false},"featured_media":477,"comment_status":"open","ping_status":"closed","template":"","meta":[],"_links":{"self":[{"href":"http:\/\/vphcheck.com\/index.php\/wp-json\/wp\/v2\/product\/1236"}],"collection":[{"href":"http:\/\/vphcheck.com\/index.php\/wp-json\/wp\/v2\/product"}],"about":[{"href":"http:\/\/vphcheck.com\/index.php\/wp-json\/wp\/v2\/types\/product"}],"replies":[{"embeddable":true,"href":"http:\/\/vphcheck.com\/index.php\/wp-json\/wp\/v2\/comments?post=1236"}],"wp:featuredmedia":[{"embeddable":true,"href":"http:\/\/vphcheck.com\/index.php\/wp-json\/wp\/v2\/media\/477"}],"wp:attachment":[{"href":"http:\/\/vphcheck.com\/index.php\/wp-json\/wp\/v2\/media?parent=1236"}],"curies":[{"name":"wp","href":"https:\/\/api.w.org\/{rel}","templated":true}]}}