{"id":1235,"date":"2023-12-03T13:13:37","date_gmt":"2023-12-03T13:13:37","guid":{"rendered":"http:\/\/vphcheck.com\/?post_type=product&#038;p=1235"},"modified":"2023-12-16T01:13:12","modified_gmt":"2023-12-16T01:13:12","slug":"hop-tac-nong-nghiep-loc-thuy","status":"publish","type":"product","link":"http:\/\/vphcheck.com\/index.php\/san-pham\/hop-tac-nong-nghiep-loc-thuy\/","title":{"rendered":"B\u00c1NH TR\u00c1NG \u0110\u1ea0I L\u1ed8C"},"content":{"rendered":"<p><center><img decoding=\"async\" class=\"aligncenter\" src=\"http:\/\/vphcheck.com\/wp-content\/uploads\/2019\/08\/01-300x300.jpg\" alt=\" \" width=\"370\" height=\"auto\" \/><br \/>\nH\u1ee2P T\u00c1C X\u00c3 N\u00d4NG NGHI\u1ec6P L\u1ed8C TH\u1ee6Y<br \/>\n\u0110\u1ecba ch\u1ec9:\tTh\u00f4n T\u1ec9nh Th\u1ee7y, x\u00e3 Tam Thanh, th\u00e0nh ph\u1ed1 Tam K\u1ef3, t\u1ec9nh Qu\u1ea3ng Nam<br \/>\n\u0110i\u1ec7n tho\u1ea1i:\t0985935277<br \/>\n<font color=\"red\" size=\"5\"><b>B\u00c1NH TR\u00c1NH \u0110\u1ea0I L\u1ed8C<\/b><\/font><\/p>\n","protected":false},"excerpt":{"rendered":"<p><img decoding=\"async\" class=\"aligncenter\" src=\"https:\/\/img.upanh.tv\/2023\/12\/14\/z4882601181467_23d7a343f08c104dee3897c081ee57c4.jpg\" alt=\" \" width=\"370\" height=\"auto\" \/><br \/>\n<img decoding=\"async\" class=\"aligncenter\" src=\"https:\/\/img.upanh.tv\/2023\/12\/14\/z4882601219731_21dc76b0cfd4468eced318e3d156498b.jpg\" alt=\" \" width=\"370\" height=\"auto\" \/><br \/>\n<img decoding=\"async\" class=\"aligncenter\" src=\"https:\/\/img.upanh.tv\/2023\/12\/14\/z4882601248760_a42dc89180a9022d5ef62d7c6e63bc5f.jpg\" alt=\" \" width=\"370\" height=\"auto\" \/><br \/>\n<img decoding=\"async\" class=\"aligncenter\" src=\"https:\/\/img.upanh.tv\/2023\/12\/14\/z4882601280988_fd17b1d53331204397b1655981f64100.jpg\" alt=\" \" width=\"370\" height=\"auto\" \/><br \/>\n<img decoding=\"async\" class=\"aligncenter\" src=\"https:\/\/img.upanh.tv\/2023\/12\/14\/z4882601319389_985bf48eedb14b49d68c9421d43b58e7.jpg\" alt=\" \" width=\"370\" height=\"auto\" \/><br \/>\n<img decoding=\"async\" class=\"aligncenter\" src=\"https:\/\/img.upanh.tv\/2023\/12\/14\/z4884800908603_14f077c95573d9c2ff9939d3694a4d40.jpg\" alt=\" \" width=\"370\" height=\"auto\" \/><br \/>\n<img decoding=\"async\" class=\"aligncenter\" src=\"https:\/\/img.upanh.tv\/2023\/12\/14\/z4884801031337_87446038c556e80688d584943fb80f9d.jpg\" alt=\" \" width=\"370\" height=\"auto\" \/><br \/>\n<img decoding=\"async\" class=\"aligncenter\" src=\"https:\/\/img.upanh.tv\/2023\/12\/14\/z4884801506081_7acb5af83ce220e26fbceefeb9f18775.jpg\" alt=\" \" width=\"370\" height=\"auto\" \/><\/p>\n","protected":false},"featured_media":717,"comment_status":"open","ping_status":"closed","template":"","meta":[],"_links":{"self":[{"href":"http:\/\/vphcheck.com\/index.php\/wp-json\/wp\/v2\/product\/1235"}],"collection":[{"href":"http:\/\/vphcheck.com\/index.php\/wp-json\/wp\/v2\/product"}],"about":[{"href":"http:\/\/vphcheck.com\/index.php\/wp-json\/wp\/v2\/types\/product"}],"replies":[{"embeddable":true,"href":"http:\/\/vphcheck.com\/index.php\/wp-json\/wp\/v2\/comments?post=1235"}],"wp:featuredmedia":[{"embeddable":true,"href":"http:\/\/vphcheck.com\/index.php\/wp-json\/wp\/v2\/media\/717"}],"wp:attachment":[{"href":"http:\/\/vphcheck.com\/index.php\/wp-json\/wp\/v2\/media?parent=1235"}],"curies":[{"name":"wp","href":"https:\/\/api.w.org\/{rel}","templated":true}]}}