{"id":1234,"date":"2023-12-03T13:07:05","date_gmt":"2023-12-03T13:07:05","guid":{"rendered":"http:\/\/vphcheck.com\/?post_type=product&#038;p=1234"},"modified":"2025-12-24T04:40:32","modified_gmt":"2025-12-24T04:40:32","slug":"hop-tac-xa-thuy-hai-san-quang-nam","status":"publish","type":"product","link":"http:\/\/vphcheck.com\/index.php\/san-pham\/hop-tac-xa-thuy-hai-san-quang-nam\/","title":{"rendered":"N\u01af\u1edaC M\u1eaeM NH\u0128 THANH S\u01a0N"},"content":{"rendered":"<table class=\"w3-table-all\">\n<thead>\n<tr class=\"w3-blue\">\n<th colspan=\"2\">Th\u00f4ng tin s\u1ea3n ph\u1ea9m<\/th>\n<\/tr>\n<\/thead>\n<tbody>\n<tr>\n<td width=\"122\">T\u00ean s\u1ea3n ph\u1ea9m<\/td>\n<td width=\"228\">N\u01af\u1edaC M\u1eaeM NH\u0128 THANH S\u01a0N<\/td>\n<\/tr>\n<tr>\n<td>Th\u00e0nh ph\u1ea7n<\/td>\n<td><strong>100% C\u00e1 c\u01a1m t\u01b0\u01a1i v\u00e0 mu\u1ed1i bi\u1ec3n<\/strong><\/td>\n<\/tr>\n<tr>\n<td>M\u00e3 s\u1ed1 thu\u1ebf<\/td>\n<td>4001266137<\/td>\n<\/tr>\n<tr>\n<td>Ng\u00e0y s\u1ea3n xu\u1ea5t<\/td>\n<td>Xem tr\u00ean bao b\u00ec<\/td>\n<\/tr>\n<tr>\n<td>Th\u1eddi h\u1ea1n s\u1eed d\u1ee5ng<\/td>\n<td>12 th\u00e1ng k\u1ec3 t\u1eeb NSX<\/td>\n<\/tr>\n<tr>\n<td>Tr\u1ecdng l\u01b0\u1ee3ng<\/td>\n<td>300ml, 500ml, 1 l\u00edt<\/td>\n<\/tr>\n<tr>\n<td>H\u01b0\u1edbng d\u1eabn s\u1eed d\u1ee5ng<\/td>\n<td>D\u00f9ng l\u00e0m n\u01b0\u1edbc ch\u1ea5m, gia v\u1ecb n\u00eam n\u1ebfm c\u00e1c m\u00f3n \u0103n<\/td>\n<\/tr>\n<tr>\n<td>B\u1ea3o qu\u1ea3n<\/td>\n<td>\n<ul>\n<li>N\u01a1i kh\u00f4 r\u00e1o tho\u00e1ng m\u00e1t, tr\u00e1nh \u00e1nh n\u1eafng tr\u1ef1c ti\u1ebfp, \u0111\u1eady n\u1eafp k\u1ef9 sau khi s\u1eed d\u1ee5ng<\/li>\n<li>Trong qu\u00e1 tr\u00ecnh b\u1ea3o qu\u1ea3n v\u00e0 s\u1eed d\u1ee5ng s\u1ebd c\u00f3 hi\u1ec7n t\u01b0\u1ee3ng n\u01b0\u1edbc m\u1eafm b\u1ecb s\u1eabm m\u00e0u; s\u1ef1 k\u1ebft tinh mu\u1ed1i \u0111\u00f3 l\u00e0 hi\u1ec7n t\u01b0\u1ee3ng t\u1ef1 nhi\u00ean c\u1ee7a n\u01b0\u1edbc m\u1eafm truy\u1ec1n th\u1ed1ng, kh\u00f4ng \u1ea3nh h\u01b0\u1edfng \u0111\u1ebfn ch\u1ea5t l\u01b0\u1ee3ng.<\/li>\n<\/ul>\n<\/td>\n<\/tr>\n<tr>\n<th class=\"w3-blue\" colspan=\"2\">Th\u00f4ng tin \u0111\u01a1n v\u1ecb \/ nh\u00e0 s\u1ea3n xu\u1ea5t<\/th>\n<\/tr>\n<tr>\n<td>T\u00ean \u0111\u01a1n v\u1ecb:<\/td>\n<td width=\"228\">H\u1ee2P T\u00c1C X\u00c3 TH\u1ee6Y H\u1ea2I S\u1ea2N QU\u1ea2NG NAM<\/td>\n<\/tr>\n<tr>\n<td>Qu\u1ed1c gia:<\/td>\n<td>Vi\u1ec7t Nam<\/td>\n<\/tr>\n<tr>\n<td>T\u1ec9nh \/th\u00e0nh :<\/td>\n<td>Qu\u1ea3ng Nam<\/td>\n<\/tr>\n<tr>\n<td>\u0110\u1ecba ch\u1ec9 li\u00ean l\u1ea1c:<\/td>\n<td>Th\u00f4n T\u1ec9nh Th\u1ee7y \u2013 ph\u01b0\u1eddng Qu\u1ea3ng Ph\u00fa\u2013 th\u00e0nh ph\u1ed1 \u0110\u00e0 N\u1eb5ng<\/td>\n<\/tr>\n<tr>\n<td>Email<\/td>\n<td><\/td>\n<\/tr>\n<tr>\n<td>Di \u0111\u1ed9ng:<\/td>\n<td>0398514840<\/td>\n<\/tr>\n<tr>\n<td>Website:<\/td>\n<td><\/td>\n<\/tr>\n<\/tbody>\n<\/table>\n<p>N\u01b0\u1edbc m\u1eafm nh\u0129 Thanh S\u01a1n s\u1eed d\u1ee5ng ngu\u1ed3n c\u00e1 c\u01a1m than t\u01b0\u01a1i ngon, phong ph\u00fa c\u1ee7a v\u00f9ng bi\u1ec3n Qu\u1ea3ng Nam ch\u00ednh l\u00e0 nguy\u00ean li\u1ec7u ti\u00ean quy\u1ebft, k\u1ebft h\u1ee3p v\u1edbi mu\u1ed1i h\u1ea1t \u0111\u00e3 \u0111\u01b0\u1ee3c \u1ee7 cho r\u00e3 v\u1ecb m\u1eb7n, t\u1ea1o n\u00ean h\u01b0\u01a1ng v\u1ecb \u0111\u1ed9c \u0111\u00e1o kh\u00f4ng l\u1eabn v\u00e0o \u0111\u00e2u \u0111\u01b0\u1ee3c. \u0110i\u1ec3m nh\u1ea5n \u0111\u1eb7c bi\u1ec7t trong quy tr\u00ecnh ch\u1ebf bi\u1ebfn n\u01b0\u1edbc m\u1eafm nh\u0129 Thanh S\u01a1n ch\u00ednh l\u00e0 qu\u00e1 tr\u00ecnh \u1ee7 ch\u01b0\u1ee3p trong nh\u1eefng chi\u1ebfc chum s\u00e0nh kh\u00f4ng tr\u00e1ng men x\u01b0a, \u0111\u01b0\u1ee3c nung \u1edf nhi\u1ec7t \u0111\u1ed9 r\u1ea5t cao. Nh\u1eefng chi\u1ebfc chum n\u00e0y kh\u00f4ng ch\u1ec9 \u0111\u1ea3m b\u1ea3o an to\u00e0n, b\u1ec1n v\u1eefng cho qu\u00e1 tr\u00ecnh \u1ee7 m\u1eafm, m\u00e0 c\u00f2n gi\u00fap \u0111i\u1ec1u h\u00f2a nhi\u1ec7t \u0111\u1ed9 b\u00ean trong, t\u1ea1o \u0111i\u1ec1u ki\u1ec7n l\u00fd t\u01b0\u1edfng cho m\u1eafm l\u00ean men t\u1ef1 nhi\u00ean. Qua th\u1eddi gian \u1ee7 ch\u01b0\u1ee3p t\u1eeb 12 \u0111\u1ebfn 18 th\u00e1ng, nh\u1eefng gi\u1ecdt m\u1eafm trong chum \u0111\u1ea1t m\u00e0u c\u00e1nh gi\u00e1n \u0111\u1eadm, gi\u00e0u \u0111\u1ea1m, h\u01b0\u01a1ng th\u01a1m n\u1ed3ng n\u00e0n v\u00e0 v\u1ecb ng\u1ecdt h\u1eadu tinh t\u1ebf.<\/p>\n<p>\u0110i\u1ec1u l\u00e0m n\u00ean s\u1ef1 kh\u00e1c bi\u1ec7t c\u1ee7a n\u01b0\u1edbc m\u1eafm nh\u0129 Thanh S\u01a1n kh\u00f4ng ch\u1ec9 n\u1eb1m \u1edf quy tr\u00ecnh ch\u1ebf bi\u1ebfn truy\u1ec1n th\u1ed1ng, m\u00e0 c\u00f2n \u1edf b\u00ed quy\u1ebft gia truy\u1ec1n \u0111\u01b0\u1ee3c g\u00ecn gi\u1eef qua nhi\u1ec1u th\u1ebf h\u1ec7. Nh\u1eefng b\u00ed quy\u1ebft n\u00e0y \u0111\u01b0\u1ee3c truy\u1ec1n t\u1eeb b\u00e0, t\u1eeb m\u1eb9, v\u00e0 nay ch\u00fang t\u00f4i ti\u1ebfp t\u1ee5c b\u1ea3o t\u1ed3n v\u00e0 ph\u00e1t huy, \u0111\u1ed3ng th\u1eddi kh\u00f4ng ng\u1eebng c\u1ea3i ti\u1ebfn \u0111\u1ec3 ph\u00f9 h\u1ee3p v\u1edbi kh\u1ea9u v\u1ecb c\u1ee7a kh\u00e1ch h\u00e0ng hi\u1ec7n \u0111\u1ea1i. V\u1edbi cam k\u1ebft kh\u00f4ng s\u1eed d\u1ee5ng ch\u1ea5t b\u1ea3o qu\u1ea3n, ch\u1ea5t \u0111i\u1ec1u v\u1ecb hay ch\u1ea5t t\u1ea1o m\u00e0u, ch\u00fang t\u00f4i t\u1ef1 h\u00e0o mang \u0111\u1ebfn cho b\u1ea1n m\u1ed9t s\u1ea3n ph\u1ea9m ho\u00e0n to\u00e0n t\u1ef1 nhi\u00ean, an to\u00e0n v\u00e0 l\u00e0nh m\u1ea1nh.<\/p>\n<p>N\u01b0\u1edbc m\u1eafm nh\u0129 Thanh S\u01a1n kh\u00f4ng ch\u1ec9 \u0111\u01a1n thu\u1ea7n l\u00e0 m\u1ed9t s\u1ea3n ph\u1ea9m gia v\u1ecb, m\u00e0 c\u00f2n l\u00e0 k\u1ebft tinh c\u1ee7a truy\u1ec1n th\u1ed1ng, t\u00e2m huy\u1ebft. Ch\u00fang t\u00f4i mong mu\u1ed1n s\u1ebd tr\u1edf th\u00e0nh m\u1ed9t ph\u1ea7n kh\u00f4ng th\u1ec3 thi\u1ebfu trong m\u1ed7i b\u1ebfp \u0103n an l\u00e0nh, ti\u1ebfp n\u1ed1i v\u00e0 ph\u00e1t huy tinh hoa \u1ea9m th\u1ef1c Vi\u1ec7t Nam. T\u1eebng gi\u1ecdt n\u01b0\u1edbc m\u1eafm kh\u00f4ng ch\u1ec9 mang l\u1ea1i h\u01b0\u01a1ng v\u1ecb \u0111\u1eadm \u0111\u00e0 cho c\u00e1c m\u00f3n \u0103n, m\u00e0 c\u00f2n l\u00e0 ni\u1ec1m t\u1ef1 h\u00e0o c\u1ee7a ng\u01b0\u1eddi d\u00e2n Qu\u1ea3ng Nam, l\u00e0 tinh hoa c\u1ee7a v\u00f9ng bi\u1ec3n v\u00e0 l\u00e0 m\u00f3n qu\u00e0 \u0111\u1eb7c bi\u1ec7t d\u00e0nh cho nh\u1eefng ai y\u00eau th\u00edch \u1ea9m th\u1ef1c truy\u1ec1n th\u1ed1ng Vi\u1ec7t Nam.<\/p>\n<blockquote><p><span style=\"color: #ff0000;\"><strong>Quy tr\u00ecnh s\u1ea3n xu\u1ea5t:<\/strong><\/span><\/p><\/blockquote>\n<p><\/p>\n<blockquote><p><em>1. Nh\u1eadp nguy\u00ean li\u1ec7u:<\/em><\/p><\/blockquote>\n<p>&#8211; N\u01b0\u1edbc m\u1eafm nh\u0129 Thanh S\u01a1n s\u1eed d\u1ee5ng ngu\u1ed3n c\u00e1 c\u01a1m than t\u01b0\u01a1i, KH\u00d4NG \u1ee7 \u0111\u00e1 hay \u01b0\u1edbp l\u1ea1nh c\u1ee7a v\u00f9ng bi\u1ec3n Qu\u1ea3ng Nam ch\u00ednh l\u00e0 nguy\u00ean li\u1ec7u ti\u00ean quy\u1ebft. C\u00e1 c\u01a1m \u0111\u01b0\u1ee3c ch\u1ecdn l\u00e0 lo\u1ea1i c\u00e1 trung kh\u00f4ng qu\u00e1 nh\u1ecf hay qu\u00e1 to, \u01b0u ti\u00ean ch\u1ecdn c\u00e1 c\u01a1m than lo\u1ea1i c\u00e1 cho ra nh\u1eefng gi\u1ecdt n\u01b0\u1edbc m\u1eafm \u0111\u1ea1t chu\u1ea9n.<\/p>\n<p>&#8211; K\u1ebft h\u1ee3p v\u1edbi mu\u1ed1i h\u1ea1t Sa Hu\u1ef3nh \u0111\u00e3 \u0111\u01b0\u1ee3c \u1ee7 3 th\u00e1ng cho r\u00e3 v\u1ecb m\u1eb7n.<\/p>\n<blockquote><p><em>2. L\u00e0m s\u1ea1ch:<\/em><\/p><\/blockquote>\n<p>&#8211; C\u00e1 c\u01a1m \u0111\u01b0\u1ee3c r\u1eeda n\u01b0\u1edbc bi\u1ec3n t\u1ea1i bi\u1ec3n, chia theo t\u1eebng r\u1ed5 \u0111\u1ec3 r\u00e1o n\u01b0\u1edbc.<\/p>\n<blockquote><p><em>3. \u1ee6 ch\u01b0\u1ee3p<\/em><em>:<\/em><\/p><\/blockquote>\n<p>&#8211; C\u00e1 \u0111\u01b0\u1ee3c tr\u1ed9n v\u1edbi mu\u1ed1i th\u1ee7 c\u00f4ng theo t\u1ef7 l\u1ec7 3:1; cho v\u00e0o bao v\u00e0 \u0111\u01b0a v\u1ec1 x\u01b0\u1edfng.<\/p>\n<p>&#8211; Chum \u1ee7 m\u1eafm l\u00e0 chum s\u00e0nh kh\u00f4ng tr\u00e1ng men, \u0111\u01b0\u1ee3c ng\u00e2m n\u01b0\u1edbc mu\u1ed1i ho\u1eb7c n\u01b0\u1edbc bi\u1ec3n 6 th\u00e1ng, l\u00e0m s\u1ea1ch ph\u01a1i kh\u00f4.<\/p>\n<p>&#8211; C\u00e1 \u0111\u01b0\u1ee3c tr\u1ed9n v\u1edbi mu\u1ed1i th\u1ee7 c\u00f4ng theo t\u1ef7 l\u1ec7 3:1; cho v\u00e0o bao v\u00e0 \u0111\u01b0a v\u1ec1 x\u01b0\u1edfng cho v\u00e0o c\u00e1c chum.<\/p>\n<p>&#8211; M\u1eafm \u0111\u01b0\u1ee3c \u1ee7 trong chum v\u00e0 ph\u01a1i d\u01b0\u1edbi n\u1eafng t\u1eeb 6 \u2013 12 th\u00e1ng, khu\u1ea5y \u0111\u1ea3o th\u01b0\u1eddng xuy\u00ean.<\/p>\n<p>&#8211; Chum m\u1eafm \u0111\u1ee7 12 th\u00e1ng s\u1ebd \u0111\u01b0\u1ee3c \u0111\u01b0a v\u00e0o m\u00e1t ti\u1ebfn h\u00e0nh l\u1ecdc m\u1eafm.<\/p>\n<blockquote><p><em>4. L\u1ecdc m\u1eafm v\u00e0 \u0111\u00f3ng g\u00f3i:<\/em><\/p><\/blockquote>\n<p>&#8211; D\u00e0n l\u1ecdc, ph\u1ec3u tre, v\u1ea3i l\u1ecdc \u0111\u01b0\u1ee3c l\u00e0m s\u1ea1ch, ph\u01a1i n\u1eafng k\u1ef9.<\/p>\n<p>&#8211; M\u1eafm \u0111\u01b0\u1ee3c r\u00f3t v\u00e0o ph\u1ec3u tre \u0111\u00e3 \u0111\u01b0\u1ee3c l\u00f3t 2 l\u1edbp v\u1ea3i, s\u1ebd l\u1ecdc \u0111\u01b0\u1ee3c m\u1eafm cho \u0111\u1ebfn khi m\u1eafm trong th\u00ec m\u1edbi l\u00e0 n\u01b0\u1edbc m\u1eafm nh\u0129.<\/p>\n<p>&#8211; Nh\u00e2n vi\u00ean khi l\u1ecdc m\u1eafm m\u1eb7c \u0111\u1ed3 b\u1ea3o h\u1ed9, \u0111eo g\u0103ng tay, kh\u1ea9u trang.<\/p>\n<p>&#8211; Khu v\u1ef1c ch\u1ebf bi\u1ebfn ph\u1ea3i kh\u00f4 r\u00e1o, tho\u00e1ng m\u00e1t, c\u00f3 v\u00e1ch ng\u0103n c\u00f4n tr\u00f9ng, b\u1ee5i.<\/p>\n<p>&#8211; M\u1eafm \u0111\u01b0\u1ee3c b\u01a1m v\u00e0o chum, v\u00e0o b\u1ec3 chi\u1ebft r\u00f3t ra chai.<\/p>\n<p>&#8211; Sau khi chi\u1ebft r\u00f3t \u0111\u00f3ng n\u1eafp, ti\u1ebfn h\u00e0nh d\u00e1n nh\u00e3n th\u00f4ng tin cho s\u1ea3n ph\u1ea9m.<\/p>\n<blockquote><p><em>5. Th\u00e0nh ph\u1ea9m:<\/em><\/p><\/blockquote>\n<p>Sau khi ho\u00e0n thi\u1ec7n s\u1ea3n ph\u1ea9m, ti\u1ebfn h\u00e0nh l\u01b0u kho v\u00e0 ph\u00e2n ph\u1ed1i.<\/p>\n","protected":false},"excerpt":{"rendered":"<p>Th\u00f4ng tin s\u1ea3n ph\u1ea9m T\u00ean s\u1ea3n ph\u1ea9m N\u01af\u1edaC M\u1eaeM NH\u0128 THANH S\u01a0N Th\u00e0nh ph\u1ea7n 100% C\u00e1 c\u01a1m t\u01b0\u01a1i v\u00e0 mu\u1ed1i bi\u1ec3n M\u00e3 s\u1ed1 thu\u1ebf 4001266137 Ng\u00e0y s\u1ea3n xu\u1ea5t Xem tr\u00ean bao b\u00ec Th\u1eddi h\u1ea1n s\u1eed d\u1ee5ng 12 th\u00e1ng k\u1ec3 t\u1eeb NSX Tr\u1ecdng l\u01b0\u1ee3ng 300ml, 500ml, 1 l\u00edt H\u01b0\u1edbng d\u1eabn s\u1eed d\u1ee5ng D\u00f9ng l\u00e0m n\u01b0\u1edbc ch\u1ea5m, [&hellip;]<\/p>\n","protected":false},"featured_media":1872,"comment_status":"open","ping_status":"closed","template":"","meta":[],"_links":{"self":[{"href":"http:\/\/vphcheck.com\/index.php\/wp-json\/wp\/v2\/product\/1234"}],"collection":[{"href":"http:\/\/vphcheck.com\/index.php\/wp-json\/wp\/v2\/product"}],"about":[{"href":"http:\/\/vphcheck.com\/index.php\/wp-json\/wp\/v2\/types\/product"}],"replies":[{"embeddable":true,"href":"http:\/\/vphcheck.com\/index.php\/wp-json\/wp\/v2\/comments?post=1234"}],"wp:featuredmedia":[{"embeddable":true,"href":"http:\/\/vphcheck.com\/index.php\/wp-json\/wp\/v2\/media\/1872"}],"wp:attachment":[{"href":"http:\/\/vphcheck.com\/index.php\/wp-json\/wp\/v2\/media?parent=1234"}],"curies":[{"name":"wp","href":"https:\/\/api.w.org\/{rel}","templated":true}]}}