{"id":1213,"date":"2023-11-28T04:33:06","date_gmt":"2023-11-28T04:33:06","guid":{"rendered":"http:\/\/vphcheck.com\/?post_type=product&#038;p=1213"},"modified":"2023-11-28T04:44:18","modified_gmt":"2023-11-28T04:44:18","slug":"ho-kinh-doanh-hung-do-le-an-van-sam","status":"publish","type":"product","link":"http:\/\/vphcheck.com\/index.php\/san-pham\/ho-kinh-doanh-hung-do-le-an-van-sam\/","title":{"rendered":"H\u1ed8 KINH DOANH H\u00d9NG \u0110\u00d4 L\u00ca &#8211; AN V\u1ea0N S\u00c2M"},"content":{"rendered":"<p><center><img decoding=\"async\" src=\"https:\/\/img.upanh.tv\/2023\/11\/28\/z4883657901131_323599028ebec209909405e91485fcda.jpg\" width=\"370\" height=\"auto\" class=\"alignnone size-medium\" \/><br \/><\/center><br \/>\n<B>H\u1ed8 KINH DOANH H\u00d9NG \u0110\u00d4 L\u00ca &#8211; AN V\u1ea0N S\u00c2M<\/B><br \/>\n\u0110\u1ecba ch\u1ec9: Th\u00f4n 2, x\u00e3 Tr\u00e0 Mai, huy\u1ec7n Nam Tr\u00e0 My, t\u1ec9nh Qu\u1ea3ng Nam<br \/>\n\u0110i\u1ec7n tho\u1ea1i: 0961344774<br \/>\nLi\u00ean h\u1ec7: L\u00ea V\u0103n H\u00f9ng \u0110\u00f4 <\/p>\n","protected":false},"excerpt":{"rendered":"<p><center><img decoding=\"async\" src=\"https:\/\/img.upanh.tv\/2023\/11\/28\/z4883695112112_f06ee243a8877ff3beea0dd544f0a43e.jpg\" width=\"370\" height=\"auto\" class=\"alignnone size-medium\" \/><br \/>\n<img decoding=\"async\" src=\"https:\/\/img.upanh.tv\/2023\/11\/28\/z4883698991091_93c7757efe9c45b6954b3bf66a12b650.jpg\" width=\"370\" height=\"auto\" class=\"alignnone size-medium\" \/><br \/>\n<img decoding=\"async\" src=\"https:\/\/img.upanh.tv\/2023\/11\/28\/z4883702161832_9f9f631347b3665a6bb1a4c1f08dee5b.jpg\" width=\"370\" height=\"auto\" class=\"alignnone size-medium\" \/><br \/>\n<img decoding=\"async\" src=\"https:\/\/img.upanh.tv\/2023\/11\/28\/z4883705633852_4488c82beef53beca7a13d43f06cdf72.jpg\" width=\"370\" height=\"auto\" class=\"alignnone size-medium\" \/><br \/>\n<img decoding=\"async\" src=\"https:\/\/img.upanh.tv\/2023\/11\/28\/z4883706564924_94a5806fd23b13b87658b3ba035bccbd.jpg\" width=\"370\" height=\"auto\" class=\"alignnone size-medium\" \/><br \/>\n<img decoding=\"async\" src=\"https:\/\/img.upanh.tv\/2023\/11\/28\/z4883707325086_750605dd8e4d88ce2469298416725dba.jpg\" width=\"370\" height=\"auto\" class=\"alignnone size-medium\" \/><br \/> <br \/>\n<img decoding=\"async\" src=\"https:\/\/img.upanh.tv\/2023\/11\/28\/z4883709084004_ae26dde14e95e32ca602248eb0e34d8a.jpg\" width=\"370\" height=\"auto\" class=\"alignnone size-medium\" \/><\/p>\n","protected":false},"featured_media":0,"comment_status":"open","ping_status":"closed","template":"","meta":[],"_links":{"self":[{"href":"http:\/\/vphcheck.com\/index.php\/wp-json\/wp\/v2\/product\/1213"}],"collection":[{"href":"http:\/\/vphcheck.com\/index.php\/wp-json\/wp\/v2\/product"}],"about":[{"href":"http:\/\/vphcheck.com\/index.php\/wp-json\/wp\/v2\/types\/product"}],"replies":[{"embeddable":true,"href":"http:\/\/vphcheck.com\/index.php\/wp-json\/wp\/v2\/comments?post=1213"}],"wp:attachment":[{"href":"http:\/\/vphcheck.com\/index.php\/wp-json\/wp\/v2\/media?parent=1213"}],"curies":[{"name":"wp","href":"https:\/\/api.w.org\/{rel}","templated":true}]}}