{"id":1207,"date":"2023-11-25T11:28:06","date_gmt":"2023-11-25T11:28:06","guid":{"rendered":"http:\/\/vphcheck.com\/?post_type=product&#038;p=1207"},"modified":"2025-06-02T09:23:19","modified_gmt":"2025-06-02T09:23:19","slug":"dunafood","status":"publish","type":"product","link":"http:\/\/vphcheck.com\/index.php\/san-pham\/dunafood\/","title":{"rendered":"M\u00cc DUNA FOOD &#8211; T\u1eea S\u1ee2I M\u00cc G\u1ea0O"},"content":{"rendered":"<p><img loading=\"lazy\" decoding=\"async\" class=\"size-medium wp-image-1686 aligncenter\" src=\"http:\/\/vphcheck.com\/wp-content\/uploads\/2023\/11\/0979-359-747-2-300x300.png\" alt=\"\" width=\"300\" height=\"300\" srcset=\"http:\/\/vphcheck.com\/wp-content\/uploads\/2023\/11\/0979-359-747-2-300x300.png 300w, http:\/\/vphcheck.com\/wp-content\/uploads\/2023\/11\/0979-359-747-2-150x150.png 150w, http:\/\/vphcheck.com\/wp-content\/uploads\/2023\/11\/0979-359-747-2-180x180.png 180w, http:\/\/vphcheck.com\/wp-content\/uploads\/2023\/11\/0979-359-747-2-600x600.png 600w, http:\/\/vphcheck.com\/wp-content\/uploads\/2023\/11\/0979-359-747-2.png 756w\" sizes=\"(max-width: 300px) 100vw, 300px\" \/><\/p>\n<table class=\"w3-table-all\" style=\"height: 1078px\" width=\"835\">\n<thead>\n<tr class=\"w3-blue\">\n<th colspan=\"2\">Th\u00f4ng tin s\u1ea3n ph\u1ea9m<\/th>\n<\/tr>\n<\/thead>\n<tbody>\n<tr>\n<td width=\"122\">T\u00ean s\u1ea3n ph\u1ea9m<\/td>\n<td width=\"228\">M\u00cc DUNA FOOD &#8211; T\u1eea S\u1ee2I M\u00cc G\u1ea0O<\/td>\n<\/tr>\n<tr>\n<td>Gi\u1ea5y \u0111\u0103ng k\u00ed kinh doanh<\/td>\n<td>4001248314<\/td>\n<\/tr>\n<tr>\n<td>Ng\u00e0y s\u1ea3n xu\u1ea5t<\/td>\n<td>Xem tr\u00ean bao b\u00ec<\/td>\n<\/tr>\n<tr>\n<td>Th\u1eddi h\u1ea1n s\u1eed d\u1ee5ng<\/td>\n<td>01 n\u0103m k\u1ec3 t\u1eeb NSX<\/td>\n<\/tr>\n<tr>\n<td>Tr\u1ecdng l\u01b0\u1ee3ng<\/td>\n<td>70g\/83g\/90g<\/td>\n<\/tr>\n<tr>\n<td>H\u01b0\u1edbng d\u1eabn s\u1eed d\u1ee5ng<\/td>\n<td>\n<p style=\"text-align: center\"><strong>M\u00cc N\u01af\u1edaC<\/strong><\/p>\n<p>B\u01b0\u1edbc 1: Cho v\u1eaft m\u00ec v\u00e0 c\u00e1c g\u00f3i gia v\u1ecb v\u00e0o t\u00f4<\/p>\n<p>B\u01b0\u1edbc 2: Ch\u1ebf n\u01b0\u1edbc s\u00f4i v\u00e0o v\u00e0 \u0111\u1eady k\u00edn trong 3-4 ph\u00fat<\/p>\n<p>B\u01b0\u1edbc 3: M\u1edf n\u1eafp tr\u1ed9n \u0111\u1ec1u v\u00e0 s\u1eed d\u1ee5ng<\/p>\n<p style=\"text-align: center\"><strong>M\u00cc X\u00c0O\/ M\u00cc TR\u1ed8N<\/strong><\/p>\n<p>B\u01b0\u1edbc 1: Cho v\u1eaft m\u00ec v\u00e0o khay<\/p>\n<p>B\u01b0\u1edbc 2: Ch\u1ebf n\u01b0\u1edbc s\u00f4i v\u00e0o, \u0111\u1eady n\u1eafp v\u00e0 ch\u1edd trong 3 &#8211; 4 ph\u00fat<\/p>\n<p>B\u01b0\u1edbc 3: Ch\u1eaft b\u1ecf h\u1ebft n\u01b0\u1edbc trong khay<\/p>\n<p>B\u01b0\u1edbc 4: M\u1edf n\u1eafp, th\u00eam c\u00e1c g\u00f3i gia v\u1ecb v\u00e0o khay. Tr\u1ed9n \u0111\u1ec1u v\u00e0 th\u01b0\u1edfng th\u1ee9c<\/td>\n<\/tr>\n<tr>\n<td>B\u1ea3o qu\u1ea3n<\/td>\n<td>B\u1ea3o qu\u1ea3n \u1edf n\u01a1i kh\u00f4 r\u00e1o tho\u00e1ng m\u00e1t, tr\u00e1nh \u00e1nh n\u1eafng tr\u1ef1c ti\u1ebfp<\/td>\n<\/tr>\n<tr>\n<th class=\"w3-blue\" colspan=\"2\">Th\u00f4ng tin \u0111\u01a1n v\u1ecb \/ nh\u00e0 s\u1ea3n xu\u1ea5t<\/th>\n<\/tr>\n<tr>\n<td>T\u00ean \u0111\u01a1n v\u1ecb:<\/td>\n<td width=\"228\">H\u1ee2P T\u00c1C X\u00c3 N\u00d4NG NGHI\u1ec6P V\u00c0 D\u1ecaCH V\u1ee4 PH\u00da NINH<\/td>\n<\/tr>\n<tr>\n<td>Qu\u1ed1c gia:<\/td>\n<td>Vi\u1ec7t Nam<\/td>\n<\/tr>\n<tr>\n<td>T\u1ec9nh \/th\u00e0nh :<\/td>\n<td>Qu\u1ea3ng Nam<\/td>\n<\/tr>\n<tr>\n<td>\u0110\u1ecba ch\u1ec9 li\u00ean l\u1ea1c:<\/td>\n<td>Th\u00f4n \u0110\u1ea1i \u0110\u1ed3ng, x\u00e3 Tam L\u1ed9c, huy\u1ec7n Ph\u00fa Ninh ,t\u1ec9nh Qu\u1ea3ng Nam<\/td>\n<\/tr>\n<tr>\n<td>Email<\/td>\n<td>dunafood92@gmail.com<\/td>\n<\/tr>\n<tr>\n<td>Di \u0111\u1ed9ng:<\/td>\n<td>0979 359 747<\/td>\n<\/tr>\n<tr>\n<td>Website:<\/td>\n<td>http:\/\/www.dunafood.com\/<\/td>\n<\/tr>\n<\/tbody>\n<\/table>\n<p>\nV\u1edbi s\u1ee9 m\u1ec7nh \u0111\u01b0a c\u00e1c s\u1ea3n ph\u1ea9m c\u1ee7a \u0111\u1ecba ph\u01b0\u01a1ng Qu\u1ea3ng Nam \u0111\u1ebfn v\u1edbi m\u1ecdi ng\u01b0\u1eddi, c\u0169ng nh\u01b0 h\u01b0\u1edbng \u0111\u1ebfn nh\u1eefng b\u1eefa \u0103n ti\u1ec7n l\u1ee3i, \u0111\u1ea3m b\u1ea3o dinh d\u01b0\u1ee1ng, an to\u00e0n cho ng\u01b0\u1eddi ti\u00eau d\u00f9ng.<\/p>\n<p>Duna Food \u0111\u00e3 nghi\u00ean c\u1ee9u v\u00e0 \u0111\u01b0a \u0111\u1ebfn tay ng\u01b0\u1eddi ti\u00eau d\u00f9ng s\u1ea3n ph\u1ea9m m\u00ec Qu\u1ea3ng \u0103n li\u1ec1n, v\u1edbi s\u1ee3i m\u00ec nguy\u00ean ch\u1ea5t t\u1eeb g\u1ea1o v\u00e0 g\u00f3i gia v\u1ecb \u0111\u00e2m \u0111\u00e0 t\u1ea1o n\u00ean s\u1ea3n ph\u1ea9m kh\u00f4ng ch\u1ec9 ngon mi\u1ec7ng m\u00e0 \u0111\u00e1p \u1ee9ng \u0111\u01b0\u01a1c c\u00e1c ti\u00eau ch\u00ed an to\u00e0n.<\/p>\n<p>Duna Food cam k\u1ebft kh\u00f4ng ng\u1eebng ph\u00e1t tri\u1ec3n v\u00e0 n\u00e2ng cao s\u1ea3n ph\u1ea9m \u0111\u1ec3 \u0111\u00e1p \u1ee9ng s\u1ef1 mong \u0111\u1ee3i c\u1ee7a kh\u00e1ch h\u00e0ng. V\u1edbi t\u1ea7m nh\u00ecn v\u01b0\u01a1n xa, Duna Food hy v\u1ecdng r\u1eb1ng s\u1ea3n ph\u1ea9m m\u00ec Qu\u1ea3ng \u0103n li\u1ec1n s\u1ebd tr\u1edf th\u00e0nh m\u1ed9t ph\u1ea7n quen thu\u1ed9c trong cu\u1ed9c s\u1ed1ng h\u00e0ng ng\u00e0y c\u1ee7a b\u1ea1n, gi\u00fap b\u1ea1n ti\u1ebft ki\u1ec7m th\u1eddi gian m\u00e0 v\u1eabn th\u01b0\u1edfng th\u1ee9c nh\u1eefng b\u1eefa \u0103n ngon v\u00e0 b\u1ed5 d\u01b0\u1ee1ng.<\/p>\n<p style=\"text-align: center\"><strong>C\u00c2U CHUY\u1ec6N S\u1ea2N PH\u1ea8M<\/strong><\/p>\n<p>C\u00e2u chuy\u1ec7n v\u1ec1 M\u00ec Duna c\u00f3 th\u1ec3 b\u1eaft \u0111\u1ea7u t\u1eeb vi\u1ec7c mong mu\u1ed1n \u0111\u01b0a m\u00f3n \u0103n \u0111\u1eb7c s\u1ea3n \u0111\u1ecba ph\u01b0\u01a1ng \u0111\u1ebfn g\u1ea7n h\u01a1n v\u1edbi ng\u01b0\u1eddi ti\u00eau d\u00f9ng tr\u00ean kh\u1eafp c\u1ea3 n\u01b0\u1edbc v\u00e0 qu\u1ed1c t\u1ebf, \u0111\u1eb7c bi\u1ec7t l\u00e0 nh\u1eefng ai y\u00eau th\u00edch h\u01b0\u01a1ng v\u1ecb c\u1ee7a m\u00f3n \u0103n mi\u1ec1n Trung nh\u01b0ng kh\u00f4ng c\u00f3 \u0111i\u1ec1u ki\u1ec7n \u0111\u1ec3 th\u01b0\u1edfng th\u1ee9c ngay t\u1ea1i n\u01a1i s\u1ea3n sinh ra m\u00f3n \u0103n n\u00e0y. Ch\u00ednh v\u00ec v\u1eady, ng\u01b0\u1eddi s\u00e1ng l\u1eadp ra th\u01b0\u01a1ng hi\u1ec7u DUNA FOOD b\u00e0 Ch\u00e2u Th\u1ecb Ngh\u0129a \u0111\u00e3 c\u00f3 qu\u00e1 tr\u00ecnh \u0111\u00fac k\u1ebft nh\u01b0 sau:<\/p>\n<p>M\u00ec Qu\u1ea3ng l\u00e0 m\u1ed9t trong nh\u1eefng m\u00f3n \u0103n \u0111\u1ed9c \u0111\u00e1o, c\u00f3 b\u1ec1 d\u00e0y l\u1ecbch s\u1eed v\u00e0 \u0111\u01b0\u1ee3c ng\u01b0\u1eddi d\u00e2n Qu\u1ea3ng Nam t\u1ef1 h\u00e0o. V\u1edbi s\u1ee3i m\u00ec t\u1eeb g\u1ea1o v\u00e0 ph\u1ea7n n\u01b0\u1edbc d\u00f9ng ng\u1ecdt t\u1eeb x\u01b0\u01a1ng h\u1ea7m k\u1ebft h\u1ee3p v\u1edbi th\u1ecbt b\u00f2, t\u00f4m, g\u00e0 ho\u1eb7c tr\u1ee9ng c\u00fat, rau s\u1ed1ng m\u00f3n \u0103n mang \u0111\u1ebfn h\u01b0\u01a1ng v\u1ecb \u0111\u1eadm \u0111\u00e0, \u0111\u1eb7c tr\u01b0ng.<\/p>\n<p>Th\u01b0\u01a1ng hi\u1ec7u DUNA FOOD, v\u1edbi s\u1ef1 am hi\u1ec3u v\u1ec1 nhu c\u1ea7u th\u1ecb tr\u01b0\u1eddng, \u0111\u00e3 nghi\u00ean c\u1ee9u v\u00e0 c\u1ea3i ti\u1ebfn m\u00f3n \u0103n n\u00e0y th\u00e0nh d\u1ea1ng m\u00ec \u0103n li\u1ec1n nh\u01b0ng v\u1eabn gi\u1eef \u0111\u01b0\u1ee3c n\u00e9t tinh hoa c\u1ee7a m\u00f3n \u0103n g\u1ed1c. \u0110i\u1ec1u n\u00e0y gi\u00fap ng\u01b0\u1eddi ti\u00eau d\u00f9ng c\u00f3 th\u1ec3 th\u01b0\u1edfng th\u1ee9c ngay t\u1ea1i nh\u00e0 m\u00e0 kh\u00f4ng m\u1ea5t qu\u00e1 nhi\u1ec1u th\u1eddi gian chu\u1ea9n b\u1ecb, \u0111\u1ed3ng th\u1eddi v\u1eabn gi\u1eef nguy\u00ean h\u01b0\u01a1ng v\u1ecb truy\u1ec1n th\u1ed1ng c\u1ee7a Qu\u1ea3ng Nam.<\/p>\n<p>M\u00ec Duna kh\u00f4ng ch\u1ec9 h\u01b0\u1edbng \u0111\u1ebfn vi\u1ec7c mang \u0111\u1ebfn s\u1ea3n ph\u1ea9m ti\u1ec7n l\u1ee3i m\u00e0 c\u00f2n cam k\u1ebft v\u1ec1 ch\u1ea5t l\u01b0\u1ee3ng v\u00e0 an to\u00e0n th\u1ef1c ph\u1ea9m. Th\u01b0\u01a1ng hi\u1ec7u DUNA FOOD c\u00f3 th\u1ec3 s\u1ebd kh\u1eb3ng \u0111\u1ecbnh r\u1eb1ng s\u1ea3n ph\u1ea9m c\u1ee7a m\u00ecnh \u0111\u01b0\u1ee3c s\u1ea3n xu\u1ea5t t\u1eeb nguy\u00ean li\u1ec7u t\u01b0\u01a1i ngon, t\u1ef1 nhi\u00ean, v\u00e0 quy tr\u00ecnh ch\u1ebf bi\u1ebfn hi\u1ec7n \u0111\u1ea1i \u0111\u1ea3m b\u1ea3o h\u01b0\u01a1ng v\u1ecb th\u01a1m ngon c\u1ee7a m\u00f3n m\u00ec Qu\u1ea3ng truy\u1ec1n th\u1ed1ng.<\/p>\n<p>M\u00ec Duna c\u00f3 th\u1ec3 mang theo th\u00f4ng \u0111i\u1ec7p v\u1ec1 vi\u1ec7c b\u1ea3o t\u1ed3n v\u00e0 lan t\u1ecfa v\u0103n h\u00f3a \u1ea9m th\u1ef1c \u0111\u1ecba ph\u01b0\u01a1ng, \u0111\u1ed3ng th\u1eddi khuy\u1ebfn kh\u00edch s\u1ef1 k\u1ebft n\u1ed1i gi\u1eefa ng\u01b0\u1eddi ti\u00eau d\u00f9ng v\u1edbi l\u1ecbch s\u1eed v\u00e0 phong c\u00e1ch s\u1ed1ng c\u1ee7a v\u00f9ng \u0111\u1ea5t Qu\u1ea3ng Nam.<\/p>\n<p>Cho \u0111\u1ebfn nay, DUNA FOOD \u0111\u00e3 x\u00e2y d\u1ef1ng \u0111\u01b0\u1ee3c th\u01b0\u01a1ng hi\u1ec7u l\u1edbn m\u1ea1nh trong n\u01b0\u1edbc \u0111\u01b0\u1ee3c m\u00ecnh ch\u1ee9ng b\u1edfi c\u00e1c s\u1ea3n ph\u1ea9m \u0111\u00e3 c\u00f3 m\u1eb7t tr\u00ean ba mi\u1ec1n \u0111\u1ea5t n\u01b0\u1edbc v\u00e0 \u0111\u01b0\u1ee3c ng\u01b0\u1eddi ti\u00eau s\u1eed d\u1ee5ng nh\u01b0 m\u1ed9t th\u00f3i quen v\u00e0 h\u01a1n h\u1ebft DUNA FOOD \u0111\u00e3 ti\u1ebfp thu \u00fd ki\u1ebfn c\u1ee7a t\u1ea5t c\u1ea3 kh\u00e1ch h\u00e0ng, ch\u1ecdn l\u1ecdc v\u00e0 c\u1ea3i ti\u1ebfn s\u1ea3n ph\u1ea9m li\u00ean t\u1ee5c \u0111\u1ec3 c\u00f3 \u0111\u01b0\u1ee3c c\u00e1c s\u1ea3n ph\u1ea9m ngon, h\u1ea5p d\u1eabn v\u00e0 an to\u00e0n.<\/p>\n<p><img loading=\"lazy\" decoding=\"async\" class=\"alignnone size-medium wp-image-1704\" src=\"http:\/\/vphcheck.com\/wp-content\/uploads\/2023\/11\/z6401925533143_d65a0ef3cb0f8f8a8da2d6b1a99f2a16-300x300.jpg\" alt=\"\" width=\"300\" height=\"300\" srcset=\"http:\/\/vphcheck.com\/wp-content\/uploads\/2023\/11\/z6401925533143_d65a0ef3cb0f8f8a8da2d6b1a99f2a16-300x300.jpg 300w, http:\/\/vphcheck.com\/wp-content\/uploads\/2023\/11\/z6401925533143_d65a0ef3cb0f8f8a8da2d6b1a99f2a16-1024x1024.jpg 1024w, http:\/\/vphcheck.com\/wp-content\/uploads\/2023\/11\/z6401925533143_d65a0ef3cb0f8f8a8da2d6b1a99f2a16-150x150.jpg 150w, http:\/\/vphcheck.com\/wp-content\/uploads\/2023\/11\/z6401925533143_d65a0ef3cb0f8f8a8da2d6b1a99f2a16-768x768.jpg 768w, http:\/\/vphcheck.com\/wp-content\/uploads\/2023\/11\/z6401925533143_d65a0ef3cb0f8f8a8da2d6b1a99f2a16-180x180.jpg 180w, http:\/\/vphcheck.com\/wp-content\/uploads\/2023\/11\/z6401925533143_d65a0ef3cb0f8f8a8da2d6b1a99f2a16-600x600.jpg 600w, http:\/\/vphcheck.com\/wp-content\/uploads\/2023\/11\/z6401925533143_d65a0ef3cb0f8f8a8da2d6b1a99f2a16.jpg 1200w\" sizes=\"(max-width: 300px) 100vw, 300px\" \/><\/p>\n<p><img loading=\"lazy\" decoding=\"async\" class=\"alignnone size-medium wp-image-1705\" src=\"http:\/\/vphcheck.com\/wp-content\/uploads\/2023\/11\/z6401925543010_4abf06e65004c1c20da0ae81c53a7611-300x300.jpg\" alt=\"\" width=\"300\" height=\"300\" srcset=\"http:\/\/vphcheck.com\/wp-content\/uploads\/2023\/11\/z6401925543010_4abf06e65004c1c20da0ae81c53a7611-300x300.jpg 300w, http:\/\/vphcheck.com\/wp-content\/uploads\/2023\/11\/z6401925543010_4abf06e65004c1c20da0ae81c53a7611-1024x1024.jpg 1024w, http:\/\/vphcheck.com\/wp-content\/uploads\/2023\/11\/z6401925543010_4abf06e65004c1c20da0ae81c53a7611-150x150.jpg 150w, http:\/\/vphcheck.com\/wp-content\/uploads\/2023\/11\/z6401925543010_4abf06e65004c1c20da0ae81c53a7611-768x768.jpg 768w, http:\/\/vphcheck.com\/wp-content\/uploads\/2023\/11\/z6401925543010_4abf06e65004c1c20da0ae81c53a7611-180x180.jpg 180w, http:\/\/vphcheck.com\/wp-content\/uploads\/2023\/11\/z6401925543010_4abf06e65004c1c20da0ae81c53a7611-600x600.jpg 600w, http:\/\/vphcheck.com\/wp-content\/uploads\/2023\/11\/z6401925543010_4abf06e65004c1c20da0ae81c53a7611.jpg 1200w\" sizes=\"(max-width: 300px) 100vw, 300px\" \/><\/p>\n<p><img loading=\"lazy\" decoding=\"async\" class=\"size-medium wp-image-1697 alignleft\" src=\"http:\/\/vphcheck.com\/wp-content\/uploads\/2023\/11\/z5806178022161_d8c8b7facf39227b40fc5294a4fed533-300x300.jpg\" alt=\"\" width=\"300\" height=\"300\" srcset=\"http:\/\/vphcheck.com\/wp-content\/uploads\/2023\/11\/z5806178022161_d8c8b7facf39227b40fc5294a4fed533-300x300.jpg 300w, http:\/\/vphcheck.com\/wp-content\/uploads\/2023\/11\/z5806178022161_d8c8b7facf39227b40fc5294a4fed533-1024x1024.jpg 1024w, http:\/\/vphcheck.com\/wp-content\/uploads\/2023\/11\/z5806178022161_d8c8b7facf39227b40fc5294a4fed533-150x150.jpg 150w, http:\/\/vphcheck.com\/wp-content\/uploads\/2023\/11\/z5806178022161_d8c8b7facf39227b40fc5294a4fed533-768x768.jpg 768w, http:\/\/vphcheck.com\/wp-content\/uploads\/2023\/11\/z5806178022161_d8c8b7facf39227b40fc5294a4fed533-180x180.jpg 180w, http:\/\/vphcheck.com\/wp-content\/uploads\/2023\/11\/z5806178022161_d8c8b7facf39227b40fc5294a4fed533-600x600.jpg 600w, http:\/\/vphcheck.com\/wp-content\/uploads\/2023\/11\/z5806178022161_d8c8b7facf39227b40fc5294a4fed533.jpg 1500w\" sizes=\"(max-width: 300px) 100vw, 300px\" \/><\/p>\n<p><img loading=\"lazy\" decoding=\"async\" class=\"size-medium wp-image-1698 alignright\" src=\"http:\/\/vphcheck.com\/wp-content\/uploads\/2023\/11\/z5806178042515_497b4f0b0b7d9d46bd027a5a1e8dda42-300x300.jpg\" alt=\"\" width=\"300\" height=\"300\" srcset=\"http:\/\/vphcheck.com\/wp-content\/uploads\/2023\/11\/z5806178042515_497b4f0b0b7d9d46bd027a5a1e8dda42-300x300.jpg 300w, http:\/\/vphcheck.com\/wp-content\/uploads\/2023\/11\/z5806178042515_497b4f0b0b7d9d46bd027a5a1e8dda42-1024x1024.jpg 1024w, http:\/\/vphcheck.com\/wp-content\/uploads\/2023\/11\/z5806178042515_497b4f0b0b7d9d46bd027a5a1e8dda42-150x150.jpg 150w, http:\/\/vphcheck.com\/wp-content\/uploads\/2023\/11\/z5806178042515_497b4f0b0b7d9d46bd027a5a1e8dda42-768x768.jpg 768w, http:\/\/vphcheck.com\/wp-content\/uploads\/2023\/11\/z5806178042515_497b4f0b0b7d9d46bd027a5a1e8dda42-180x180.jpg 180w, http:\/\/vphcheck.com\/wp-content\/uploads\/2023\/11\/z5806178042515_497b4f0b0b7d9d46bd027a5a1e8dda42-600x600.jpg 600w, http:\/\/vphcheck.com\/wp-content\/uploads\/2023\/11\/z5806178042515_497b4f0b0b7d9d46bd027a5a1e8dda42.jpg 1500w\" sizes=\"(max-width: 300px) 100vw, 300px\" \/><\/p>\n<p><img loading=\"lazy\" decoding=\"async\" class=\"size-medium wp-image-1699 aligncenter\" src=\"http:\/\/vphcheck.com\/wp-content\/uploads\/2023\/11\/z5737043304953_f7785500b5ce2f0d8091f3aa2f928d82-1-300x300.jpg\" alt=\"\" width=\"300\" height=\"300\" srcset=\"http:\/\/vphcheck.com\/wp-content\/uploads\/2023\/11\/z5737043304953_f7785500b5ce2f0d8091f3aa2f928d82-1-300x300.jpg 300w, http:\/\/vphcheck.com\/wp-content\/uploads\/2023\/11\/z5737043304953_f7785500b5ce2f0d8091f3aa2f928d82-1-1024x1024.jpg 1024w, http:\/\/vphcheck.com\/wp-content\/uploads\/2023\/11\/z5737043304953_f7785500b5ce2f0d8091f3aa2f928d82-1-150x150.jpg 150w, http:\/\/vphcheck.com\/wp-content\/uploads\/2023\/11\/z5737043304953_f7785500b5ce2f0d8091f3aa2f928d82-1-768x768.jpg 768w, http:\/\/vphcheck.com\/wp-content\/uploads\/2023\/11\/z5737043304953_f7785500b5ce2f0d8091f3aa2f928d82-1-180x180.jpg 180w, http:\/\/vphcheck.com\/wp-content\/uploads\/2023\/11\/z5737043304953_f7785500b5ce2f0d8091f3aa2f928d82-1-600x600.jpg 600w, http:\/\/vphcheck.com\/wp-content\/uploads\/2023\/11\/z5737043304953_f7785500b5ce2f0d8091f3aa2f928d82-1.jpg 1200w\" sizes=\"(max-width: 300px) 100vw, 300px\" \/><\/p>\n<p><img loading=\"lazy\" decoding=\"async\" class=\"size-medium wp-image-1700 alignleft\" src=\"http:\/\/vphcheck.com\/wp-content\/uploads\/2023\/11\/z5904059401954_0db50bebba0027b04535cb88f578a363-300x300.jpg\" alt=\"\" width=\"300\" height=\"300\" srcset=\"http:\/\/vphcheck.com\/wp-content\/uploads\/2023\/11\/z5904059401954_0db50bebba0027b04535cb88f578a363-300x300.jpg 300w, http:\/\/vphcheck.com\/wp-content\/uploads\/2023\/11\/z5904059401954_0db50bebba0027b04535cb88f578a363-1024x1024.jpg 1024w, http:\/\/vphcheck.com\/wp-content\/uploads\/2023\/11\/z5904059401954_0db50bebba0027b04535cb88f578a363-150x150.jpg 150w, http:\/\/vphcheck.com\/wp-content\/uploads\/2023\/11\/z5904059401954_0db50bebba0027b04535cb88f578a363-768x768.jpg 768w, http:\/\/vphcheck.com\/wp-content\/uploads\/2023\/11\/z5904059401954_0db50bebba0027b04535cb88f578a363-180x180.jpg 180w, http:\/\/vphcheck.com\/wp-content\/uploads\/2023\/11\/z5904059401954_0db50bebba0027b04535cb88f578a363-600x600.jpg 600w, http:\/\/vphcheck.com\/wp-content\/uploads\/2023\/11\/z5904059401954_0db50bebba0027b04535cb88f578a363.jpg 1200w\" sizes=\"(max-width: 300px) 100vw, 300px\" \/><\/p>\n<p><img loading=\"lazy\" decoding=\"async\" class=\"size-medium wp-image-1701 alignright\" src=\"http:\/\/vphcheck.com\/wp-content\/uploads\/2023\/11\/z5678065586931_f0b8b0ab6632597a55db7d6dee3d21cc-300x300.jpg\" alt=\"\" width=\"300\" height=\"300\" srcset=\"http:\/\/vphcheck.com\/wp-content\/uploads\/2023\/11\/z5678065586931_f0b8b0ab6632597a55db7d6dee3d21cc-300x300.jpg 300w, http:\/\/vphcheck.com\/wp-content\/uploads\/2023\/11\/z5678065586931_f0b8b0ab6632597a55db7d6dee3d21cc-1024x1024.jpg 1024w, http:\/\/vphcheck.com\/wp-content\/uploads\/2023\/11\/z5678065586931_f0b8b0ab6632597a55db7d6dee3d21cc-150x150.jpg 150w, http:\/\/vphcheck.com\/wp-content\/uploads\/2023\/11\/z5678065586931_f0b8b0ab6632597a55db7d6dee3d21cc-768x768.jpg 768w, http:\/\/vphcheck.com\/wp-content\/uploads\/2023\/11\/z5678065586931_f0b8b0ab6632597a55db7d6dee3d21cc-180x180.jpg 180w, http:\/\/vphcheck.com\/wp-content\/uploads\/2023\/11\/z5678065586931_f0b8b0ab6632597a55db7d6dee3d21cc-600x600.jpg 600w, http:\/\/vphcheck.com\/wp-content\/uploads\/2023\/11\/z5678065586931_f0b8b0ab6632597a55db7d6dee3d21cc.jpg 1200w\" sizes=\"(max-width: 300px) 100vw, 300px\" \/><\/p>\n<p>&nbsp;<\/p>\n","protected":false},"excerpt":{"rendered":"<p>Th\u00f4ng tin s\u1ea3n ph\u1ea9m T\u00ean s\u1ea3n ph\u1ea9m M\u00cc DUNA FOOD &#8211; T\u1eea S\u1ee2I M\u00cc G\u1ea0O Gi\u1ea5y \u0111\u0103ng k\u00ed kinh doanh 4001248314 Ng\u00e0y s\u1ea3n xu\u1ea5t Xem tr\u00ean bao b\u00ec Th\u1eddi h\u1ea1n s\u1eed d\u1ee5ng 01 n\u0103m k\u1ec3 t\u1eeb NSX Tr\u1ecdng l\u01b0\u1ee3ng 70g\/83g\/90g H\u01b0\u1edbng d\u1eabn s\u1eed d\u1ee5ng M\u00cc N\u01af\u1edaC B\u01b0\u1edbc 1: Cho v\u1eaft m\u00ec v\u00e0 c\u00e1c g\u00f3i gia [&hellip;]<\/p>\n","protected":false},"featured_media":254,"comment_status":"open","ping_status":"closed","template":"","meta":[],"_links":{"self":[{"href":"http:\/\/vphcheck.com\/index.php\/wp-json\/wp\/v2\/product\/1207"}],"collection":[{"href":"http:\/\/vphcheck.com\/index.php\/wp-json\/wp\/v2\/product"}],"about":[{"href":"http:\/\/vphcheck.com\/index.php\/wp-json\/wp\/v2\/types\/product"}],"replies":[{"embeddable":true,"href":"http:\/\/vphcheck.com\/index.php\/wp-json\/wp\/v2\/comments?post=1207"}],"wp:featuredmedia":[{"embeddable":true,"href":"http:\/\/vphcheck.com\/index.php\/wp-json\/wp\/v2\/media\/254"}],"wp:attachment":[{"href":"http:\/\/vphcheck.com\/index.php\/wp-json\/wp\/v2\/media?parent=1207"}],"curies":[{"name":"wp","href":"https:\/\/api.w.org\/{rel}","templated":true}]}}