{"id":1203,"date":"2023-11-22T13:15:03","date_gmt":"2023-11-22T13:15:03","guid":{"rendered":"http:\/\/vphcheck.com\/?post_type=product&#038;p=1203"},"modified":"2025-04-26T01:16:38","modified_gmt":"2025-04-26T01:16:38","slug":"cssx-kinh-doanh-linh-trang-tra-nep-cam-hoa-dau-biec","status":"publish","type":"product","link":"http:\/\/vphcheck.com\/index.php\/san-pham\/cssx-kinh-doanh-linh-trang-tra-nep-cam-hoa-dau-biec\/","title":{"rendered":"CSSX Kinh doanh Linh Trang &#8211; Tr\u00e0 n\u1ebfp c\u1ea9m hoa \u0111\u1eadu bi\u1ebfc"},"content":{"rendered":"<p style=\"text-align: center;\">\n<img decoding=\"async\" class=\"alignnone wp-image-745\" src=\"https:\/\/img.upanh.tv\/2023\/11\/30\/dau-biec-1.jpg\" alt=\"\" width=\"360\" height=\"auto\" \/><\/p>\n","protected":false},"excerpt":{"rendered":"<table class=\"w3-table-all\">\n<thead>\n<tr class=\"w3-blue\">\n<th colspan=\"2\">Th\u00f4ng tin s\u1ea3n ph\u1ea9m<\/th>\n<\/tr>\n<\/thead>\n<tbody>\n<tr>\n<td width=\"122\">T\u00ean s\u1ea3n ph\u1ea9m<\/td>\n<td width=\"228\">TR\u00c0 N\u1ebeP C\u1ea8M HOA \u0110\u1eacU BI\u1ebeC <\/td>\n<\/tr>\n<tr>\n<td>Th\u00e0nh ph\u1ea7n<\/td>\n<td>N\u1ebfp c\u1ea9m, hoa \u0111\u1eadu bi\u1ebfc, g\u1ea1o l\u1ee9c, g\u1eebng\n<\/td>\n<\/tr>\n<tr>\n<td>Gi\u1ea5y \u0111\u0103ng k\u00ed kinh doanh<\/td>\n<td>33H8007750<\/td>\n<\/tr>\n<tr>\n<td>Ng\u00e0y s\u1ea3n xu\u1ea5t<\/td>\n<td>Xem tr\u00ean bao b\u00ec<\/td>\n<\/tr>\n<tr>\n<td>Th\u1eddi h\u1ea1n s\u1eed d\u1ee5ng<\/td>\n<td>12 th\u00e1ng (03 th\u00e1ng sau khi m\u1edf bao b\u00ec)<\/td>\n<\/tr>\n<tr>\n<td>Tr\u1ecdng l\u01b0\u1ee3ng<\/td>\n<td>100gam<\/td>\n<\/tr>\n<tr>\n<td>H\u01b0\u1edbng d\u1eabn s\u1eed d\u1ee5ng<\/td>\n<td>\n<ul>\n<li>D\u00f9ng \u0111\u1ec3 h\u00e3m pha tr\u00e0 u\u1ed1ng tr\u1ef1c ti\u1ebfp <\/li>\n<\/ul>\n<\/td>\n<\/tr>\n<tr>\n<td>B\u1ea3o qu\u1ea3n<\/td>\n<td>B\u1ea3o qu\u1ea3n \u1edf n\u01a1i kh\u00f4 r\u00e1o tho\u00e1ng m\u00e1t, tr\u00e1nh \u00e1nh n\u1eafng tr\u1ef1c ti\u1ebfp. \u0110\u1eady k\u00edn t\u00fai sau khi s\u1eed d\u1ee5ng<\/td>\n<\/tr>\n<tr>\n<th class=\"w3-blue\" colspan=\"2\">Th\u00f4ng tin \u0111\u01a1n v\u1ecb \/ nh\u00e0 s\u1ea3n xu\u1ea5t<\/th>\n<\/tr>\n<tr>\n<td>T\u00ean \u0111\u01a1n v\u1ecb:<\/td>\n<td width=\"228\">C\u01a0 S\u1ede S\u1ea2N XU\u1ea4T KINH DOANH LINH TRANG <\/td>\n<\/tr>\n<tr>\n<td>Qu\u1ed1c gia:<\/td>\n<td>Vi\u1ec7t Nam<\/td>\n<\/tr>\n<tr>\n<td>T\u1ec9nh \/th\u00e0nh :<\/td>\n<td>Qu\u1ea3ng Nam<\/td>\n<\/tr>\n<tr>\n<td>\u0110\u1ecba ch\u1ec9 li\u00ean l\u1ea1c:<\/td>\n<td>T\u1ed5 2, th\u00f4n Ng\u1ecdc S\u01a1n T\u00e2y, x\u00e3 B\u00ecnh Ph\u1ee5c, Th\u0103ng B\u00ecnh, Qu\u1ea3ng Nam<\/td>\n<\/tr>\n<tr>\n<td>Email<\/td>\n<td><\/td>\n<\/tr>\n<tr>\n<td>Di \u0111\u1ed9ng:<\/td>\n<td>0788545567<\/td>\n<\/tr>\n<tr>\n<td>Website:<\/td>\n<td><\/td>\n<\/tr>\n<\/tbody>\n<\/table>\n<p style=\"text-align: center;\">\n<img decoding=\"async\" class=\"alignnone wp-image-745\" src=\"https:\/\/img.upanh.tv\/2023\/11\/30\/dau-biec-2.jpg\" alt=\"\" width=\"360\" height=\"auto\" \/><br \/>\n<img decoding=\"async\" class=\"alignnone wp-image-745\" src=\"https:\/\/img.upanh.tv\/2023\/11\/30\/dau-biec-1.jpg\" alt=\"\" width=\"360\" height=\"auto\" \/><\/p>\n","protected":false},"featured_media":0,"comment_status":"open","ping_status":"closed","template":"","meta":[],"_links":{"self":[{"href":"http:\/\/vphcheck.com\/index.php\/wp-json\/wp\/v2\/product\/1203"}],"collection":[{"href":"http:\/\/vphcheck.com\/index.php\/wp-json\/wp\/v2\/product"}],"about":[{"href":"http:\/\/vphcheck.com\/index.php\/wp-json\/wp\/v2\/types\/product"}],"replies":[{"embeddable":true,"href":"http:\/\/vphcheck.com\/index.php\/wp-json\/wp\/v2\/comments?post=1203"}],"wp:attachment":[{"href":"http:\/\/vphcheck.com\/index.php\/wp-json\/wp\/v2\/media?parent=1203"}],"curies":[{"name":"wp","href":"https:\/\/api.w.org\/{rel}","templated":true}]}}