{"id":1196,"date":"2023-11-13T15:12:54","date_gmt":"2023-11-13T15:12:54","guid":{"rendered":"http:\/\/vphcheck.com\/?post_type=product&#038;p=1196"},"modified":"2025-04-26T01:16:52","modified_gmt":"2025-04-26T01:16:52","slug":"chuoi-nai-tien-phuoc-say-deo","status":"publish","type":"product","link":"http:\/\/vphcheck.com\/index.php\/san-pham\/chuoi-nai-tien-phuoc-say-deo\/","title":{"rendered":"Chu\u1ed1i Nai Ti\u00ean Ph\u01b0\u1edbc s\u1ea5y d\u1ebbo"},"content":{"rendered":"<p style=\"text-align: center;\">\n<img decoding=\"async\" class=\"alignnone wp-image-745\" src=\"http:\/\/vphcheck.com\/wp-content\/uploads\/2018\/10\/lon-10-cuong-300x300.png\" alt=\"\" width=\"370\" height=\"auto\" \/><br \/>\n<img decoding=\"async\" class=\"alignnone wp-image-745\" src=\"https:\/\/img.upanh.tv\/2023\/12\/19\/z4990318138000_7dcb845939d4093e201f1286bda408ac.jpg\" alt=\"\" width=\"370\" height=\"auto\" \/><br \/>\n<img decoding=\"async\" class=\"alignnone wp-image-745\" src=\"https:\/\/img.upanh.tv\/2023\/12\/19\/z4990157799668_80e2ecbc98095d801b60fa2a4d1ea723.jpg\" alt=\"\" width=\"370\" height=\"auto\" \/><\/p>\n","protected":false},"excerpt":{"rendered":"<table class=\"w3-table-all\">\n<thead>\n<tr class=\"w3-blue\">\n<th colspan=\"2\">Th\u00f4ng tin s\u1ea3n ph\u1ea9m<\/th>\n<\/tr>\n<\/thead>\n<tbody>\n<tr>\n<td width=\"122\">T\u00ean s\u1ea3n ph\u1ea9m<\/td>\n<td width=\"228\">Chu\u1ed1i nai Ti\u00ean Ph\u01b0\u1edbc s\u1ea5y d\u1ebbo <\/td>\n<\/tr>\n<tr>\n<td>Th\u00e0nh ph\u1ea7n<\/td>\n<td>\u2022\tChu\u1ed1i nai ti\u00ean ph\u01b0\u1edbc<br \/>\n\u2022\tKh\u00f4ng ch\u1ea5t b\u1ea3o qu\u1ea3n. Kh\u00f4ng ph\u1ee5 gia\n<\/td>\n<\/tr>\n<tr>\n<td>Gi\u1ea5y \u0111\u0103ng k\u00ed kinh doanh<\/td>\n<td>331167000028<\/td>\n<\/tr>\n<tr>\n<td>Ng\u00e0y s\u1ea3n xu\u1ea5t<\/td>\n<td>Xem tr\u00ean bao b\u00ec<\/td>\n<\/tr>\n<tr>\n<td>Th\u1eddi h\u1ea1n s\u1eed d\u1ee5ng<\/td>\n<td>03 th\u00e1ng \u1edf nhi\u1ec7t \u0111\u1ed9 th\u01b0\u1eddng <\/td>\n<\/tr>\n<tr>\n<td>Tr\u1ecdng l\u01b0\u1ee3ng<\/td>\n<td>Xem tr\u00ean bao b\u00ec<\/td>\n<\/tr>\n<tr>\n<td>H\u01b0\u1edbng d\u1eabn s\u1eed d\u1ee5ng<\/td>\n<td>\n<ul>\n<li>\u0102n li\u1ec1n sau khi m\u1edf t\u00fai<\/li>\n<li>Ngon h\u01a1n khi b\u1ea3o qu\u1ea3n l\u1ea1nh<\/li>\n<\/ul>\n<\/td>\n<\/tr>\n<tr>\n<td>B\u1ea3o qu\u1ea3n<\/td>\n<td>B\u1ea3o qu\u1ea3n \u1edf n\u01a1i kh\u00f4 r\u00e1o tho\u00e1ng m\u00e1t, tr\u00e1nh \u00e1nh n\u1eafng tr\u1ef1c ti\u1ebfp. \u0110\u1eady k\u00edn n\u1eafp sau khi s\u1eed d\u1ee5ng<\/td>\n<\/tr>\n<tr>\n<th class=\"w3-blue\" colspan=\"2\">Th\u00f4ng tin \u0111\u01a1n v\u1ecb \/ nh\u00e0 s\u1ea3n xu\u1ea5t<\/th>\n<\/tr>\n<tr>\n<td>T\u00ean \u0111\u01a1n v\u1ecb:<\/td>\n<td width=\"228\">H\u1ee3p t\u00e1c x\u00e3 n\u00f4ng nghi\u1ec7p Ph\u01b0\u1edbc H\u00e0 <\/td>\n<\/tr>\n<tr>\n<td>Qu\u1ed1c gia:<\/td>\n<td>Vi\u1ec7t Nam<\/td>\n<\/tr>\n<tr>\n<td>T\u1ec9nh \/th\u00e0nh :<\/td>\n<td>Qu\u1ea3ng Nam<\/td>\n<\/tr>\n<tr>\n<td>\u0110\u1ecba ch\u1ec9 li\u00ean l\u1ea1c:<\/td>\n<td>Th\u00f4n Ph\u00fa vinh x\u00e3 Ti\u00ean H\u00e0 , huy\u1ec7n Ti\u00ean Ph\u01b0\u1edbc ,t\u1ec9nh Qu\u1ea3ng Nam<\/td>\n<\/tr>\n<tr>\n<td>Email<\/td>\n<td><\/td>\n<\/tr>\n<tr>\n<td>Di \u0111\u1ed9ng:<\/td>\n<td>0914939325<\/td>\n<\/tr>\n<tr>\n<td>Website:<\/td>\n<td><\/td>\n<\/tr>\n<\/tbody>\n<\/table>\n<p style=\"text-align: center;\">\n<img decoding=\"async\" class=\"aligncenter\" src=\"https:\/\/img.upanh.tv\/2023\/12\/19\/1da9320f04cf98a75.jpg\" alt=\" \" width=\"370\" height=\"auto\" \/><\/p>\n<p><img decoding=\"async\" class=\"aligncenter\" src=\"https:\/\/img.upanh.tv\/2023\/12\/19\/28cf743c7053759e8.jpg\" alt=\" \" width=\"370\" height=\"auto\" \/><\/p>\n<p><img decoding=\"async\" class=\"aligncenter\" src=\"https:\/\/img.upanh.tv\/2023\/12\/19\/3c93f099aa9ad1078.jpg\" alt=\" \" width=\"370\" height=\"auto\" \/><\/p>\n<p><img decoding=\"async\" class=\"aligncenter\" src=\"https:\/\/img.upanh.tv\/2023\/12\/19\/4430eb6ccc1760187.jpg\" alt=\" \" width=\"370\" height=\"auto\" \/><\/p>\n<p><img decoding=\"async\" class=\"aligncenter\" src=\"https:\/\/img.upanh.tv\/2023\/12\/19\/5c49548806abd8139.jpg\" alt=\" \" width=\"370\" height=\"auto\" \/><\/p>\n<p><img decoding=\"async\" class=\"aligncenter\" src=\"https:\/\/img.upanh.tv\/2023\/12\/19\/67fda9ffbc97f7d56.jpg\" alt=\" \" width=\"370\" height=\"auto\" \/><\/p>\n<p><img decoding=\"async\" class=\"aligncenter\" src=\"https:\/\/img.upanh.tv\/2023\/12\/19\/7a1a27be8177c1806.jpg\" alt=\" \" width=\"370\" height=\"auto\" \/><\/p>\n<p><img decoding=\"async\" class=\"aligncenter\" src=\"https:\/\/img.upanh.tv\/2023\/12\/19\/82e81db90605b4458.jpg\" alt=\" \" width=\"370\" height=\"auto\" \/><\/p>\n<p><img decoding=\"async\" class=\"aligncenter\" src=\"https:\/\/img.upanh.tv\/2023\/12\/19\/9a9474a1d635938e8.jpg\" alt=\" \" width=\"370\" height=\"auto\" \/><\/p>\n<p><img decoding=\"async\" class=\"aligncenter\" src=\"https:\/\/img.upanh.tv\/2023\/12\/19\/103bbf7b269d2fd4ac.jpg\" alt=\" \" width=\"370\" height=\"auto\" \/><\/p>\n<p><img decoding=\"async\" class=\"aligncenter\" src=\"https:\/\/img.upanh.tv\/2023\/12\/19\/117578f6e27bf2eb78.jpg\" alt=\" \" width=\"370\" height=\"auto\" \/><\/p>\n<p><img decoding=\"async\" class=\"aligncenter\" src=\"https:\/\/img.upanh.tv\/2023\/12\/19\/123ff9287b4927a7ee.jpg\" alt=\" \" width=\"370\" height=\"auto\" \/><\/p>\n<p><img decoding=\"async\" class=\"aligncenter\" src=\"https:\/\/img.upanh.tv\/2023\/12\/19\/13ed8c56163d678d58.jpg\" alt=\" \" width=\"370\" height=\"auto\" \/><\/p>\n<p><img decoding=\"async\" class=\"aligncenter\" src=\"https:\/\/img.upanh.tv\/2023\/12\/19\/1406782d49861c7df2.jpg\" alt=\" \" width=\"370\" height=\"auto\" \/><\/p>\n<p><img decoding=\"async\" class=\"aligncenter\" src=\"https:\/\/img.upanh.tv\/2023\/12\/19\/15cdd461e4e63b9d53.jpg\" alt=\" \" width=\"370\" height=\"auto\" \/><\/p>\n","protected":false},"featured_media":0,"comment_status":"open","ping_status":"closed","template":"","meta":[],"_links":{"self":[{"href":"http:\/\/vphcheck.com\/index.php\/wp-json\/wp\/v2\/product\/1196"}],"collection":[{"href":"http:\/\/vphcheck.com\/index.php\/wp-json\/wp\/v2\/product"}],"about":[{"href":"http:\/\/vphcheck.com\/index.php\/wp-json\/wp\/v2\/types\/product"}],"replies":[{"embeddable":true,"href":"http:\/\/vphcheck.com\/index.php\/wp-json\/wp\/v2\/comments?post=1196"}],"wp:attachment":[{"href":"http:\/\/vphcheck.com\/index.php\/wp-json\/wp\/v2\/media?parent=1196"}],"curies":[{"name":"wp","href":"https:\/\/api.w.org\/{rel}","templated":true}]}}