{"id":1181,"date":"2023-09-21T13:29:39","date_gmt":"2023-09-21T13:29:39","guid":{"rendered":"http:\/\/vphcheck.com\/?post_type=product&#038;p=1181"},"modified":"2023-09-21T13:33:06","modified_gmt":"2023-09-21T13:33:06","slug":"sam-ham-ga","status":"publish","type":"product","link":"http:\/\/vphcheck.com\/index.php\/san-pham\/sam-ham-ga\/","title":{"rendered":"S\u00c2M H\u1ea6M G\u00c0"},"content":{"rendered":"<p><center><img decoding=\"async\" src=\"https:\/\/img.upanh.tv\/2023\/09\/21\/z4444600894399_60990250c955b3ec9b12800efd0b3ae6.jpg\" width=\"370\" height=\"auto\"><\/center><\/p>\n","protected":false},"excerpt":{"rendered":"<table class=\"w3-table-all\">\n<thead>\n<tr class=\"w3-blue\">\n<th colspan=\"2\">Th\u00f4ng tin s\u1ea3n ph\u1ea9m<\/th>\n<\/tr>\n<\/thead>\n<tbody>\n<tr>\n<td width=\"122\">T\u00ean s\u1ea3n ph\u1ea9m<\/td>\n<td width=\"228\">S\u00c2M H\u1ea6M G\u00c0<\/td>\n<\/tr>\n<tr>\n<td>Th\u00e0nh ph\u1ea7n<\/td>\n<td> (70%) \u0111\u1eb3ng s\u00e2m, (20%) h\u1ea1t sen, (5%) qu\u1ebf c\u00f2n l\u1ea1i (5%)c\u00e1c gia v\u1ecb kh\u00e1c <\/td>\n<\/tr>\n<tr>\n<td>S\u1ed1 t\u1ef1 c\u00f4ng b\u1ed1 s\u1ea3n ph\u1ea9m<\/td>\n<td>02\/HTX ND TR\u01af\u1edcNG S\u01a0N XANH\/2023<\/td>\n<\/tr>\n<tr>\n<td>Ng\u00e0y s\u1ea3n xu\u1ea5t<\/td>\n<td>Xem tr\u00ean bao b\u00ec<\/td>\n<\/tr>\n<tr>\n<td>Th\u1eddi h\u1ea1n s\u1eed d\u1ee5ng<\/td>\n<td>12 th\u00e1ng k\u1ec3 t\u1eeb ng\u00e0y s\u1ea3n xu\u1ea5t<\/td>\n<\/tr>\n<tr>\n<td>Kh\u1ed1i l\u01b0\u1ee3ng t\u1ecbnh<\/td>\n<td>65g<\/td>\n<\/tr>\n<tr>\n<td>H\u01b0\u1edbng d\u1eabn s\u1eed d\u1ee5ng<\/td>\n<td>\n<ul>\n<li>B\u1ecf g\u00f3i gia v\u1ecb S\u00e2m h\u1ea7m g\u00e0 v\u00e0o b\u1ee5ng c\u1ee7a con g\u00e0.<\/li>\n<li>\u0110\u1ed3ng th\u1eddi cho th\u00eam c\u00e1c gia v\u1ecb kh\u00e1c n\u1ebfu th\u00edch v\u00e0o b\u00ean trong m\u00ecnh g\u00e0 th\u1eadt ch\u1eb7t \u0111\u1ec3 kh\u00f4ng b\u1ecb tr\u00f4i ra trong khi \u0111un<\/li>\n<\/ul>\n<\/td>\n<\/tr>\n<tr>\n<td>B\u1ea3o qu\u1ea3n<\/td>\n<td>B\u1ea3o qu\u1ea3n \u1edf n\u01a1i kh\u00f4 r\u00e1o tho\u00e1ng m\u00e1t, tr\u00e1nh \u00e1nh n\u1eafng tr\u1ef1c ti\u1ebfp. \u0110\u1eady k\u00edn n\u1eafp sau khi s\u1eed d\u1ee5ng<\/td>\n<\/tr>\n<tr>\n<th class=\"w3-blue\" colspan=\"2\">Th\u00f4ng tin \u0111\u01a1n v\u1ecb \/ nh\u00e0 s\u1ea3n xu\u1ea5t<\/th>\n<\/tr>\n<tr>\n<td>T\u00ean \u0111\u01a1n v\u1ecb:<\/td>\n<td width=\"228\">H\u1ee2P T\u00c1C X\u00c3 N\u00d4NG D\u01af\u1ee2C TR\u01af\u1edcNG S\u01a0N XANH<\/td>\n<\/tr>\n<tr>\n<td>Qu\u1ed1c gia:<\/td>\n<td>Vi\u1ec7t Nam<\/td>\n<\/tr>\n<tr>\n<td>T\u1ec9nh \/th\u00e0nh :<\/td>\n<td>Qu\u1ea3ng Nam<\/td>\n<\/tr>\n<tr>\n<td>\u0110\u1ecba ch\u1ec9 li\u00ean l\u1ea1c:<\/td>\n<td>Th\u00f4n Agr\u1ed3ng, x\u00e3 Ati\u00eang, huy\u1ec7n T\u00e2y Giang, t\u1ec9nh Qu\u1ea3ng Nam, Vi\u1ec7t Nam<\/td>\n<\/tr>\n<tr>\n<td>Email<\/td>\n<td>gamac@gmail.com<\/td>\n<\/tr>\n<tr>\n<td>Di \u0111\u1ed9ng:<\/td>\n<td>0968489499<\/td>\n<\/tr>\n<tr>\n<td>Website:<\/td>\n<td><\/td>\n<\/tr>\n<\/tbody>\n<\/table>\n<p style=\"text-align: center;\">\n<img decoding=\"async\" class=\"alignnone wp-image-745\" src=\"https:\/\/img.upanh.tv\/2023\/09\/21\/z4368789199029_24caade67bcbdec44281e725654c92cc.jpg\" alt=\"\" width=\"360\" height=\"auto\" \/><br \/>\n<img decoding=\"async\" class=\"alignnone wp-image-745\" src=\"https:\/\/img.upanh.tv\/2023\/09\/21\/z4368789142602_5560db28af18644409ad5c92a7fa8f2b.jpg\" alt=\"\" width=\"360\" height=\"auto\" \/><\/p>\n","protected":false},"featured_media":0,"comment_status":"open","ping_status":"closed","template":"","meta":[],"_links":{"self":[{"href":"http:\/\/vphcheck.com\/index.php\/wp-json\/wp\/v2\/product\/1181"}],"collection":[{"href":"http:\/\/vphcheck.com\/index.php\/wp-json\/wp\/v2\/product"}],"about":[{"href":"http:\/\/vphcheck.com\/index.php\/wp-json\/wp\/v2\/types\/product"}],"replies":[{"embeddable":true,"href":"http:\/\/vphcheck.com\/index.php\/wp-json\/wp\/v2\/comments?post=1181"}],"wp:attachment":[{"href":"http:\/\/vphcheck.com\/index.php\/wp-json\/wp\/v2\/media?parent=1181"}],"curies":[{"name":"wp","href":"https:\/\/api.w.org\/{rel}","templated":true}]}}