{"id":1180,"date":"2023-09-21T13:17:37","date_gmt":"2023-09-21T13:17:37","guid":{"rendered":"http:\/\/vphcheck.com\/?post_type=product&#038;p=1180"},"modified":"2023-09-21T13:29:14","modified_gmt":"2023-09-21T13:29:14","slug":"cao-dang-sam-tay-giang","status":"publish","type":"product","link":"http:\/\/vphcheck.com\/index.php\/san-pham\/cao-dang-sam-tay-giang\/","title":{"rendered":"CAO \u0110\u1eb2NG S\u00c2M T\u00c2Y GIANG"},"content":{"rendered":"<p><center><img decoding=\"async\" src=\"https:\/\/img.upanh.tv\/2023\/09\/21\/z4444600880627_b2931473871437f2b0bb2acd6172446d.jpg\" width=\"370\" height=\"auto\"><\/center><\/p>\n","protected":false},"excerpt":{"rendered":"<table class=\"w3-table-all\">\n<thead>\n<tr class=\"w3-blue\">\n<th colspan=\"2\">Th\u00f4ng tin s\u1ea3n ph\u1ea9m<\/th>\n<\/tr>\n<\/thead>\n<tbody>\n<tr>\n<td width=\"122\">T\u00ean s\u1ea3n ph\u1ea9m<\/td>\n<td width=\"228\">CAO \u0110\u1eb2NG S\u00c2M T\u00c2Y GIANG<\/td>\n<\/tr>\n<tr>\n<td>Th\u00e0nh ph\u1ea7n<\/td>\n<td>95% \u0111\u1eb3ng s\u00e2m, 5% n\u01b0\u1edbc<\/td>\n<\/tr>\n<tr>\n<td>S\u1ed1 t\u1ef1 c\u00f4ng b\u1ed1 s\u1ea3n ph\u1ea9m<\/td>\n<td>01\/HTX ND TR\u01af\u1edcNG S\u01a0N XANH\/2023<\/td>\n<\/tr>\n<tr>\n<td>Ng\u00e0y s\u1ea3n xu\u1ea5t<\/td>\n<td>Xem tr\u00ean bao b\u00ec<\/td>\n<\/tr>\n<tr>\n<td>Th\u1eddi h\u1ea1n s\u1eed d\u1ee5ng<\/td>\n<td>Kh\u00f4ng th\u1eddi h\u1ea1n<\/td>\n<\/tr>\n<tr>\n<td>Kh\u1ed1i l\u01b0\u1ee3ng t\u1ecbnh<\/td>\n<td>150g<\/td>\n<\/tr>\n<tr>\n<td>H\u01b0\u1edbng d\u1eabn s\u1eed d\u1ee5ng<\/td>\n<td>\n<ul>\n<li>Pha 1-2g cao \u0111\u1eb3ng s\u00e2m  (1 th\u00eca c\u00e0 ph\u00ea) v\u1edbi 120-200ml n\u01b0\u1edbc \u1ea5m \u0111\u1ec3 u\u1ed1ng, c\u00f3 th\u1ec3 pha v\u1edbi r\u01b0\u1ee3u tr\u1eafng. <\/li>\n<li>Ng\u00e0y d\u00f9ng t\u1ed1i \u0111a 1-2g cao.<\/li>\n<\/ul>\n<\/td>\n<\/tr>\n<tr>\n<td>B\u1ea3o qu\u1ea3n<\/td>\n<td>B\u1ea3o qu\u1ea3n \u1edf n\u01a1i kh\u00f4 r\u00e1o tho\u00e1ng m\u00e1t, tr\u00e1nh \u00e1nh n\u1eafng tr\u1ef1c ti\u1ebfp. \u0110\u1eady k\u00edn n\u1eafp sau khi s\u1eed d\u1ee5ng<\/td>\n<\/tr>\n<tr>\n<th class=\"w3-blue\" colspan=\"2\">Th\u00f4ng tin \u0111\u01a1n v\u1ecb \/ nh\u00e0 s\u1ea3n xu\u1ea5t<\/th>\n<\/tr>\n<tr>\n<td>T\u00ean \u0111\u01a1n v\u1ecb:<\/td>\n<td width=\"228\">H\u1ee2P T\u00c1C X\u00c3 N\u00d4NG D\u01af\u1ee2C TR\u01af\u1edcNG S\u01a0N XANH<\/td>\n<\/tr>\n<tr>\n<td>Qu\u1ed1c gia:<\/td>\n<td>Vi\u1ec7t Nam<\/td>\n<\/tr>\n<tr>\n<td>T\u1ec9nh \/th\u00e0nh :<\/td>\n<td>Qu\u1ea3ng Nam<\/td>\n<\/tr>\n<tr>\n<td>\u0110\u1ecba ch\u1ec9 li\u00ean l\u1ea1c:<\/td>\n<td>Th\u00f4n Agr\u1ed3ng, x\u00e3 Ati\u00eang, huy\u1ec7n T\u00e2y Giang, t\u1ec9nh Qu\u1ea3ng Nam, Vi\u1ec7t Nam<\/td>\n<\/tr>\n<tr>\n<td>Email<\/td>\n<td>gamac@gmail.com<\/td>\n<\/tr>\n<tr>\n<td>Di \u0111\u1ed9ng:<\/td>\n<td>0968489499<\/td>\n<\/tr>\n<tr>\n<td>Website:<\/td>\n<td><\/td>\n<\/tr>\n<\/tbody>\n<\/table>\n<p style=\"text-align: center;\">\n<img decoding=\"async\" class=\"alignnone wp-image-745\" src=\"https:\/\/img.upanh.tv\/2023\/09\/21\/z4368789199029_24caade67bcbdec44281e725654c92cc.jpg\" alt=\"\" width=\"360\" height=\"auto\" \/><br \/>\n<img decoding=\"async\" class=\"alignnone wp-image-745\" src=\"https:\/\/img.upanh.tv\/2023\/09\/21\/z4368789142602_5560db28af18644409ad5c92a7fa8f2b.jpg\" alt=\"\" width=\"360\" height=\"auto\" \/><\/p>\n","protected":false},"featured_media":0,"comment_status":"open","ping_status":"closed","template":"","meta":[],"_links":{"self":[{"href":"http:\/\/vphcheck.com\/index.php\/wp-json\/wp\/v2\/product\/1180"}],"collection":[{"href":"http:\/\/vphcheck.com\/index.php\/wp-json\/wp\/v2\/product"}],"about":[{"href":"http:\/\/vphcheck.com\/index.php\/wp-json\/wp\/v2\/types\/product"}],"replies":[{"embeddable":true,"href":"http:\/\/vphcheck.com\/index.php\/wp-json\/wp\/v2\/comments?post=1180"}],"wp:attachment":[{"href":"http:\/\/vphcheck.com\/index.php\/wp-json\/wp\/v2\/media?parent=1180"}],"curies":[{"name":"wp","href":"https:\/\/api.w.org\/{rel}","templated":true}]}}