{"id":1174,"date":"2023-09-18T14:40:41","date_gmt":"2023-09-18T14:40:41","guid":{"rendered":"http:\/\/vphcheck.com\/?post_type=product&#038;p=1174"},"modified":"2023-09-18T14:52:05","modified_gmt":"2023-09-18T14:52:05","slug":"mat-ong-rung-phuoc-son-quang-nam-pham-tan-phi","status":"publish","type":"product","link":"http:\/\/vphcheck.com\/index.php\/san-pham\/mat-ong-rung-phuoc-son-quang-nam-pham-tan-phi\/","title":{"rendered":"M\u1eadt ong r\u1eebng Ph\u01b0\u1edbc S\u01a1n, Qu\u1ea3ng Nam &#8211; Ph\u1ea1m T\u1ea5n Phi"},"content":{"rendered":"<p><center><img decoding=\"async\" class=\"alignnone wp-image-745\" src=\"https:\/\/img.upanh.tv\/2023\/09\/18\/matong.jpg\" alt=\"\" width=\"370\" height=\"auto\" \/> <\/p>\n","protected":false},"excerpt":{"rendered":"<table class=\"w3-table-all\">\n<thead>\n<tr class=\"w3-blue\">\n<th colspan=\"2\">Th\u00f4ng tin s\u1ea3n ph\u1ea9m<\/th>\n<\/tr>\n<\/thead>\n<tbody>\n<tr>\n<td width=\"122\">T\u00ean s\u1ea3n ph\u1ea9m<\/td>\n<td width=\"228\">M\u1eacT ONG R\u1eeaNG PH\u01af\u1edaC S\u01a0N<\/td>\n<\/tr>\n<tr>\n<td>Th\u00e0nh ph\u1ea7n<\/td>\n<td>M\u1eadt ong r\u1eebng Ph\u01b0\u1edbc S\u01a1n nguy\u00ean ch\u1ea5t 100%<\/td>\n<\/tr>\n<tr>\n<td>Gi\u1ea5y \u0110KKD<\/td>\n<td>33L8000389<\/td>\n<\/tr>\n<tr>\n<td>Ng\u00e0y s\u1ea3n xu\u1ea5t<\/td>\n<td>Xem tr\u00ean bao b\u00ec<\/td>\n<\/tr>\n<tr>\n<td>Th\u1eddi h\u1ea1n s\u1eed d\u1ee5ng<\/td>\n<td>Kh\u00f4ng th\u1eddi h\u1ea1n<\/td>\n<\/tr>\n<tr>\n<td>Tr\u1ecdng l\u01b0\u1ee3ng<\/td>\n<td>01 L\u00edt<\/td>\n<\/tr>\n<tr>\n<td>C\u00f4ng d\u1ee5ng \/ H\u01b0\u1edbng d\u1eabn s\u1eed d\u1ee5ng<\/td>\n<td>\n<ul>\n<li>Ch\u1eefa ho khan, ho c\u00f3 \u0111\u1eddm. &#8230;<\/li>\n<li>Gi\u1ea3m lo\u00e9t, nhi\u1ec7t mi\u1ec7ng. &#8230;<\/li>\n<li>L\u00e0m l\u00e0nh v\u1ebft th\u01b0\u01a1ng do b\u1ecfng, tr\u1ea7y x\u01b0\u1edbc. &#8230;<\/li>\n<li>Ch\u1eefa \u0111au d\u1ea1 d\u00e0y. &#8230;<\/li>\n<li>L\u00e0m d\u1ecbu b\u1ec7nh tr\u0129 &#8230;<\/li>\n<li>Gi\u1ea3m ng\u1ee9a \u1edf b\u1ec7nh Herpes. &#8230;<\/li>\n<li>L\u00e0m m\u1edd v\u1ebft th\u00e2m, gi\u1ea3m m\u1ee5n tr\u1ee9ng c\u00e1<\/li>\n<\/ul>\n<\/td>\n<\/tr>\n<tr>\n<td>B\u1ea3o qu\u1ea3n<\/td>\n<td>B\u1ea3o qu\u1ea3n \u1edf n\u01a1i kh\u00f4 r\u00e1o tho\u00e1ng m\u00e1t, tr\u00e1nh \u00e1nh n\u1eafng tr\u1ef1c ti\u1ebfp. \u0110\u1eady k\u00edn n\u1eafp sau khi s\u1eed d\u1ee5ng<\/td>\n<\/tr>\n<tr>\n<th class=\"w3-blue\" colspan=\"2\">Th\u00f4ng tin \u0111\u01a1n v\u1ecb \/ nh\u00e0 s\u1ea3n xu\u1ea5t<\/th>\n<\/tr>\n<tr>\n<td>T\u00ean \u0111\u01a1n v\u1ecb:<\/td>\n<td width=\"228\">H\u1ed8 KINH DOANH PH\u1ea0M T\u1ea4N PHI &#8211; NH\u00c0 H\u00c0NG H\u1eeeU \u0110\u1ea0T<\/td>\n<\/tr>\n<tr>\n<td>Qu\u1ed1c gia:<\/td>\n<td>Vi\u1ec7t Nam<\/td>\n<\/tr>\n<tr>\n<td>T\u1ec9nh \/th\u00e0nh :<\/td>\n<td>Qu\u1ea3ng Nam<\/td>\n<\/tr>\n<tr>\n<td>\u0110\u1ecba ch\u1ec9 li\u00ean l\u1ea1c:<\/td>\n<td>85 Nguy\u1ec5n V\u0103n Linh, th\u1ecb tr\u1ea5n Kh\u00e2m \u0110\u1ee9c, huy\u1ec7n Ph\u01b0\u1edbc S\u01a1n, t\u1ec9nh Qu\u1ea3ng Nam<\/td>\n<\/tr>\n<tr>\n<td>Email<\/td>\n<td>phamtanphi@gmail.com<\/td>\n<\/tr>\n<tr>\n<td>Di \u0111\u1ed9ng:<\/td>\n<td>0978526452<\/td>\n<\/tr>\n<tr>\n<td>Website:<\/td>\n<td><\/td>\n<\/tr>\n<\/tbody>\n<\/table>\n<p style=\"text-align: center;\">\n<img decoding=\"async\" class=\"alignnone wp-image-745\" src=\"https:\/\/img.upanh.tv\/2023\/09\/18\/z4635058329361_d1726e2c803a3fa1dbb9bff84848f684.jpg\" alt=\"\" width=\"360\" height=\"auto\" \/><br \/>\n<img decoding=\"async\" class=\"alignnone wp-image-745\" src=\"https:\/\/img.upanh.tv\/2023\/09\/18\/z4666764526104_6f4de6e75f657c3fec7b43e67af6b84f.jpg\" alt=\"\" width=\"360\" height=\"auto\" \/><\/p>\n","protected":false},"featured_media":509,"comment_status":"open","ping_status":"closed","template":"","meta":[],"_links":{"self":[{"href":"http:\/\/vphcheck.com\/index.php\/wp-json\/wp\/v2\/product\/1174"}],"collection":[{"href":"http:\/\/vphcheck.com\/index.php\/wp-json\/wp\/v2\/product"}],"about":[{"href":"http:\/\/vphcheck.com\/index.php\/wp-json\/wp\/v2\/types\/product"}],"replies":[{"embeddable":true,"href":"http:\/\/vphcheck.com\/index.php\/wp-json\/wp\/v2\/comments?post=1174"}],"wp:featuredmedia":[{"embeddable":true,"href":"http:\/\/vphcheck.com\/index.php\/wp-json\/wp\/v2\/media\/509"}],"wp:attachment":[{"href":"http:\/\/vphcheck.com\/index.php\/wp-json\/wp\/v2\/media?parent=1174"}],"curies":[{"name":"wp","href":"https:\/\/api.w.org\/{rel}","templated":true}]}}