{"id":1143,"date":"2023-08-06T13:23:35","date_gmt":"2023-08-06T13:23:35","guid":{"rendered":"http:\/\/vphcheck.com\/?post_type=product&#038;p=1143"},"modified":"2025-04-25T13:31:36","modified_gmt":"2025-04-25T13:31:36","slug":"oc-gac-bep-thuong-hang-huy-hoang","status":"publish","type":"product","link":"http:\/\/vphcheck.com\/index.php\/san-pham\/oc-gac-bep-thuong-hang-huy-hoang\/","title":{"rendered":"\u1ed0c g\u00e1c b\u1ebfp th\u01b0\u1ee3ng h\u1ea1ng Huy Ho\u00e0ng"},"content":{"rendered":"<p style=\"text-align: center;\"><img decoding=\"async\" class=\"alignnone wp-image-603\" src=\"https:\/\/img.upanh.tv\/2023\/08\/06\/z4559443672692_d5d54081da2eb2a8557bd110cb5a5d2d.jpg\" alt=\"\" width=\"370\" height=\"auto\" \/><\/p>\n","protected":false},"excerpt":{"rendered":"<table class=\"w3-table-all\">\n<thead>\n<tr class=\"w3-blue\">\n<th colspan=\"2\">Th\u00f4ng tin s\u1ea3n ph\u1ea9m<\/th>\n<\/tr>\n<\/thead>\n<tbody>\n<tr>\n<td width=\"122\">T\u00ean s\u1ea3n ph\u1ea9m<\/td>\n<td width=\"228\">\u1ed0c g\u00e1c b\u1ebfp th\u01b0\u1ee3ng h\u1ea1ng Huy Ho\u00e0ng<\/td>\n<\/tr>\n<tr>\n<td>Th\u00e0nh ph\u1ea7n<\/td>\n<td>100% \u1ed0c b\u01b0\u01a1u \u0111en s\u1ed1ng<\/td>\n<\/tr>\n<tr>\n<td>Gi\u1ea5y \u0110KKD<\/td>\n<td>33F8003849<\/td>\n<\/tr>\n<tr>\n<td>Ng\u00e0y \u0111\u00f3ng g\u00f3i<\/td>\n<td>Xem tr\u00ean bao b\u00ec<\/td>\n<\/tr>\n<tr>\n<td>Th\u1eddi h\u1ea1n s\u1eed d\u1ee5ng<\/td>\n<td>01 th\u00e1ng k\u1ec3 t\u1eeb ng\u00e0y \u0111\u00f3ng g\u00f3i<\/td>\n<\/tr>\n<tr>\n<td>Tr\u1ecdng l\u01b0\u1ee3ng<\/td>\n<td>500 gam<\/td>\n<\/tr>\n<tr>\n<td>H\u01b0\u1edbng d\u1eabn s\u1eed d\u1ee5ng<\/td>\n<td>\n<ul>\n<li>Lo\u1ea1i b\u1ecf \u1ed1c ch\u1ebft (n\u1ebfu c\u00f3), r\u1eeda s\u1ea1ch v\u00e0 ch\u1ebf bi\u1ebfn<\/li>\n<li>Ngon h\u01a1n khi cho \u1ed1c ng\u1eadm s\u1eefa t\u01b0\u01a1i, tr\u1ee9ng g\u00e0, n\u01b0\u1edbc d\u1eeba<\/li>\n<\/ul>\n<\/td>\n<\/tr>\n<tr>\n<td>B\u1ea3o qu\u1ea3n<\/td>\n<td>B\u1ea3o qu\u1ea3n \u1edf nhi\u1ec7t \u0111\u1ed9 15 \u0111\u1ed9 C \u0111\u1ebfn 35 \u0111\u1ed9 C<\/td>\n<\/tr>\n<tr>\n<th class=\"w3-blue\" colspan=\"2\">Th\u00f4ng tin \u0111\u01a1n v\u1ecb \/ nh\u00e0 s\u1ea3n xu\u1ea5t<\/th>\n<\/tr>\n<tr>\n<td>T\u00ean \u0111\u01a1n v\u1ecb:<\/td>\n<td width=\"228\">H\u1ed8 KINH DOANH \u1ed0C B\u01af\u01a0U \u0110EN HUY HO\u00c0NG<\/td>\n<\/tr>\n<tr>\n<td>Qu\u1ed1c gia:<\/td>\n<td>Vi\u1ec7t Nam<\/td>\n<\/tr>\n<tr>\n<td>T\u1ec9nh \/th\u00e0nh :<\/td>\n<td>Qu\u1ea3ng Nam<\/td>\n<\/tr>\n<tr>\n<td>\u0110\u1ecba ch\u1ec9 li\u00ean l\u1ea1c:<\/td>\n<td>Th\u00f4n Nhu\u1eadn S\u01a1n, x\u00e3 Duy Ph\u00fa, huy\u1ec7n Duy Xuy\u00ean, t\u1ec9nh Qu\u1ea3ng Nam<\/td>\n<\/tr>\n<tr>\n<td>Email<\/td>\n<td>suongsanny@gmail.com<\/td>\n<\/tr>\n<tr>\n<td>Di \u0111\u1ed9ng:<\/td>\n<td>0359369032 &#8211; 0798899368<\/td>\n<\/tr>\n<tr>\n<td>Facebook:<\/td>\n<td>S\u01b0\u01a1ng Sanny<\/td>\n<\/tr>\n<\/tbody>\n<\/table>\n<p style=\"text-align: center;\">\n<img decoding=\"async\" class=\"alignnone wp-image-745\" src=\"https:\/\/img.upanh.tv\/2023\/08\/06\/z4573929580137_4ed667e500f620b9ee38b8f7812ac26c7186dcc4a790af43.jpg\" alt=\"\" width=\"360\" height=\"auto\" \/><br \/>\n<img decoding=\"async\" class=\"alignnone wp-image-745\" src=\"https:\/\/img.upanh.tv\/2023\/08\/06\/z4573929484433_1968284f7d1d2cef5ba968099f1cedf4.jpg\" alt=\"\" width=\"360\" height=\"auto\" \/><br \/>\n<img decoding=\"async\" class=\"alignnone wp-image-745\" src=\"https:\/\/img.upanh.tv\/2023\/08\/06\/z4573929509733_1b746e8775faf314fb325ca731467b3e.jpg\" alt=\"\" width=\"360\" height=\"auto\" \/><br \/>\n<img decoding=\"async\" class=\"alignnone wp-image-745\" src=\"https:\/\/img.upanh.tv\/2023\/08\/06\/z4573929522584_6da04194b66dcec0b519eedefc1c4a98.jpg\" alt=\"\" width=\"360\" height=\"auto\" \/><\/p>\n","protected":false},"featured_media":744,"comment_status":"open","ping_status":"closed","template":"","meta":[],"_links":{"self":[{"href":"http:\/\/vphcheck.com\/index.php\/wp-json\/wp\/v2\/product\/1143"}],"collection":[{"href":"http:\/\/vphcheck.com\/index.php\/wp-json\/wp\/v2\/product"}],"about":[{"href":"http:\/\/vphcheck.com\/index.php\/wp-json\/wp\/v2\/types\/product"}],"replies":[{"embeddable":true,"href":"http:\/\/vphcheck.com\/index.php\/wp-json\/wp\/v2\/comments?post=1143"}],"wp:featuredmedia":[{"embeddable":true,"href":"http:\/\/vphcheck.com\/index.php\/wp-json\/wp\/v2\/media\/744"}],"wp:attachment":[{"href":"http:\/\/vphcheck.com\/index.php\/wp-json\/wp\/v2\/media?parent=1143"}],"curies":[{"name":"wp","href":"https:\/\/api.w.org\/{rel}","templated":true}]}}