{"id":1121,"date":"2023-05-09T13:58:20","date_gmt":"2023-05-09T13:58:20","guid":{"rendered":"http:\/\/vphcheck.com\/?post_type=product&#038;p=1121"},"modified":"2023-05-09T13:58:37","modified_gmt":"2023-05-09T13:58:37","slug":"dau-me-den-viet-sao-chep","status":"publish","type":"product","link":"http:\/\/vphcheck.com\/index.php\/san-pham\/dau-me-den-viet-sao-chep\/","title":{"rendered":"D\u1ea7u m\u00e8 \u0110en Vi\u1ec7t (Sao ch\u00e9p)"},"content":{"rendered":"<p><center><img decoding=\"async\" class=\"alignnone wp-image-747\" src=\"https:\/\/i.upanh.org\/2022\/12\/20\/02.jpg\" alt=\"\" width=\"345\" height=\"auto\" \/><\/center>&nbsp;<\/p>\n<p><center><img decoding=\"async\" class=\"alignnone wp-image-747\" src=\"https:\/\/i.upanh.org\/2022\/12\/20\/03.jpg\" alt=\"\" width=\"345\" height=\"auto\" \/><\/center><\/p>\n","protected":false},"excerpt":{"rendered":"<p>&nbsp;<\/p>\n<table class=\"w3-table-all\">\n<thead>\n<tr class=\"w3-blue\">\n<th colspan=\"2\">Th\u00f4ng tin s\u1ea3n ph\u1ea9m<\/th>\n<\/tr>\n<\/thead>\n<tbody>\n<tr>\n<td width=\"122\">T\u00ean s\u1ea3n ph\u1ea9m<\/td>\n<td width=\"228\">D\u1ea7u m\u00e8 \u0111en Vi\u1ec7t<\/td>\n<\/tr>\n<tr>\n<td>Th\u00e0nh ph\u1ea7n<\/td>\n<td>M\u00e8 \u0111en 100%<\/td>\n<\/tr>\n<tr>\n<td>GP \u0110KKD<\/td>\n<td>33M8007090<\/td>\n<\/tr>\n<tr>\n<td>Ng\u00e0y s\u1ea3n xu\u1ea5t<\/td>\n<td>Xem tr\u00ean bao b\u00ec<\/td>\n<\/tr>\n<tr>\n<td>Th\u1eddi h\u1ea1n s\u1eed d\u1ee5ng<\/td>\n<td>01 n\u0103m k\u1ec3 t\u1eeb ng\u00e0y s\u1ea3n xu\u1ea5t<\/td>\n<\/tr>\n<tr>\n<td>Tr\u1ecdng l\u01b0\u1ee3ng<\/td>\n<td>Xem tr\u00ean bao b\u00ec<\/td>\n<\/tr>\n<tr>\n<td>H\u01b0\u1edbng d\u1eabn s\u1eed d\u1ee5ng<\/td>\n<td>D\u00f9ng trong th\u1ef1c ph\u1ea9m v\u00e0 ch\u1ebf bi\u1ebfn<\/td>\n<\/tr>\n<tr>\n<td>B\u1ea3o qu\u1ea3n<\/td>\n<td>N\u01a1i kh\u00f4 r\u00e1o tho\u00e1ng m\u00e1t, tr\u00e1nh \u00e1nh s\u00e1ng m\u1eb7t tr\u1eddi<\/td>\n<\/tr>\n<tr>\n<th class=\"w3-blue\" colspan=\"2\">Th\u00f4ng tin \u0111\u01a1n v\u1ecb \/ nh\u00e0 s\u1ea3n xu\u1ea5t<\/th>\n<\/tr>\n<tr>\n<td>T\u00ean \u0111\u01a1n v\u1ecb:<\/td>\n<td width=\"228\">C\u01a1 s\u1edf S\u1ea3n Xu\u1ea5t MDV<\/td>\n<\/tr>\n<tr>\n<td>Qu\u1ed1c gia:<\/td>\n<td>Vi\u1ec7t Nam<\/td>\n<\/tr>\n<tr>\n<td>T\u1ec9nh \/th\u00e0nh :<\/td>\n<td>Qu\u1ea3ng Nam<\/td>\n<\/tr>\n<tr>\n<td>\u0110\u1ecba ch\u1ec9 li\u00ean l\u1ea1c:<\/td>\n<td>V\u0129nh \u0110\u1ea1i- Tam Hi\u1ec7p- N\u00fai Th\u00e0nh &#8211; Qu\u1ea3ng Nam<\/td>\n<\/tr>\n<tr>\n<td>\u0110i\u1ec7n tho\u1ea1i:<\/td>\n<td>0909436078<\/p>\n<p>02866769659<\/td>\n<\/tr>\n<tr>\n<td>Email:<\/td>\n<td>bs.minhthomvn@gmail.com<\/td>\n<\/tr>\n<tr>\n<td>Website:<\/td>\n<td>https:\/\/mdvchulai.com<\/td>\n<\/tr>\n<tr>\n<td>Ch\u1ee7 c\u01a1 s\u1edf<\/td>\n<td>Nguy\u1ec5n Lu\u1eadt<\/td>\n<\/tr>\n<tr>\n<th class=\"w3-blue\" colspan=\"2\">Th\u00f4ng tin nguy\u00ean li\u1ec7u<\/th>\n<\/tr>\n<tr>\n<td>T\u00ean nguy\u00ean li\u1ec7u<\/td>\n<td>M\u00e8 \u0111en 100%<\/td>\n<\/tr>\n<tr>\n<td>V\u00f9ng tr\u1ed3ng<\/td>\n<td>N\u00fai Th\u00e0nh- Qu\u1ea3ng Nam<\/td>\n<\/tr>\n<\/tbody>\n<\/table>\n<p>&nbsp;<\/p>\n<p><img decoding=\"async\" src=\"https:\/\/i.upanh.org\/2023\/05\/09\/md08615efaf2096aff.jpeg\" alt=\"md08615efaf2096aff.jpeg\" width=\"350\" height=\"auto\" border=\"0\" \/><\/p>\n<p><strong>VIDEO<\/strong><br \/>\n<iframe loading=\"lazy\" title=\"YouTube video player\" src=\"https:\/\/www.youtube.com\/embed\/H86YYlpcHjI\" width=\"360\" height=\"300\" frameborder=\"0\" allowfullscreen=\"allowfullscreen\"><\/iframe><strong>B\u1ea3n \u0111\u1ed3 v\u00f9ng s\u1ea3n xu\u1ea5t v\u00e0 nguy\u00ean li\u1ec7u<\/strong><iframe loading=\"lazy\" style=\"border: 0;\" src=\"https:\/\/www.google.com\/maps\/embed?pb=!1m18!1m12!1m3!1d2719.2582999177125!2d108.61410807244016!3d15.451480644633047!2m3!1f0!2f0!3f0!3m2!1i1024!2i768!4f13.1!3m3!1m2!1s0x0%3A0x6d9182ca84ded0d5!2zMTXCsDI3JzAzLjMiTiAxMDjCsDM2JzU1LjUiRQ!5e0!3m2!1svi!2s!4v1661652156876!5m2!1svi!2s\" width=\"350\" height=\"370\" allowfullscreen=\"allowfullscreen\"><\/iframe><br \/>\nC\u00e1c th\u00f4ng tin tr\u00ean \u0111\u01b0\u1ee3c cung c\u1ea5p b\u1edfi C\u01a1 s\u1edf s\u1ea3n xu\u1ea5t M\u00e8 \u0111en Vi\u1ec7t<\/p>\n","protected":false},"featured_media":603,"comment_status":"open","ping_status":"closed","template":"","meta":[],"_links":{"self":[{"href":"http:\/\/vphcheck.com\/index.php\/wp-json\/wp\/v2\/product\/1121"}],"collection":[{"href":"http:\/\/vphcheck.com\/index.php\/wp-json\/wp\/v2\/product"}],"about":[{"href":"http:\/\/vphcheck.com\/index.php\/wp-json\/wp\/v2\/types\/product"}],"replies":[{"embeddable":true,"href":"http:\/\/vphcheck.com\/index.php\/wp-json\/wp\/v2\/comments?post=1121"}],"wp:featuredmedia":[{"embeddable":true,"href":"http:\/\/vphcheck.com\/index.php\/wp-json\/wp\/v2\/media\/603"}],"wp:attachment":[{"href":"http:\/\/vphcheck.com\/index.php\/wp-json\/wp\/v2\/media?parent=1121"}],"curies":[{"name":"wp","href":"https:\/\/api.w.org\/{rel}","templated":true}]}}