{"id":1094,"date":"2022-10-17T13:48:27","date_gmt":"2022-10-17T13:48:27","guid":{"rendered":"http:\/\/vphcheck.com\/?post_type=product&#038;p=1094"},"modified":"2022-10-18T07:20:31","modified_gmt":"2022-10-18T07:20:31","slug":"banh-chung-vinacake","status":"publish","type":"product","link":"http:\/\/vphcheck.com\/index.php\/san-pham\/banh-chung-vinacake\/","title":{"rendered":"B\u00e1nh ch\u01b0ng Vinacake"},"content":{"rendered":"","protected":false},"excerpt":{"rendered":"<p>&nbsp;<\/p>\n<table class=\"w3-table-all\">\n<thead>\n<tr class=\"w3-blue\">\n<th colspan=\"2\">Th\u00f4ng tin s\u1ea3n ph\u1ea9m<\/th>\n<\/tr>\n<\/thead>\n<tbody>\n<tr>\n<td width=\"122\">T\u00ean s\u1ea3n ph\u1ea9m<\/td>\n<td width=\"228\">B\u00e1nh ch\u01b0ng Vinacake<\/td>\n<\/tr>\n<tr>\n<td>Th\u00e0nh ph\u1ea7n<\/td>\n<td>N\u1ebfp, th\u1ecbt heo, \u0111\u1eadu xanh, l\u00e1 chu\u1ed1i<\/td>\n<\/tr>\n<tr>\n<td>GP \u0110KKD<\/td>\n<td><\/td>\n<\/tr>\n<tr>\n<td>Ng\u00e0y s\u1ea3n xu\u1ea5t<\/td>\n<td>Xem tr\u00ean bao b\u00ec<\/td>\n<\/tr>\n<tr>\n<td>Th\u1eddi h\u1ea1n s\u1eed d\u1ee5ng<\/td>\n<td>15 ng\u00e0y k\u1ec3 t\u1eeb ng\u00e0y s\u1ea3n xu\u1ea5t<\/td>\n<\/tr>\n<tr>\n<td>Tr\u1ecdng l\u01b0\u1ee3ng<\/td>\n<td>Xem tr\u00ean bao b\u00ec<\/td>\n<\/tr>\n<tr>\n<td>H\u01b0\u1edbng d\u1eabn s\u1eed d\u1ee5ng<\/td>\n<td>\u0102n ngay ho\u1eb7c chi\u00ean<\/td>\n<\/tr>\n<tr>\n<td>B\u1ea3o qu\u1ea3n<\/td>\n<td>B\u1ea3o qu\u1ea3n ng\u0103n l\u1ea1nh<\/td>\n<\/tr>\n<tr>\n<th class=\"w3-blue\" colspan=\"2\">Th\u00f4ng tin \u0111\u01a1n v\u1ecb \/ nh\u00e0 s\u1ea3n xu\u1ea5t<\/th>\n<\/tr>\n<tr>\n<td>T\u00ean \u0111\u01a1n v\u1ecb:<\/td>\n<td width=\"228\"><strong>C\u00d4NG TY TR\u00c1CH NHI\u1ec6M H\u1eeeU H\u1ea0N TR\u00cd T\u00cdN TH\u1ecaNH<\/strong><\/td>\n<\/tr>\n<tr>\n<td>Qu\u1ed1c gia:<\/td>\n<td>Vi\u1ec7t Nam<\/td>\n<\/tr>\n<tr>\n<td>T\u1ec9nh \/th\u00e0nh :<\/td>\n<td>Qu\u1ea3ng Nam<\/td>\n<\/tr>\n<tr>\n<td>\u0110\u1ecba ch\u1ec9 li\u00ean l\u1ea1c:<\/td>\n<td>Th\u00f4n Kh\u01b0\u01a1ng M\u1ef9, x\u00e3 Tam Xu\u00e2n 1, huy\u1ec7n N\u00fai Th\u00e0nh, Qu\u1ea3ng Nam<\/td>\n<\/tr>\n<tr>\n<td>\u0110i\u1ec7n tho\u1ea1i:<\/td>\n<td>0962141646-0834707275<\/td>\n<\/tr>\n<tr>\n<td>Email:<\/td>\n<td>vinacake@gmail.com<\/td>\n<\/tr>\n<tr>\n<td>Website:<\/td>\n<td>https:\/\/vinacake.com.vn<\/td>\n<\/tr>\n<tr>\n<td>Gi\u00e1m \u0111\u1ed1c<\/td>\n<td>Nguy\u1ec5n \u0110\u1ee9c T\u00edn<\/td>\n<\/tr>\n<tr>\n<th class=\"w3-blue\" colspan=\"2\">Th\u00f4ng tin nguy\u00ean li\u1ec7u<\/th>\n<\/tr>\n<tr>\n<td>T\u00ean nguy\u00ean li\u1ec7u<\/td>\n<td>N\u1ebfp, th\u1ecbt heo, \u0111\u1eadu xanh, l\u00e1 chu\u1ed1i <\/td>\n<\/tr>\n<tr>\n<td>V\u00f9ng tr\u1ed3ng<\/td>\n<td>N\u00fai Th\u00e0nh- Qu\u1ea3ng Nam<\/td>\n<\/tr>\n<\/tbody>\n<\/table>\n<p><center><strong>TH\u01af VI\u1ec6N \u1ea2NH<\/strong><\/center><img decoding=\"async\" src=\"https:\/\/vinacake.com.vn\/wp-content\/uploads\/2022\/07\/banh-chung-thit-gac-510x383.jpg\" alt=\"5.jpg\" width=\"370\" height=\"auto\" border=\"0\" \/><br \/>\n<\/center><img decoding=\"async\" src=\"https:\/\/vinacake.com.vn\/wp-content\/uploads\/2022\/07\/banh-chung-thit-truyen-htong.jpg\" width=\"370\" height=\"auto\" border=\"0\" \/><\/p>\n<p><strong>B\u1ea3n \u0111\u1ed3 v\u00f9ng s\u1ea3n xu\u1ea5t v\u00e0 nguy\u00ean li\u1ec7u<\/strong><br \/>\nC\u00e1c th\u00f4ng tin tr\u00ean \u0111\u01b0\u1ee3c cung c\u1ea5p b\u1edfi <strong>C\u00d4NG TY TR\u00c1CH NHI\u1ec6M H\u1eeeU H\u1ea0N TR\u00cd T\u00cdN TH\u1ecaNH<\/strong><\/p>\n","protected":false},"featured_media":603,"comment_status":"open","ping_status":"closed","template":"","meta":[],"_links":{"self":[{"href":"http:\/\/vphcheck.com\/index.php\/wp-json\/wp\/v2\/product\/1094"}],"collection":[{"href":"http:\/\/vphcheck.com\/index.php\/wp-json\/wp\/v2\/product"}],"about":[{"href":"http:\/\/vphcheck.com\/index.php\/wp-json\/wp\/v2\/types\/product"}],"replies":[{"embeddable":true,"href":"http:\/\/vphcheck.com\/index.php\/wp-json\/wp\/v2\/comments?post=1094"}],"wp:featuredmedia":[{"embeddable":true,"href":"http:\/\/vphcheck.com\/index.php\/wp-json\/wp\/v2\/media\/603"}],"wp:attachment":[{"href":"http:\/\/vphcheck.com\/index.php\/wp-json\/wp\/v2\/media?parent=1094"}],"curies":[{"name":"wp","href":"https:\/\/api.w.org\/{rel}","templated":true}]}}