{"id":1081,"date":"2022-08-25T00:45:29","date_gmt":"2022-08-25T00:45:29","guid":{"rendered":"http:\/\/vphcheck.com\/?post_type=product&#038;p=1081"},"modified":"2025-04-26T01:21:38","modified_gmt":"2025-04-26T01:21:38","slug":"ho-kinh-doanh-hong-van-thit-kho-ruoc","status":"publish","type":"product","link":"http:\/\/vphcheck.com\/index.php\/san-pham\/ho-kinh-doanh-hong-van-thit-kho-ruoc\/","title":{"rendered":"H\u1ed8 KINH DOANH H\u1ed2NG V\u00c2N &#8211; TH\u1ecaT KHO RU\u1ed0C"},"content":{"rendered":"<p>&nbsp;<\/p>\n<ul>\n<li><strong>S\u1ea3n xu\u1ea5t t\u1ea1i:<\/strong> H\u1ed9 Kinh doanh D\u1ea7u g\u1ed9i b\u01b0\u1edfi H\u1ed3ng V\u00e2n<\/li>\n<li><strong>\u0110\u1ecba ch\u1ec9:<\/strong> Th\u00f4n Ph\u00fa Qu\u00fd, x\u00e3 \u0110\u1ea1i Hi\u1ec7p, huy\u1ec7n \u0110\u1ea1i L\u1ed9c, t\u1ec9nh Qu\u1ea3ng Nam.<\/li>\n<li><strong>\u0110i\u1ec7n tho\u1ea1i:<\/strong> 0779147037<\/li>\n<\/ul>\n","protected":false},"excerpt":{"rendered":"<p>&nbsp; S\u1ea3n xu\u1ea5t t\u1ea1i: H\u1ed9 Kinh doanh D\u1ea7u g\u1ed9i b\u01b0\u1edfi H\u1ed3ng V\u00e2n \u0110\u1ecba ch\u1ec9: Th\u00f4n Ph\u00fa Qu\u00fd, x\u00e3 \u0110\u1ea1i Hi\u1ec7p, huy\u1ec7n \u0110\u1ea1i L\u1ed9c, t\u1ec9nh Qu\u1ea3ng Nam. \u0110i\u1ec7n tho\u1ea1i: 0779147037<\/p>\n","protected":false},"featured_media":597,"comment_status":"open","ping_status":"closed","template":"","meta":[],"_links":{"self":[{"href":"http:\/\/vphcheck.com\/index.php\/wp-json\/wp\/v2\/product\/1081"}],"collection":[{"href":"http:\/\/vphcheck.com\/index.php\/wp-json\/wp\/v2\/product"}],"about":[{"href":"http:\/\/vphcheck.com\/index.php\/wp-json\/wp\/v2\/types\/product"}],"replies":[{"embeddable":true,"href":"http:\/\/vphcheck.com\/index.php\/wp-json\/wp\/v2\/comments?post=1081"}],"wp:featuredmedia":[{"embeddable":true,"href":"http:\/\/vphcheck.com\/index.php\/wp-json\/wp\/v2\/media\/597"}],"wp:attachment":[{"href":"http:\/\/vphcheck.com\/index.php\/wp-json\/wp\/v2\/media?parent=1081"}],"curies":[{"name":"wp","href":"https:\/\/api.w.org\/{rel}","templated":true}]}}