{"id":1056,"date":"2022-04-11T12:42:37","date_gmt":"2022-04-11T12:42:37","guid":{"rendered":"http:\/\/vphcheck.com\/?post_type=product&#038;p=1056"},"modified":"2025-04-26T01:22:02","modified_gmt":"2025-04-26T01:22:02","slug":"nuoc-cot-tac-2","status":"publish","type":"product","link":"http:\/\/vphcheck.com\/index.php\/san-pham\/nuoc-cot-tac-2\/","title":{"rendered":"SA T\u1ebe T\u00d4M &#8211; H\u1ed2NG V\u00c2N"},"content":{"rendered":"<blockquote>\n<p style=\"text-align: center;\"><span style=\"color: #ff0000;\"><strong>SA T\u1ebe T\u00d4M &#8211; H\u1ed2NG V\u00c2N<\/strong><\/span><\/p>\n<\/blockquote>\n<p><center><img loading=\"lazy\" decoding=\"async\" class=\"aligncenter \" src=\"https:\/\/img.upanh.tv\/2022\/04\/11\/6.png\" width=\"339\" height=\"338\" \/><BR><br \/>\n<img loading=\"lazy\" decoding=\"async\" class=\"aligncenter \" src=\"https:\/\/img.upanh.tv\/2022\/04\/11\/7.png\" width=\"339\" height=\"338\" \/><BR><br \/>\n<img loading=\"lazy\" decoding=\"async\" class=\"aligncenter \" src=\"https:\/\/img.upanh.tv\/2022\/04\/11\/8.png\" width=\"339\" height=\"338\" \/><\/center><BR><\/p>\n<ul>\n<li style=\"text-align: left;\">Th\u00e0nh ph\u1ea7n: T\u00f4m kh\u00f4, s\u1ea3, t\u1ecfi, n\u01b0\u1edbc m\u1eafm, mu\u1ed1i, \u0111\u01b0\u1eddng, d\u1ea7u \u0111i\u1ec1u, d\u1ea7u g\u1ea5c<\/li>\n<li style=\"text-align: left;\">H\u01b0\u1edbng d\u1eabn s\u1eed d\u1ee5ng: \u01af\u1edbp c\u00e1, th\u1ecbt n\u01b0\u1edbng, n\u1ea5u b\u00fan, n\u1ea5u m\u1ef3,&#8230;<\/li>\n<li style=\"text-align: left;\">NSX:&#8230;&#8230;&#8230;&#8230;&#8230;&#8230;&#8230;&#8230;&#8230;&#8230;&#8230;&#8230;&#8230;<\/li>\n<li style=\"text-align: left;\">HSD: 06 th\u00e1ng k\u1ec3 t\u1eeb NSX<\/li>\n<li style=\"text-align: left;\">S\u1ea3n xu\u1ea5t t\u1ea1i: H\u1ed9 Kinh doanh D\u1ea7u g\u1ed9i b\u01b0\u1edfi H\u1ed3ng V\u00e2n<\/li>\n<li style=\"text-align: left;\">\u0110\u1ecba ch\u1ec9: Th\u00f4n Ph\u00fa Qu\u00fd, x\u00e3 \u0110\u1ea1i Hi\u1ec7p, huy\u1ec7n \u0110\u1ea1i L\u1ed9c, t\u1ec9nh Qu\u1ea3ng Nam.<\/li>\n<li style=\"text-align: left;\">\u0110i\u1ec7n tho\u1ea1i: 0779147037<\/li>\n<\/ul>\n","protected":false},"excerpt":{"rendered":"<p>SA T\u1ebe T\u00d4M &#8211; H\u1ed2NG V\u00c2N Th\u00e0nh ph\u1ea7n: T\u00f4m kh\u00f4, s\u1ea3, t\u1ecfi, n\u01b0\u1edbc m\u1eafm, mu\u1ed1i, \u0111\u01b0\u1eddng, d\u1ea7u \u0111i\u1ec1u, d\u1ea7u g\u1ea5c H\u01b0\u1edbng d\u1eabn s\u1eed d\u1ee5ng: \u01af\u1edbp c\u00e1, th\u1ecbt n\u01b0\u1edbng, n\u1ea5u b\u00fan, n\u1ea5u m\u1ef3,&#8230; NSX:&#8230;&#8230;&#8230;&#8230;&#8230;&#8230;&#8230;&#8230;&#8230;&#8230;&#8230;&#8230;&#8230; HSD: 06 th\u00e1ng k\u1ec3 t\u1eeb NSX S\u1ea3n xu\u1ea5t t\u1ea1i: H\u1ed9 Kinh doanh D\u1ea7u g\u1ed9i b\u01b0\u1edfi H\u1ed3ng V\u00e2n \u0110\u1ecba ch\u1ec9: Th\u00f4n Ph\u00fa Qu\u00fd, [&hellip;]<\/p>\n","protected":false},"featured_media":820,"comment_status":"open","ping_status":"closed","template":"","meta":[],"_links":{"self":[{"href":"http:\/\/vphcheck.com\/index.php\/wp-json\/wp\/v2\/product\/1056"}],"collection":[{"href":"http:\/\/vphcheck.com\/index.php\/wp-json\/wp\/v2\/product"}],"about":[{"href":"http:\/\/vphcheck.com\/index.php\/wp-json\/wp\/v2\/types\/product"}],"replies":[{"embeddable":true,"href":"http:\/\/vphcheck.com\/index.php\/wp-json\/wp\/v2\/comments?post=1056"}],"wp:featuredmedia":[{"embeddable":true,"href":"http:\/\/vphcheck.com\/index.php\/wp-json\/wp\/v2\/media\/820"}],"wp:attachment":[{"href":"http:\/\/vphcheck.com\/index.php\/wp-json\/wp\/v2\/media?parent=1056"}],"curies":[{"name":"wp","href":"https:\/\/api.w.org\/{rel}","templated":true}]}}